{"id":1100,"date":"2026-03-05T16:18:53","date_gmt":"2026-03-05T14:18:53","guid":{"rendered":"https:\/\/nordicbroker.fi\/?page_id=1100"},"modified":"2026-03-05T22:52:31","modified_gmt":"2026-03-05T20:52:31","slug":"krisenregionen-versicherung","status":"publish","type":"page","link":"https:\/\/nordicbroker.fi\/de\/unsere-dienstleistungen\/krisenregionen-versicherung\/","title":{"rendered":"Krisenregionen-Versicherung \u2013 Unterst\u00fctzung f\u00fcr Gesch\u00e4ftsaktivit\u00e4ten &amp; Reisen in volatilen Regionen"},"content":{"rendered":"<section class=\"wpb-content-wrapper\"><p>[vc_row css_animation=&#8220;&#8220; row_type=&#8220;row&#8220; use_row_as_full_screen_section=&#8220;no&#8220; type=&#8220;full_width&#8220; angled_section=&#8220;no&#8220; text_align=&#8220;left&#8220; background_image_as_pattern=&#8220;without_pattern&#8220;][vc_column][vc_gallery interval=&#8220;3&#8243; images=&#8220;1056,1060,1064&#8243; img_size=&#8220;600&#215;240&#8243;][\/vc_column][\/vc_row][vc_row css_animation=&#8220;&#8220; row_type=&#8220;row&#8220; use_row_as_full_screen_section=&#8220;no&#8220; type=&#8220;full_width&#8220; angled_section=&#8220;no&#8220; text_align=&#8220;left&#8220; background_image_as_pattern=&#8220;without_pattern&#8220; el_class=&#8220;ukraine-page-row&#8220; z_index=&#8220;&#8220;][vc_column][vc_column_text]<\/p>\n<h6>Krisenregionen-Versicherung<\/h6>\n<h3>Unterst\u00fctzung f\u00fcr Gesch\u00e4ftsaktivit\u00e4ten &amp; Reisen in volatilen Regionen<\/h3>\n<h4>Nordic Broker \u2013 spezialisierte Beratung, wenn sich Risiken schnell ver\u00e4ndern<\/h4>\n<p>Die j\u00fcngste akute Krise im Nahen Osten hat gezeigt, wie rasch sich Rahmenbedingungen f\u00fcr Unternehmen, Reisende und Organisationen \u00e4ndern k\u00f6nnen, wenn Menschen, Verm\u00f6genswerte oder operative T\u00e4tigkeiten mit einer Region verbunden sind.<\/p>\n<p>Auch wenn jede Krise und jeder Konflikt anders ist \u2013 und sich die aktuelle Lage mit der Zeit ver\u00e4ndern wird \u2013 bleibt die zugrunde liegende Versicherungsherausforderung bestehen: Wenn eine Krise ausbricht, werden Versicherungsfragen h\u00e4ufig dringend, w\u00e4hrend die Bedingungen gleichzeitig restriktiver werden.<\/p>\n<p>In Hochrisikogebieten oder dynamischen Situationen ist Versicherung selten unkompliziert. Versicherungsbedingungen k\u00f6nnen Ausschl\u00fcsse enthalten, die sich auf Krieg, bewaffnete Konflikte, zivile Unruhen oder staatliche Reisehinweise beziehen. Zudem k\u00f6nnen Risikobereitschaft der Versicherer und verf\u00fcgbare Kapazit\u00e4ten kurzfristig schwanken; in manchen F\u00e4llen ist zus\u00e4tzlicher Schutz eingeschr\u00e4nkt oder nicht mehr verf\u00fcgbar, sobald Ereignisse bereits eingetreten sind.<\/p>\n<p>Nordic Broker unterst\u00fctzt Kunden dabei, ihre Exponierung zu verstehen, bestehende Policen zu pr\u00fcfen und \u2013 wo \u00fcber internationale Versicherungsm\u00e4rkte realistisch m\u00f6glich \u2013 passende Versicherungsl\u00f6sungen zu strukturieren.[\/vc_column_text][\/vc_column][\/vc_row][vc_row css_animation=&#8220;&#8220; row_type=&#8220;row&#8220; use_row_as_full_screen_section=&#8220;no&#8220; type=&#8220;full_width&#8220; angled_section=&#8220;no&#8220; text_align=&#8220;left&#8220; background_image_as_pattern=&#8220;without_pattern&#8220; el_class=&#8220;ukraine-page-row&#8220; z_index=&#8220;&#8220;][vc_column][vc_column_text]<\/p>\n<h4>F\u00fcr wen das relevant ist<\/h4>\n<p>Wir unterst\u00fctzen eine breite Palette an Bed\u00fcrfnissen von Unternehmen und Organisationen, zum Beispiel:<\/p>\n<ul>\n<li>Unternehmen mit Mitarbeitenden, die in Regionen mit erh\u00f6htem Risiko reisen oder dort t\u00e4tig sind<\/li>\n<li>Organisationen mit laufenden Projekten, Standorten oder vertraglichen Verpflichtungen im Ausland<\/li>\n<li>Unternehmen mit Verm\u00f6genswerten, Sendungen\/Transporten, Lieferanten oder Partnern in krisenbetroffenen Gebieten<\/li>\n<li>Betriebe, die schnell Klarheit ben\u00f6tigen, was ihre aktuelle Versicherung in instabilen Situationen abdeckt \u2013 und was nicht<\/li>\n<\/ul>\n<p>[\/vc_column_text][\/vc_column][\/vc_row][vc_row css_animation=&#8220;&#8220; row_type=&#8220;row&#8220; use_row_as_full_screen_section=&#8220;no&#8220; type=&#8220;full_width&#8220; angled_section=&#8220;no&#8220; text_align=&#8220;left&#8220; background_image_as_pattern=&#8220;without_pattern&#8220; el_class=&#8220;ukraine-page-row&#8220; z_index=&#8220;&#8220;][vc_column][vc_column_text]<\/p>\n<h4>Wie Nordic Broker helfen kann<\/h4>\n<p>Unsere Unterst\u00fctzung ist fallbezogen und praxisnah. Je nach Situation k\u00f6nnen wir unter anderem unterst\u00fctzen bei:<\/p>\n<ul>\n<li>Pr\u00fcfung des bestehenden Versicherungsschutzes\n<ul>\n<li>Kl\u00e4rung relevanter Bedingungen, Ausschl\u00fcsse und dessen, was unter den aktuellen Umst\u00e4nden realistisch ist.<\/li>\n<\/ul>\n<\/li>\n<li>Reise- und Personenversicherung: zentrale Aspekte\n<ul>\n<li>Einschlie\u00dflich medizinischer Behandlung, Notfallassistenz, Planung von Evakuierung und Repatriierung sowie m\u00f6glicher Anforderungen der Versicherer in Hochrisikodestinationen.<\/li>\n<\/ul>\n<\/li>\n<li>Exponierung aus Gesch\u00e4ftsbetrieb und projektspezifischen Aktivit\u00e4ten\n<ul>\n<li>Bewertung, wie Volatilit\u00e4t laufende Operationen, Projekte, vertragliche Verpflichtungen und Risikozuordnung beeinflussen kann.<\/li>\n<\/ul>\n<\/li>\n<li>Risiken rund um Verm\u00f6genswerte, Ausr\u00fcstung und Sachwerte\n<ul>\n<li>Falls relevant: Pr\u00fcfung, wie Verm\u00f6genswerte versichert sind, wenn Ausr\u00fcstung in Hochrisikogebieten eingesetzt oder dorthin verlagert wird \u2013 und welche Einschr\u00e4nkungen gelten k\u00f6nnen.<\/li>\n<\/ul>\n<\/li>\n<li>Kriegsrisiko und verwandte Spezialdeckungen\n<ul>\n<li>Sofern \u00fcber geeignete M\u00e4rkte strukturierbar: inklusive relevanter Erweiterungen oder ma\u00dfgeschneiderter L\u00f6sungen \u2013 abh\u00e4ngig von Risikoprofil und Timing.<\/li>\n<\/ul>\n<\/li>\n<li>Dringende F\u00e4lle, wenn Sie bereits betroffen sind\n<ul>\n<li>Wenn Mitarbeitende, Betrieb oder Reisepl\u00e4ne bereits durch eine sich entwickelnde Krise beeintr\u00e4chtigt sind, helfen wir dabei, die Versicherungslage z\u00fcgig einzusch\u00e4tzen, Restriktionen zu identifizieren und verbleibende Optionen zu pr\u00fcfen.<\/li>\n<\/ul>\n<\/li>\n<\/ul>\n<p>[\/vc_column_text][\/vc_column][\/vc_row][vc_row css_animation=&#8220;&#8220; row_type=&#8220;row&#8220; use_row_as_full_screen_section=&#8220;no&#8220; type=&#8220;full_width&#8220; angled_section=&#8220;no&#8220; text_align=&#8220;left&#8220; background_image_as_pattern=&#8220;without_pattern&#8220; el_class=&#8220;ukraine-page-row&#8220; z_index=&#8220;&#8220;][vc_column][vc_column_text]In akuten Situationen ist Realismus entscheidend: Neue Deckung als Reaktion auf Ereignisse zu arrangieren ist h\u00e4ufig schwieriger, und in manchen F\u00e4llen ist Schutz f\u00fcr das unmittelbare Ereignis selbst nicht mehr verf\u00fcgbar. Dennoch kann die Pr\u00fcfung bestehender Policen und die Kl\u00e4rung von Handlungsoptionen f\u00fcr Entscheidungen entscheidend sein.[\/vc_column_text][\/vc_column][\/vc_row][vc_row css_animation=&#8220;&#8220; row_type=&#8220;row&#8220; use_row_as_full_screen_section=&#8220;no&#8220; type=&#8220;full_width&#8220; angled_section=&#8220;no&#8220; text_align=&#8220;left&#8220; background_image_as_pattern=&#8220;without_pattern&#8220; el_class=&#8220;ukraine-page-row&#8220; z_index=&#8220;&#8220;][vc_column][vc_column_text]<\/p>\n<h4>Warum spezialisierte Unterst\u00fctzung wichtig ist<\/h4>\n<p>Versicherungsfragen in Krisenregionen beinhalten h\u00e4ufig:<\/p>\n<ul>\n<li>schnell wechselnde Bedingungen und eine sinkende Risikobereitschaft im Markt<\/li>\n<li>Ausschl\u00fcsse, die sich zwischen Versicherern und Produkten erheblich unterscheiden<\/li>\n<li>Anforderungen im Zusammenhang mit Reisehinweisen oder Empfehlungen \u00f6ffentlicher Stellen<\/li>\n<li>praktische Planungsbedarfe \u2013 insbesondere bei medizinischer Versorgung, Evakuierungslogistik und Repatriierungsszenarien<\/li>\n<\/ul>\n<p>[\/vc_column_text][\/vc_column][\/vc_row][vc_row css_animation=&#8220;&#8220; row_type=&#8220;row&#8220; use_row_as_full_screen_section=&#8220;no&#8220; type=&#8220;full_width&#8220; angled_section=&#8220;no&#8220; text_align=&#8220;left&#8220; background_image_as_pattern=&#8220;without_pattern&#8220; el_class=&#8220;ukraine-page-row&#8220; z_index=&#8220;&#8220;][vc_column][vc_column_text]Die Rolle von Nordic Broker ist es, Kunden durch diese Einschr\u00e4nkungen zu f\u00fchren, Risiken klar gegen\u00fcber Versicherern darzustellen und praktikable, belastbare Optionen zu identifizieren \u2013 ohne zu viel zu versprechen, wenn Schutz eingeschr\u00e4nkt ist.[\/vc_column_text][\/vc_column][\/vc_row][vc_row css_animation=&#8220;&#8220; row_type=&#8220;row&#8220; use_row_as_full_screen_section=&#8220;no&#8220; type=&#8220;full_width&#8220; angled_section=&#8220;no&#8220; text_align=&#8220;left&#8220; background_image_as_pattern=&#8220;without_pattern&#8220; el_class=&#8220;ukraine-page-row&#8220; z_index=&#8220;&#8220;][vc_column][vc_column_text]<\/p>\n<h4>Ein konsultativer Ansatz<\/h4>\n<p>Wir starten mit Ihrer tats\u00e4chlichen Exponierung: Wo Sie t\u00e4tig sind, wer reist, welche Verm\u00f6genswerte oder Verpflichtungen betroffen sind und welche Zeitfenster gelten. Daraus leiten wir ab, was realistisch arrangiert werden kann und welche n\u00e4chsten Schritte sinnvoll sind.<\/p>\n<p>Wenn Sie Unterst\u00fctzung im Zusammenhang mit der Lage im Nahen Osten ben\u00f6tigen \u2013 oder in einer anderen Region, in der sich Bedingungen pl\u00f6tzlich ver\u00e4ndern k\u00f6nnen \u2013 kontaktieren Sie Nordic Broker, um Ihren Fall zu besprechen.[\/vc_column_text][\/vc_column][\/vc_row][vc_row css_animation=&#8220;&#8220; row_type=&#8220;row&#8220; use_row_as_full_screen_section=&#8220;no&#8220; type=&#8220;full_width&#8220; angled_section=&#8220;no&#8220; text_align=&#8220;left&#8220; background_image_as_pattern=&#8220;without_pattern&#8220; el_class=&#8220;ukraine-page-row&#8220; z_index=&#8220;&#8220;][vc_column][vc_column_text]<\/p>\n<h4>Kontakt<\/h4>\n<p>[\/vc_column_text][vc_column_text]<\/p>\n<h4>Nordic Broker \u2013 Team f\u00fcr Krisenregionen-Versicherungen<\/h4>\n<p>[\/vc_column_text][vc_column_text]<a style=\"font-weight: 400; color: inherit; text-decoration: none;\" href=\"tel:+358406751968\">+358 40 675 1968<\/a>[\/vc_column_text][\/vc_column][\/vc_row]<\/p>\n<\/section>","protected":false},"excerpt":{"rendered":"<p>[vc_row css_animation=&#8220;&#8220; row_type=&#8220;row&#8220; use_row_as_full_screen_section=&#8220;no&#8220; type=&#8220;full_width&#8220; angled_section=&#8220;no&#8220; text_align=&#8220;left&#8220; background_image_as_pattern=&#8220;without_pattern&#8220;][vc_column][vc_gallery interval=&#8220;3&#8243; images=&#8220;1056,1060,1064&#8243; img_size=&#8220;600&#215;240&#8243;][\/vc_column][\/vc_row][vc_row css_animation=&#8220;&#8220; row_type=&#8220;row&#8220; use_row_as_full_screen_section=&#8220;no&#8220; type=&#8220;full_width&#8220; angled_section=&#8220;no&#8220; text_align=&#8220;left&#8220; background_image_as_pattern=&#8220;without_pattern&#8220; el_class=&#8220;ukraine-page-row&#8220; z_index=&#8220;&#8220;][vc_column][vc_column_text] Krisenregionen-Versicherung Unterst\u00fctzung f\u00fcr Gesch\u00e4ftsaktivit\u00e4ten &amp; Reisen in volatilen Regionen Nordic Broker \u2013 spezialisierte Beratung, wenn sich Risiken schnell ver\u00e4ndern Die j\u00fcngste akute Krise im Nahen&#8230;<\/p>\n","protected":false},"author":4,"featured_media":0,"parent":435,"menu_order":0,"comment_status":"closed","ping_status":"closed","template":"","meta":{"footnotes":""},"yoast_head":"<!-- This site is optimized with the Yoast SEO plugin v24.5 - https:\/\/yoast.com\/wordpress\/plugins\/seo\/ -->\n<title>Krisenregionen-Versicherung \u2013 Unterst\u00fctzung f\u00fcr Gesch\u00e4ftsaktivit\u00e4ten &amp; Reisen in volatilen Regionen - Nordic Broker<\/title>\n<meta name=\"robots\" content=\"index, follow, max-snippet:-1, max-image-preview:large, max-video-preview:-1\" \/>\n<link rel=\"canonical\" href=\"https:\/\/nordicbroker.fi\/de\/unsere-dienstleistungen\/krisenregionen-versicherung\/\" \/>\n<meta property=\"og:locale\" content=\"de_DE\" \/>\n<meta property=\"og:type\" content=\"article\" \/>\n<meta property=\"og:title\" content=\"Krisenregionen-Versicherung \u2013 Unterst\u00fctzung f\u00fcr Gesch\u00e4ftsaktivit\u00e4ten &amp; Reisen in volatilen Regionen - Nordic Broker\" \/>\n<meta property=\"og:description\" content=\"[vc_row css_animation=&#8220;&#8220; row_type=&#8220;row&#8220; use_row_as_full_screen_section=&#8220;no&#8220; type=&#8220;full_width&#8220; angled_section=&#8220;no&#8220; text_align=&#8220;left&#8220; background_image_as_pattern=&#8220;without_pattern&#8220;][vc_column][vc_gallery interval=&#8220;3&#8243; images=&#8220;1056,1060,1064&#8243; img_size=&#8220;600&#215;240&#8243;][\/vc_column][\/vc_row][vc_row css_animation=&#8220;&#8220; row_type=&#8220;row&#8220; use_row_as_full_screen_section=&#8220;no&#8220; type=&#8220;full_width&#8220; angled_section=&#8220;no&#8220; text_align=&#8220;left&#8220; background_image_as_pattern=&#8220;without_pattern&#8220; el_class=&#8220;ukraine-page-row&#8220; z_index=&#8220;&#8220;][vc_column][vc_column_text] Krisenregionen-Versicherung Unterst\u00fctzung f\u00fcr Gesch\u00e4ftsaktivit\u00e4ten &amp; Reisen in volatilen Regionen Nordic Broker \u2013 spezialisierte Beratung, wenn sich Risiken schnell ver\u00e4ndern Die j\u00fcngste akute Krise im Nahen...\" \/>\n<meta property=\"og:url\" content=\"https:\/\/nordicbroker.fi\/de\/unsere-dienstleistungen\/krisenregionen-versicherung\/\" \/>\n<meta property=\"og:site_name\" content=\"Nordic Broker\" \/>\n<meta property=\"article:modified_time\" content=\"2026-03-05T20:52:31+00:00\" \/>\n<meta name=\"twitter:card\" content=\"summary_large_image\" \/>\n<meta name=\"twitter:label1\" content=\"Gesch\u00e4tzte Lesezeit\" \/>\n\t<meta name=\"twitter:data1\" content=\"4\u00a0Minuten\" \/>\n<script type=\"application\/ld+json\" class=\"yoast-schema-graph\">{\"@context\":\"https:\/\/schema.org\",\"@graph\":[{\"@type\":\"WebPage\",\"@id\":\"https:\/\/nordicbroker.fi\/de\/unsere-dienstleistungen\/krisenregionen-versicherung\/\",\"url\":\"https:\/\/nordicbroker.fi\/de\/unsere-dienstleistungen\/krisenregionen-versicherung\/\",\"name\":\"Krisenregionen-Versicherung \u2013 Unterst\u00fctzung f\u00fcr Gesch\u00e4ftsaktivit\u00e4ten &amp; Reisen in volatilen Regionen - Nordic Broker\",\"isPartOf\":{\"@id\":\"https:\/\/nordicbroker.fi\/de\/#website\"},\"datePublished\":\"2026-03-05T14:18:53+00:00\",\"dateModified\":\"2026-03-05T20:52:31+00:00\",\"breadcrumb\":{\"@id\":\"https:\/\/nordicbroker.fi\/de\/unsere-dienstleistungen\/krisenregionen-versicherung\/#breadcrumb\"},\"inLanguage\":\"de\",\"potentialAction\":[{\"@type\":\"ReadAction\",\"target\":[\"https:\/\/nordicbroker.fi\/de\/unsere-dienstleistungen\/krisenregionen-versicherung\/\"]}]},{\"@type\":\"BreadcrumbList\",\"@id\":\"https:\/\/nordicbroker.fi\/de\/unsere-dienstleistungen\/krisenregionen-versicherung\/#breadcrumb\",\"itemListElement\":[{\"@type\":\"ListItem\",\"position\":1,\"name\":\"Home\",\"item\":\"https:\/\/nordicbroker.fi\/de\/\"},{\"@type\":\"ListItem\",\"position\":2,\"name\":\"Unsere Dienstleistungen\",\"item\":\"https:\/\/nordicbroker.fi\/de\/unsere-dienstleistungen\/\"},{\"@type\":\"ListItem\",\"position\":3,\"name\":\"Krisenregionen-Versicherung \u2013 Unterst\u00fctzung f\u00fcr Gesch\u00e4ftsaktivit\u00e4ten &amp; Reisen in volatilen Regionen\"}]},{\"@type\":\"WebSite\",\"@id\":\"https:\/\/nordicbroker.fi\/de\/#website\",\"url\":\"https:\/\/nordicbroker.fi\/de\/\",\"name\":\"Nordic Broker\",\"description\":\"Insuring the important\",\"potentialAction\":[{\"@type\":\"SearchAction\",\"target\":{\"@type\":\"EntryPoint\",\"urlTemplate\":\"https:\/\/nordicbroker.fi\/de\/?s={search_term_string}\"},\"query-input\":{\"@type\":\"PropertyValueSpecification\",\"valueRequired\":true,\"valueName\":\"search_term_string\"}}],\"inLanguage\":\"de\"}]}<\/script>\n<!-- \/ Yoast SEO plugin. -->","yoast_head_json":{"title":"Krisenregionen-Versicherung \u2013 Unterst\u00fctzung f\u00fcr Gesch\u00e4ftsaktivit\u00e4ten &amp; Reisen in volatilen Regionen - Nordic Broker","robots":{"index":"index","follow":"follow","max-snippet":"max-snippet:-1","max-image-preview":"max-image-preview:large","max-video-preview":"max-video-preview:-1"},"canonical":"https:\/\/nordicbroker.fi\/de\/unsere-dienstleistungen\/krisenregionen-versicherung\/","og_locale":"de_DE","og_type":"article","og_title":"Krisenregionen-Versicherung \u2013 Unterst\u00fctzung f\u00fcr Gesch\u00e4ftsaktivit\u00e4ten &amp; Reisen in volatilen Regionen - Nordic Broker","og_description":"[vc_row css_animation=&#8220;&#8220; row_type=&#8220;row&#8220; use_row_as_full_screen_section=&#8220;no&#8220; type=&#8220;full_width&#8220; angled_section=&#8220;no&#8220; text_align=&#8220;left&#8220; background_image_as_pattern=&#8220;without_pattern&#8220;][vc_column][vc_gallery interval=&#8220;3&#8243; images=&#8220;1056,1060,1064&#8243; img_size=&#8220;600&#215;240&#8243;][\/vc_column][\/vc_row][vc_row css_animation=&#8220;&#8220; row_type=&#8220;row&#8220; use_row_as_full_screen_section=&#8220;no&#8220; type=&#8220;full_width&#8220; angled_section=&#8220;no&#8220; text_align=&#8220;left&#8220; background_image_as_pattern=&#8220;without_pattern&#8220; el_class=&#8220;ukraine-page-row&#8220; z_index=&#8220;&#8220;][vc_column][vc_column_text] Krisenregionen-Versicherung Unterst\u00fctzung f\u00fcr Gesch\u00e4ftsaktivit\u00e4ten &amp; Reisen in volatilen Regionen Nordic Broker \u2013 spezialisierte Beratung, wenn sich Risiken schnell ver\u00e4ndern Die j\u00fcngste akute Krise im Nahen...","og_url":"https:\/\/nordicbroker.fi\/de\/unsere-dienstleistungen\/krisenregionen-versicherung\/","og_site_name":"Nordic Broker","article_modified_time":"2026-03-05T20:52:31+00:00","twitter_card":"summary_large_image","twitter_misc":{"Gesch\u00e4tzte Lesezeit":"4\u00a0Minuten"},"schema":{"@context":"https:\/\/schema.org","@graph":[{"@type":"WebPage","@id":"https:\/\/nordicbroker.fi\/de\/unsere-dienstleistungen\/krisenregionen-versicherung\/","url":"https:\/\/nordicbroker.fi\/de\/unsere-dienstleistungen\/krisenregionen-versicherung\/","name":"Krisenregionen-Versicherung \u2013 Unterst\u00fctzung f\u00fcr Gesch\u00e4ftsaktivit\u00e4ten &amp; Reisen in volatilen Regionen - Nordic Broker","isPartOf":{"@id":"https:\/\/nordicbroker.fi\/de\/#website"},"datePublished":"2026-03-05T14:18:53+00:00","dateModified":"2026-03-05T20:52:31+00:00","breadcrumb":{"@id":"https:\/\/nordicbroker.fi\/de\/unsere-dienstleistungen\/krisenregionen-versicherung\/#breadcrumb"},"inLanguage":"de","potentialAction":[{"@type":"ReadAction","target":["https:\/\/nordicbroker.fi\/de\/unsere-dienstleistungen\/krisenregionen-versicherung\/"]}]},{"@type":"BreadcrumbList","@id":"https:\/\/nordicbroker.fi\/de\/unsere-dienstleistungen\/krisenregionen-versicherung\/#breadcrumb","itemListElement":[{"@type":"ListItem","position":1,"name":"Home","item":"https:\/\/nordicbroker.fi\/de\/"},{"@type":"ListItem","position":2,"name":"Unsere Dienstleistungen","item":"https:\/\/nordicbroker.fi\/de\/unsere-dienstleistungen\/"},{"@type":"ListItem","position":3,"name":"Krisenregionen-Versicherung \u2013 Unterst\u00fctzung f\u00fcr Gesch\u00e4ftsaktivit\u00e4ten &amp; Reisen in volatilen Regionen"}]},{"@type":"WebSite","@id":"https:\/\/nordicbroker.fi\/de\/#website","url":"https:\/\/nordicbroker.fi\/de\/","name":"Nordic Broker","description":"Insuring the important","potentialAction":[{"@type":"SearchAction","target":{"@type":"EntryPoint","urlTemplate":"https:\/\/nordicbroker.fi\/de\/?s={search_term_string}"},"query-input":{"@type":"PropertyValueSpecification","valueRequired":true,"valueName":"search_term_string"}}],"inLanguage":"de"}]}},"jetpack_sharing_enabled":true,"_links":{"self":[{"href":"https:\/\/nordicbroker.fi\/de\/wp-json\/wp\/v2\/pages\/1100"}],"collection":[{"href":"https:\/\/nordicbroker.fi\/de\/wp-json\/wp\/v2\/pages"}],"about":[{"href":"https:\/\/nordicbroker.fi\/de\/wp-json\/wp\/v2\/types\/page"}],"author":[{"embeddable":true,"href":"https:\/\/nordicbroker.fi\/de\/wp-json\/wp\/v2\/users\/4"}],"replies":[{"embeddable":true,"href":"https:\/\/nordicbroker.fi\/de\/wp-json\/wp\/v2\/comments?post=1100"}],"version-history":[{"count":2,"href":"https:\/\/nordicbroker.fi\/de\/wp-json\/wp\/v2\/pages\/1100\/revisions"}],"predecessor-version":[{"id":1102,"href":"https:\/\/nordicbroker.fi\/de\/wp-json\/wp\/v2\/pages\/1100\/revisions\/1102"}],"up":[{"embeddable":true,"href":"https:\/\/nordicbroker.fi\/de\/wp-json\/wp\/v2\/pages\/435"}],"wp:attachment":[{"href":"https:\/\/nordicbroker.fi\/de\/wp-json\/wp\/v2\/media?parent=1100"}],"curies":[{"name":"wp","href":"https:\/\/api.w.org\/{rel}","templated":true}]}}