{"id":435,"date":"2016-07-21T13:21:46","date_gmt":"2016-07-21T10:21:46","guid":{"rendered":"https:\/\/nordicbroker.fi\/?page_id=435"},"modified":"2023-03-23T10:29:58","modified_gmt":"2023-03-23T08:29:58","slug":"unsere-dienstleistungen","status":"publish","type":"page","link":"https:\/\/nordicbroker.fi\/de\/unsere-dienstleistungen\/","title":{"rendered":"Unsere Dienstleistungen"},"content":{"rendered":"<section class=\"wpb-content-wrapper\"><p>[vc_row css_animation=&#8220;&#8220; row_type=&#8220;row&#8220; use_row_as_full_screen_section=&#8220;no&#8220; type=&#8220;grid&#8220; angled_section=&#8220;no&#8220; text_align=&#8220;left&#8220; background_image_as_pattern=&#8220;without_pattern&#8220;][vc_column][vc_gallery type=&#8220;flexslider_slide&#8220; interval=&#8220;3&#8243; images=&#8220;238,200,199&#8243; img_size=&#8220;600&#215;240&#8243; direction_nav=&#8220;yes&#8220; control_nav=&#8220;no&#8220; frame=&#8220;no&#8220;][\/vc_column][\/vc_row][vc_row css_animation=&#8220;&#8220; row_type=&#8220;row&#8220; use_row_as_full_screen_section=&#8220;no&#8220; type=&#8220;grid&#8220; angled_section=&#8220;no&#8220; text_align=&#8220;left&#8220; background_image_as_pattern=&#8220;without_pattern&#8220; css=&#8220;.vc_custom_1600081994393{padding-top: 59px !important;padding-bottom: 34px !important;}&#8220; z_index=&#8220;&#8220;][vc_column offset=&#8220;vc_col-lg-3 vc_col-md-3&#8243;]<span data-type=\"square\" data-hover-bg-color=\"#ca885d\" data-hover-icon-color=\"#ffffff\" class=\"qode_icon_shortcode fa-stack q_font_awsome_icon_square fa-lg  \" style=\"background-color: #2a2a2a;border: 0px solid #2a2a2a;font-size: 18px;font-size: 25px;border-radius: 4px; \"><span aria-hidden=\"true\" class=\"qode_icon_font_elegant icon_building qode_icon_element\" style=\"font-size: 18px;color: #ffffff;\" ><\/span><\/span>[vc_empty_space height=&#8220;21px&#8220;][vc_column_text]<\/p>\n<h3>Immobilien<\/h3>\n<p>[\/vc_column_text][vc_empty_space height=&#8220;13px&#8220;][vc_column_text]<\/p>\n<ul>\n<li>Sachsch\u00e4den (PD)<\/li>\n<li>Betriebsunterbrechungen (BI)<\/li>\n<li>Maschinenstillstand<\/li>\n<li>Allgefahren(-Deckung) in der Montageversicherung (CAR\/EAR)<\/li>\n<li>Transport und Fracht<\/li>\n<li>Seetransportversicherungen<\/li>\n<\/ul>\n<p>[\/vc_column_text][vc_empty_space height=&#8220;40px&#8220;][\/vc_column][vc_column offset=&#8220;vc_col-lg-3 vc_col-md-3&#8243;]<span data-type=\"square\" data-hover-bg-color=\"#ca885d\" data-hover-icon-color=\"#ffffff\" class=\"qode_icon_shortcode fa-stack q_font_awsome_icon_square fa-lg  \" style=\"background-color: #2a2a2a;border: 0px solid #2a2a2a;font-size: 18px;font-size: 25px;border-radius: 4px; \"><span aria-hidden=\"true\" class=\"qode_icon_font_elegant icon_briefcase qode_icon_element\" style=\"font-size: 18px;color: #ffffff;\" ><\/span><\/span>[vc_empty_space height=&#8220;21px&#8220;][vc_column_text]<\/p>\n<h3>Spezialisierung<\/h3>\n<p>[\/vc_column_text][vc_empty_space height=&#8220;13px&#8220;][vc_column_text]<\/p>\n<ul>\n<li>Gew\u00e4hrleistungsversicherung (W&amp;I)<\/li>\n<li>EPL-Versicherung<\/li>\n<li>Due-Diligence-Pr\u00fcfung von Versicherungen<\/li>\n<li>M&amp;A<\/li>\n<li>Spezialversicherung (K&amp;R)<\/li>\n<li>Captive Management<\/li>\n<li>Zahlungsschutzversicherung (PPI)<\/li>\n<li>Versteckte M\u00e4ngel<\/li>\n<li>Kreditversicherungen<\/li>\n<\/ul>\n<p>[\/vc_column_text][vc_empty_space height=&#8220;40px&#8220;][\/vc_column][vc_column offset=&#8220;vc_col-lg-3 vc_col-md-3&#8243;]<span data-type=\"square\" data-hover-bg-color=\"#ca885d\" data-hover-icon-color=\"#ffffff\" class=\"qode_icon_shortcode fa-stack q_font_awsome_icon_square fa-lg  \" style=\"background-color: #2a2a2a;border: 0px solid #2a2a2a;font-size: 18px;font-size: 25px;border-radius: 4px; \"><span aria-hidden=\"true\" class=\"qode_icon_font_elegant icon_currency qode_icon_element\" style=\"font-size: 18px;color: #ffffff;\" ><\/span><\/span>[vc_empty_space height=&#8220;21px&#8220;][vc_column_text]<\/p>\n<h3>Financial lines<\/h3>\n<p>[\/vc_column_text][vc_empty_space height=&#8220;13px&#8220;][vc_column_text]<\/p>\n<ul>\n<li>Berufshaftpflichtversicherung (PI)<\/li>\n<li>Manager-Haftpflichtversicherung (D&amp;O)<\/li>\n<li>Crime<\/li>\n<li>Cyber<\/li>\n<li>Rechte an geistigem Eigentum<\/li>\n<li>Vertragliche Haftung<\/li>\n<li>Klinische Studien<\/li>\n<\/ul>\n<p>[\/vc_column_text][vc_empty_space height=&#8220;40px&#8220;][\/vc_column][vc_column offset=&#8220;vc_col-lg-3 vc_col-md-3&#8243;]<span data-type=\"square\" data-hover-bg-color=\"#ca885d\" data-hover-icon-color=\"#ffffff\" class=\"qode_icon_shortcode fa-stack q_font_awsome_icon_square fa-lg  \" style=\"background-color: #2a2a2a;border: 0px solid #2a2a2a;font-size: 18px;font-size: 25px;border-radius: 4px; \"><span aria-hidden=\"true\" class=\"qode_icon_font_elegant icon_shield qode_icon_element\" style=\"font-size: 18px;color: #ffffff;\" ><\/span><\/span>[vc_empty_space height=&#8220;21px&#8220;][vc_column_text]<\/p>\n<h3>Betriebs- und Produkthaftung<\/h3>\n<p>[\/vc_column_text][vc_empty_space height=&#8220;13px&#8220;][vc_column_text]<\/p>\n<ul>\n<li>Produkthaftung<\/li>\n<li>Allgemeine Haftung<\/li>\n<li>Umwelthaftung<\/li>\n<li>Reiner Verm\u00f6gensschaden<\/li>\n<li>R\u00fcckruf\/Produktkontamination<\/li>\n<li>Kfz-Haftpflicht<\/li>\n<\/ul>\n<p>[\/vc_column_text][vc_empty_space height=&#8220;40px&#8220;][\/vc_column][\/vc_row][vc_row css_animation=&#8220;&#8220; row_type=&#8220;row&#8220; use_row_as_full_screen_section=&#8220;no&#8220; type=&#8220;grid&#8220; angled_section=&#8220;no&#8220; text_align=&#8220;left&#8220; background_image_as_pattern=&#8220;without_pattern&#8220; css=&#8220;.vc_custom_1600081978097{padding-bottom: 80px !important;}&#8220; z_index=&#8220;&#8220;][vc_column offset=&#8220;vc_col-lg-3 vc_col-md-3&#8243;][\/vc_column][vc_column offset=&#8220;vc_col-lg-3 vc_col-md-3&#8243;]<span data-type=\"square\" data-hover-bg-color=\"#ca885d\" data-hover-icon-color=\"#ffffff\" class=\"qode_icon_shortcode fa-stack q_font_awsome_icon_square fa-lg  \" style=\"background-color: #2a2a2a;border: 0px solid #2a2a2a;font-size: 18px;font-size: 25px;border-radius: 4px; \"><span aria-hidden=\"true\" class=\"qode_icon_font_elegant icon_heart_alt qode_icon_element\" style=\"font-size: 18px;color: #ffffff;\" ><\/span><\/span>[vc_empty_space height=&#8220;21px&#8220;][vc_column_text]<\/p>\n<h3>Renten<\/h3>\n<p>[\/vc_column_text][vc_empty_space height=&#8220;13px&#8220;][vc_column_text]<\/p>\n<ul>\n<li>Beitragszusage (DC)<\/li>\n<li>Invalidit\u00e4ts-\/Hinterbliebenenrenten<\/li>\n<li>Leistungszusage (DB)<\/li>\n<li>Pensionsfonds<\/li>\n<li>Versicherungsmathematische Berechnungen<\/li>\n<li>EB-Benchmarking<\/li>\n<\/ul>\n<p>[\/vc_column_text][vc_empty_space height=&#8220;40px&#8220;][\/vc_column][vc_column offset=&#8220;vc_col-lg-3 vc_col-md-3&#8243;]<span data-type=\"square\" data-hover-bg-color=\"#ca885d\" data-hover-icon-color=\"#ffffff\" class=\"qode_icon_shortcode fa-stack q_font_awsome_icon_square fa-lg  \" style=\"background-color: #2a2a2a;border: 0px solid #2a2a2a;font-size: 18px;font-size: 25px;border-radius: 4px; \"><span aria-hidden=\"true\" class=\"qode_icon_font_elegant icon_contacts_alt qode_icon_element\" style=\"font-size: 18px;color: #ffffff;\" ><\/span><\/span>[vc_empty_space height=&#8220;21px&#8220;][vc_column_text]<\/p>\n<h3>Mitarbeitersozialleistungen<\/h3>\n<p>[\/vc_column_text][vc_empty_space height=&#8220;13px&#8220;][vc_column_text]<\/p>\n<ul>\n<li>Arbeitnehmerentsch\u00e4digungen<\/li>\n<li>Expat-Versicherungen<\/li>\n<li>Unfallversicherungen<\/li>\n<li>Invalidit\u00e4tsversicherungen<\/li>\n<li>Gruppenlebensversicherungen<\/li>\n<li>Krankenversicherungen<\/li>\n<li>Reiseversicherungen<\/li>\n<\/ul>\n<p>[\/vc_column_text][vc_empty_space height=&#8220;40px&#8220;][\/vc_column][vc_column offset=&#8220;vc_col-lg-3 vc_col-md-3&#8243;][\/vc_column][\/vc_row][vc_row css_animation=&#8220;&#8220; row_type=&#8220;row&#8220; use_row_as_full_screen_section=&#8220;no&#8220; type=&#8220;full_width&#8220; angled_section=&#8220;no&#8220; text_align=&#8220;left&#8220; background_image_as_pattern=&#8220;without_pattern&#8220; css=&#8220;.vc_custom_1679560040386{margin-top: 0px !important;margin-right: 0px !important;margin-bottom: 0px !important;margin-left: 0px !important;padding-top: 100px !important;padding-right: 20px !important;padding-bottom: 30px !important;padding-left: 20px !important;background-color: #f4f4f4 !important;}&#8220; z_index=&#8220;&#8220;][vc_column width=&#8220;1\/4&#8243; css=&#8220;.vc_custom_1679554483100{padding-right: 0px !important;}&#8220;][vc_single_image image=&#8220;183&#8243; img_size=&#8220;medium&#8220; qode_css_animation=&#8220;&#8220;][vc_empty_space height=&#8220;20px&#8220;][vc_column_text css=&#8220;.vc_custom_1679559875813{padding-right: 30px !important;}&#8220;]Dank unseres Fachwissens k\u00f6nnen Sie sich auf das konzentrieren, was Sie am besten k\u00f6nnen. \u00dcberlassen Sie es uns, Ihren Fortschritt in Finnland und weltweit zu versichern und dabei unsere St\u00e4rken auszuspielen. Unser Schwerpunkt liegt auf finnischen und internationalen Unternehmen auf diesen beiden M\u00e4rkten.[\/vc_column_text][\/vc_column][vc_column width=&#8220;1\/4&#8243;][vc_column_text]<\/p>\n<h3>Unser Unternehmen<\/h3>\n<p>[\/vc_column_text][vc_empty_space height=&#8220;20px&#8220;][vc_column_text]<a href=\"https:\/\/nordicbroker.fi\/de\/\">Nordic Broker<\/a><\/p>\n<p><a href=\"https:\/\/nordicbroker.fi\/de\/unsere-dienstleistungen\/\">Unsere Dienstleistungen<\/a><\/p>\n<p><a href=\"https:\/\/nordicbroker.fi\/de\/unser-team\/\">Unser Team<\/a>[\/vc_column_text][\/vc_column][vc_column width=&#8220;1\/4&#8243;][vc_column_text]<\/p>\n<h3>Kontakt<\/h3>\n<p>[\/vc_column_text][vc_empty_space height=&#8220;20px&#8220;][vc_column_text]<a href=\"tel:+358406847388\">+358 40 684 73 88<\/a><br \/>\n<a href=\"mailto:info@nordicbroker.fi\">info@nordicbroker.fi<\/a><br \/>\nL\u00f6nnrotinkatu 22 B 27<br \/>\n00120 Helsinki[\/vc_column_text][\/vc_column][vc_column width=&#8220;1\/4&#8243;][vc_column_text]<\/p>\n<h3>Unser B\u00fcro<\/h3>\n<p>[\/vc_column_text][vc_empty_space height=&#8220;20px&#8220;][vc_column_text]L\u00f6nnrotinkatu 22 B 27<br \/>\n00120 Helsinki[\/vc_column_text][vc_empty_space height=&#8220;14px&#8220;][vc_gmaps link=&#8220;#E-8_JTNDaWZyYW1lJTIwc3JjJTNEJTIyaHR0cHMlM0ElMkYlMkZ3d3cuZ29vZ2xlLmNvbSUyRm1hcHMlMkZlbWJlZCUzRnBiJTNEJTIxMW0xOCUyMTFtMTIlMjExbTMlMjExZDE5ODQuOTcxNjUwMDk3NTIzMyUyMTJkMjQuOTMxNzc0NzUxOTM1OTclMjEzZDYwLjE2NDY0ODE4MTg3MDM1NSUyMTJtMyUyMTFmMCUyMTJmMCUyMTNmMCUyMTNtMiUyMTFpMTAyNCUyMTJpNzY4JTIxNGYxMy4xJTIxM20zJTIxMW0yJTIxMXMweDQ2OTIwYmNhZjJlOTI3OWIlMjUzQTB4NGYxZGU1ZGYyZjQ2N2UwMiUyMTJzTCUyNUMzJTI1QjZubnJvdGlua2F0dSUyNTIwMjIlMjUyQyUyNTIwMDAxMjAlMjUyMEhlbHNpbmtpJTIxNWUwJTIxM20yJTIxMXNlbiUyMTJzZmklMjE0djE1OTk3NDgxMTYwMDklMjE1bTIlMjExc2VuJTIxMnNmaSUyMiUyMHdpZHRoJTNEJTIyMzAwJTIyJTIwaGVpZ2h0JTNEJTIyMjAwJTIyJTIwZnJhbWVib3JkZXIlM0QlMjIwJTIyJTIwc3R5bGUlM0QlMjJib3JkZXIlM0EwJTNCJTIyJTIwYWxsb3dmdWxsc2NyZWVuJTNEJTIyJTIyJTIwYXJpYS1oaWRkZW4lM0QlMjJmYWxzZSUyMiUyMHRhYmluZGV4JTNEJTIyMCUyMiUzRSUzQyUyRmlmcmFtZSUzRQ==&#8220;][\/vc_column][\/vc_row]<\/p>\n<\/section>","protected":false},"excerpt":{"rendered":"<p>[vc_row css_animation=&#8220;&#8220; row_type=&#8220;row&#8220; use_row_as_full_screen_section=&#8220;no&#8220; type=&#8220;grid&#8220; angled_section=&#8220;no&#8220; text_align=&#8220;left&#8220; background_image_as_pattern=&#8220;without_pattern&#8220;][vc_column][vc_gallery type=&#8220;flexslider_slide&#8220; interval=&#8220;3&#8243; images=&#8220;238,200,199&#8243; img_size=&#8220;600&#215;240&#8243; direction_nav=&#8220;yes&#8220; control_nav=&#8220;no&#8220; frame=&#8220;no&#8220;][\/vc_column][\/vc_row][vc_row css_animation=&#8220;&#8220; row_type=&#8220;row&#8220; use_row_as_full_screen_section=&#8220;no&#8220; type=&#8220;grid&#8220; angled_section=&#8220;no&#8220; text_align=&#8220;left&#8220; background_image_as_pattern=&#8220;without_pattern&#8220; css=&#8220;.vc_custom_1600081994393{padding-top: 59px !important;padding-bottom: 34px !important;}&#8220; z_index=&#8220;&#8220;][vc_column offset=&#8220;vc_col-lg-3 vc_col-md-3&#8243;][vc_empty_space height=&#8220;21px&#8220;][vc_column_text] Immobilien [\/vc_column_text][vc_empty_space height=&#8220;13px&#8220;][vc_column_text] Sachsch\u00e4den (PD) Betriebsunterbrechungen (BI) Maschinenstillstand Allgefahren(-Deckung) in der Montageversicherung (CAR\/EAR) Transport&#8230;<\/p>\n","protected":false},"author":3,"featured_media":0,"parent":0,"menu_order":0,"comment_status":"closed","ping_status":"closed","template":"full_width.php","meta":{"footnotes":""},"yoast_head":"<!-- This site is optimized with the Yoast SEO plugin v24.5 - https:\/\/yoast.com\/wordpress\/plugins\/seo\/ -->\n<title>Unsere Dienstleistungen - Nordic Broker<\/title>\n<meta name=\"robots\" content=\"index, follow, max-snippet:-1, max-image-preview:large, max-video-preview:-1\" \/>\n<link rel=\"canonical\" href=\"https:\/\/nordicbroker.fi\/de\/unsere-dienstleistungen\/\" \/>\n<meta property=\"og:locale\" content=\"de_DE\" \/>\n<meta property=\"og:type\" content=\"article\" \/>\n<meta property=\"og:title\" content=\"Unsere Dienstleistungen - Nordic Broker\" \/>\n<meta property=\"og:description\" content=\"[vc_row css_animation=&#8220;&#8220; row_type=&#8220;row&#8220; use_row_as_full_screen_section=&#8220;no&#8220; type=&#8220;grid&#8220; angled_section=&#8220;no&#8220; text_align=&#8220;left&#8220; background_image_as_pattern=&#8220;without_pattern&#8220;][vc_column][vc_gallery type=&#8220;flexslider_slide&#8220; interval=&#8220;3&#8243; images=&#8220;238,200,199&#8243; img_size=&#8220;600&#215;240&#8243; direction_nav=&#8220;yes&#8220; control_nav=&#8220;no&#8220; frame=&#8220;no&#8220;][\/vc_column][\/vc_row][vc_row css_animation=&#8220;&#8220; row_type=&#8220;row&#8220; use_row_as_full_screen_section=&#8220;no&#8220; type=&#8220;grid&#8220; angled_section=&#8220;no&#8220; text_align=&#8220;left&#8220; background_image_as_pattern=&#8220;without_pattern&#8220; css=&#8220;.vc_custom_1600081994393{padding-top: 59px !important;padding-bottom: 34px !important;}&#8220; z_index=&#8220;&#8220;][vc_column offset=&#8220;vc_col-lg-3 vc_col-md-3&#8243;][vc_empty_space height=&#8220;21px&#8220;][vc_column_text] Immobilien [\/vc_column_text][vc_empty_space height=&#8220;13px&#8220;][vc_column_text] Sachsch\u00e4den (PD) Betriebsunterbrechungen (BI) Maschinenstillstand Allgefahren(-Deckung) in der Montageversicherung (CAR\/EAR) Transport...\" \/>\n<meta property=\"og:url\" content=\"https:\/\/nordicbroker.fi\/de\/unsere-dienstleistungen\/\" \/>\n<meta property=\"og:site_name\" content=\"Nordic Broker\" \/>\n<meta property=\"article:modified_time\" content=\"2023-03-23T08:29:58+00:00\" \/>\n<meta name=\"twitter:card\" content=\"summary_large_image\" \/>\n<meta name=\"twitter:label1\" content=\"Gesch\u00e4tzte Lesezeit\" \/>\n\t<meta name=\"twitter:data1\" content=\"2\u00a0Minuten\" \/>\n<script type=\"application\/ld+json\" class=\"yoast-schema-graph\">{\"@context\":\"https:\/\/schema.org\",\"@graph\":[{\"@type\":\"WebPage\",\"@id\":\"https:\/\/nordicbroker.fi\/de\/unsere-dienstleistungen\/\",\"url\":\"https:\/\/nordicbroker.fi\/de\/unsere-dienstleistungen\/\",\"name\":\"Unsere Dienstleistungen - Nordic Broker\",\"isPartOf\":{\"@id\":\"https:\/\/nordicbroker.fi\/de\/#website\"},\"datePublished\":\"2016-07-21T10:21:46+00:00\",\"dateModified\":\"2023-03-23T08:29:58+00:00\",\"breadcrumb\":{\"@id\":\"https:\/\/nordicbroker.fi\/de\/unsere-dienstleistungen\/#breadcrumb\"},\"inLanguage\":\"de\",\"potentialAction\":[{\"@type\":\"ReadAction\",\"target\":[\"https:\/\/nordicbroker.fi\/de\/unsere-dienstleistungen\/\"]}]},{\"@type\":\"BreadcrumbList\",\"@id\":\"https:\/\/nordicbroker.fi\/de\/unsere-dienstleistungen\/#breadcrumb\",\"itemListElement\":[{\"@type\":\"ListItem\",\"position\":1,\"name\":\"Home\",\"item\":\"https:\/\/nordicbroker.fi\/de\/\"},{\"@type\":\"ListItem\",\"position\":2,\"name\":\"Unsere Dienstleistungen\"}]},{\"@type\":\"WebSite\",\"@id\":\"https:\/\/nordicbroker.fi\/de\/#website\",\"url\":\"https:\/\/nordicbroker.fi\/de\/\",\"name\":\"Nordic Broker\",\"description\":\"Insuring the important\",\"potentialAction\":[{\"@type\":\"SearchAction\",\"target\":{\"@type\":\"EntryPoint\",\"urlTemplate\":\"https:\/\/nordicbroker.fi\/de\/?s={search_term_string}\"},\"query-input\":{\"@type\":\"PropertyValueSpecification\",\"valueRequired\":true,\"valueName\":\"search_term_string\"}}],\"inLanguage\":\"de\"}]}<\/script>\n<!-- \/ Yoast SEO plugin. -->","yoast_head_json":{"title":"Unsere Dienstleistungen - Nordic Broker","robots":{"index":"index","follow":"follow","max-snippet":"max-snippet:-1","max-image-preview":"max-image-preview:large","max-video-preview":"max-video-preview:-1"},"canonical":"https:\/\/nordicbroker.fi\/de\/unsere-dienstleistungen\/","og_locale":"de_DE","og_type":"article","og_title":"Unsere Dienstleistungen - Nordic Broker","og_description":"[vc_row css_animation=&#8220;&#8220; row_type=&#8220;row&#8220; use_row_as_full_screen_section=&#8220;no&#8220; type=&#8220;grid&#8220; angled_section=&#8220;no&#8220; text_align=&#8220;left&#8220; background_image_as_pattern=&#8220;without_pattern&#8220;][vc_column][vc_gallery type=&#8220;flexslider_slide&#8220; interval=&#8220;3&#8243; images=&#8220;238,200,199&#8243; img_size=&#8220;600&#215;240&#8243; direction_nav=&#8220;yes&#8220; control_nav=&#8220;no&#8220; frame=&#8220;no&#8220;][\/vc_column][\/vc_row][vc_row css_animation=&#8220;&#8220; row_type=&#8220;row&#8220; use_row_as_full_screen_section=&#8220;no&#8220; type=&#8220;grid&#8220; angled_section=&#8220;no&#8220; text_align=&#8220;left&#8220; background_image_as_pattern=&#8220;without_pattern&#8220; css=&#8220;.vc_custom_1600081994393{padding-top: 59px !important;padding-bottom: 34px !important;}&#8220; z_index=&#8220;&#8220;][vc_column offset=&#8220;vc_col-lg-3 vc_col-md-3&#8243;][vc_empty_space height=&#8220;21px&#8220;][vc_column_text] Immobilien [\/vc_column_text][vc_empty_space height=&#8220;13px&#8220;][vc_column_text] Sachsch\u00e4den (PD) Betriebsunterbrechungen (BI) Maschinenstillstand Allgefahren(-Deckung) in der Montageversicherung (CAR\/EAR) Transport...","og_url":"https:\/\/nordicbroker.fi\/de\/unsere-dienstleistungen\/","og_site_name":"Nordic Broker","article_modified_time":"2023-03-23T08:29:58+00:00","twitter_card":"summary_large_image","twitter_misc":{"Gesch\u00e4tzte Lesezeit":"2\u00a0Minuten"},"schema":{"@context":"https:\/\/schema.org","@graph":[{"@type":"WebPage","@id":"https:\/\/nordicbroker.fi\/de\/unsere-dienstleistungen\/","url":"https:\/\/nordicbroker.fi\/de\/unsere-dienstleistungen\/","name":"Unsere Dienstleistungen - Nordic Broker","isPartOf":{"@id":"https:\/\/nordicbroker.fi\/de\/#website"},"datePublished":"2016-07-21T10:21:46+00:00","dateModified":"2023-03-23T08:29:58+00:00","breadcrumb":{"@id":"https:\/\/nordicbroker.fi\/de\/unsere-dienstleistungen\/#breadcrumb"},"inLanguage":"de","potentialAction":[{"@type":"ReadAction","target":["https:\/\/nordicbroker.fi\/de\/unsere-dienstleistungen\/"]}]},{"@type":"BreadcrumbList","@id":"https:\/\/nordicbroker.fi\/de\/unsere-dienstleistungen\/#breadcrumb","itemListElement":[{"@type":"ListItem","position":1,"name":"Home","item":"https:\/\/nordicbroker.fi\/de\/"},{"@type":"ListItem","position":2,"name":"Unsere Dienstleistungen"}]},{"@type":"WebSite","@id":"https:\/\/nordicbroker.fi\/de\/#website","url":"https:\/\/nordicbroker.fi\/de\/","name":"Nordic Broker","description":"Insuring the important","potentialAction":[{"@type":"SearchAction","target":{"@type":"EntryPoint","urlTemplate":"https:\/\/nordicbroker.fi\/de\/?s={search_term_string}"},"query-input":{"@type":"PropertyValueSpecification","valueRequired":true,"valueName":"search_term_string"}}],"inLanguage":"de"}]}},"jetpack_sharing_enabled":true,"_links":{"self":[{"href":"https:\/\/nordicbroker.fi\/de\/wp-json\/wp\/v2\/pages\/435"}],"collection":[{"href":"https:\/\/nordicbroker.fi\/de\/wp-json\/wp\/v2\/pages"}],"about":[{"href":"https:\/\/nordicbroker.fi\/de\/wp-json\/wp\/v2\/types\/page"}],"author":[{"embeddable":true,"href":"https:\/\/nordicbroker.fi\/de\/wp-json\/wp\/v2\/users\/3"}],"replies":[{"embeddable":true,"href":"https:\/\/nordicbroker.fi\/de\/wp-json\/wp\/v2\/comments?post=435"}],"version-history":[{"count":5,"href":"https:\/\/nordicbroker.fi\/de\/wp-json\/wp\/v2\/pages\/435\/revisions"}],"predecessor-version":[{"id":483,"href":"https:\/\/nordicbroker.fi\/de\/wp-json\/wp\/v2\/pages\/435\/revisions\/483"}],"wp:attachment":[{"href":"https:\/\/nordicbroker.fi\/de\/wp-json\/wp\/v2\/media?parent=435"}],"curies":[{"name":"wp","href":"https:\/\/api.w.org\/{rel}","templated":true}]}}