{"id":599,"date":"2023-05-31T10:45:32","date_gmt":"2023-05-31T07:45:32","guid":{"rendered":"https:\/\/nordicbroker.fi\/?page_id=599"},"modified":"2023-05-31T11:16:26","modified_gmt":"2023-05-31T08:16:26","slug":"versicherungseinblicke","status":"publish","type":"page","link":"https:\/\/nordicbroker.fi\/de\/versicherungseinblicke\/","title":{"rendered":"Versicherungseinblicke"},"content":{"rendered":"<section class=\"wpb-content-wrapper\"><p>[vc_row css_animation=&#8220;&#8220; row_type=&#8220;row&#8220; use_row_as_full_screen_section=&#8220;no&#8220; type=&#8220;grid&#8220; angled_section=&#8220;no&#8220; text_align=&#8220;center&#8220; background_image_as_pattern=&#8220;without_pattern&#8220;][vc_column][vc_row_inner row_type=&#8220;row&#8220; type=&#8220;full_width&#8220; text_align=&#8220;left&#8220; css_animation=&#8220;&#8220; css=&#8220;.vc_custom_1469104207746{padding-bottom: 87px !important;}&#8220;][vc_column_inner]\n<div class='latest_post_holder boxes three_columns five_rows' >\n    <ul>\n    \n        <li class=\"clearfix\">\n            <div class=\"boxes_image\">\n                                <a itemprop=\"url\" href=\"https:\/\/nordicbroker.fi\/de\/sichern-sie-sich-ab-um-risiken-in-den-jahren-2023-2024-zu-mindern\/\"><img loading=\"lazy\" decoding=\"async\" width=\"539\" height=\"303\" src=\"https:\/\/nordicbroker.fi\/wp-content\/uploads\/2023\/05\/nordic-broker-1-539x303.jpg\" class=\"attachment-latest_post_boxes size-latest_post_boxes wp-post-image\" alt=\"\" \/><\/a>\n            <\/div>\n            <div class=\"latest_post\"  >\n                <div class=\"latest_post_text\">\n                    <div class=\"latest_post_inner\">\n                        <div class=\"latest_post_text_inner\">\n                            <h3 itemprop=\"name\" class=\"latest_post_title entry_title\"><a itemprop=\"url\" href=\"https:\/\/nordicbroker.fi\/de\/sichern-sie-sich-ab-um-risiken-in-den-jahren-2023-2024-zu-mindern\/\">Lassen Sie sich nicht von der Inflation \u00fcberraschen \u2013 sichern Sie sich ab, um Risiken in den Jahren 2023\u20132024 zu mindern<\/a><\/h3>\n                            <p class=\"excerpt\">Die Inflation ist sowohl f\u00fcr Versicherer als auch Versicherte ein gro\u00dfes Anliegen, da der Druck auf steigende Preise weiterhin w\u00e4chst. Die Inflation stellt eine erhebliche Gefahr f\u00fcr die Versicherungsbranche dar, da sie zu Unterversicherung f\u00fchren kann, was letztendlich den Gesamtwert der versicherten Verm\u00f6genswerte beeintr\u00e4chtigt. Angesichts des derzeit hohen Inflationsdrucks ist es entscheidend, die Werte von Geb\u00e4uden und Waren im Lager mindestens zweimal im Jahr zu \u00fcberwachen, um potenzielle Verluste zu vermeiden....<\/p>\n                            <span class=\"post_infos\">\n                                                                    <span class=\"date_hour_holder\">\n                                        <span itemprop=\"dateCreated\" class=\"date entry_date updated\">31 Mai, 2023 <meta itemprop=\"interactionCount\" content=\"UserComments: 0\"\/><\/span>\n                                    <\/span>\n                                                                                                                                                                            <span class=\"dots\"><i class=\"fa fa-square\"><\/i><\/span>\n                                                                        <a itemprop=\"url\" class=\"post_comments\" href=\"https:\/\/nordicbroker.fi\/de\/sichern-sie-sich-ab-um-risiken-in-den-jahren-2023-2024-zu-mindern\/#respond\">No comment<\/a>\n                                \n                                \n                                                            <\/span>\n                        <\/div>\n                    <\/div>\n                <\/div>\n            <\/div>\n        <\/li>\n    \n        <li class=\"clearfix\">\n            <div class=\"boxes_image\">\n                                <a itemprop=\"url\" href=\"https:\/\/nordicbroker.fi\/de\/was-passiert-wenn-sie-einen-broker-of-record-letter-unterzeichnen\/\"><img loading=\"lazy\" decoding=\"async\" width=\"539\" height=\"303\" src=\"https:\/\/nordicbroker.fi\/wp-content\/uploads\/2023\/05\/nordic-broker-3-539x303.jpg\" class=\"attachment-latest_post_boxes size-latest_post_boxes wp-post-image\" alt=\"\" \/><\/a>\n            <\/div>\n            <div class=\"latest_post\"  >\n                <div class=\"latest_post_text\">\n                    <div class=\"latest_post_inner\">\n                        <div class=\"latest_post_text_inner\">\n                            <h3 itemprop=\"name\" class=\"latest_post_title entry_title\"><a itemprop=\"url\" href=\"https:\/\/nordicbroker.fi\/de\/was-passiert-wenn-sie-einen-broker-of-record-letter-unterzeichnen\/\">Was passiert, wenn Sie einen Broker of Record Letter unterzeichnen?<\/a><\/h3>\n                            <p class=\"excerpt\">Wenn es um das Management Ihres Risikos und Versicherungsprogramms geht, ist es wichtig, mit einem echten Fachmann zusammenzuarbeiten, der die einzigartigen Bed\u00fcrfnisse Ihres Unternehmens versteht. Genau hier kommt die Unterzeichnung eines Broker of Record Letters ins Spiel....<\/p>\n                            <span class=\"post_infos\">\n                                                                    <span class=\"date_hour_holder\">\n                                        <span itemprop=\"dateCreated\" class=\"date entry_date updated\">31 Mai, 2023 <meta itemprop=\"interactionCount\" content=\"UserComments: 0\"\/><\/span>\n                                    <\/span>\n                                                                                                                                                                            <span class=\"dots\"><i class=\"fa fa-square\"><\/i><\/span>\n                                                                        <a itemprop=\"url\" class=\"post_comments\" href=\"https:\/\/nordicbroker.fi\/de\/was-passiert-wenn-sie-einen-broker-of-record-letter-unterzeichnen\/#respond\">No comment<\/a>\n                                \n                                \n                                                            <\/span>\n                        <\/div>\n                    <\/div>\n                <\/div>\n            <\/div>\n        <\/li>\n    \n        <li class=\"clearfix\">\n            <div class=\"boxes_image\">\n                                <a itemprop=\"url\" href=\"https:\/\/nordicbroker.fi\/de\/wie-viel-kosten-versicherungsmaklerdienste-in-finnland\/\"><img loading=\"lazy\" decoding=\"async\" width=\"539\" height=\"303\" src=\"https:\/\/nordicbroker.fi\/wp-content\/uploads\/2023\/05\/nordic-broker-5-539x303.jpg\" class=\"attachment-latest_post_boxes size-latest_post_boxes wp-post-image\" alt=\"\" \/><\/a>\n            <\/div>\n            <div class=\"latest_post\"  >\n                <div class=\"latest_post_text\">\n                    <div class=\"latest_post_inner\">\n                        <div class=\"latest_post_text_inner\">\n                            <h3 itemprop=\"name\" class=\"latest_post_title entry_title\"><a itemprop=\"url\" href=\"https:\/\/nordicbroker.fi\/de\/wie-viel-kosten-versicherungsmaklerdienste-in-finnland\/\">Wie viel kosten Versicherungsmaklerdienste in Finnland?<\/a><\/h3>\n                            <p class=\"excerpt\">Versicherung ist ein wesentlicher Bestandteil des Risikomanagements und bietet sowohl Privatpersonen als auch Unternehmen Schutz und Sicherheit. Die Suche nach der richtigen Versicherungspolice kann jedoch ein komplexer und zeitaufw\u00e4ndiger Prozess sein, und hier kommen Versicherungsmakler ins Spiel. In Finnland funktionieren Versicherungsmaklerdienste anders als in vielen anderen M\u00e4rkten weltweit. Werfen wir einen genaueren Blick darauf, wie viel Versicherungsmaklerdienste in Finnland kosten....<\/p>\n                            <span class=\"post_infos\">\n                                                                    <span class=\"date_hour_holder\">\n                                        <span itemprop=\"dateCreated\" class=\"date entry_date updated\">09 September, 2020 <meta itemprop=\"interactionCount\" content=\"UserComments: 0\"\/><\/span>\n                                    <\/span>\n                                                                                                                                                                            <span class=\"dots\"><i class=\"fa fa-square\"><\/i><\/span>\n                                                                        <a itemprop=\"url\" class=\"post_comments\" href=\"https:\/\/nordicbroker.fi\/de\/wie-viel-kosten-versicherungsmaklerdienste-in-finnland\/#respond\">No comment<\/a>\n                                \n                                \n                                                            <\/span>\n                        <\/div>\n                    <\/div>\n                <\/div>\n            <\/div>\n        <\/li>\n        <\/ul>\n<\/div>[\/vc_column_inner][\/vc_row_inner][\/vc_column][\/vc_row][vc_row css_animation=&#8220;&#8220; row_type=&#8220;row&#8220; use_row_as_full_screen_section=&#8220;no&#8220; type=&#8220;full_width&#8220; angled_section=&#8220;no&#8220; text_align=&#8220;left&#8220; background_image_as_pattern=&#8220;without_pattern&#8220; css=&#8220;.vc_custom_1679560040386{margin-top: 0px !important;margin-right: 0px !important;margin-bottom: 0px !important;margin-left: 0px !important;padding-top: 100px !important;padding-right: 20px !important;padding-bottom: 30px !important;padding-left: 20px !important;background-color: #f4f4f4 !important;}&#8220; z_index=&#8220;&#8220;][vc_column width=&#8220;1\/4&#8243; css=&#8220;.vc_custom_1679554483100{padding-right: 0px !important;}&#8220;][vc_single_image image=&#8220;183&#8243; img_size=&#8220;medium&#8220; qode_css_animation=&#8220;&#8220;][vc_empty_space height=&#8220;20px&#8220;][vc_column_text css=&#8220;.vc_custom_1679559875813{padding-right: 30px !important;}&#8220;]Dank unseres Fachwissens k\u00f6nnen Sie sich auf das konzentrieren, was Sie am besten k\u00f6nnen. \u00dcberlassen Sie es uns, Ihren Fortschritt in Finnland und weltweit zu versichern und dabei unsere St\u00e4rken auszuspielen. Unser Schwerpunkt liegt auf finnischen und internationalen Unternehmen auf diesen beiden M\u00e4rkten.[\/vc_column_text][\/vc_column][vc_column width=&#8220;1\/4&#8243;][vc_column_text]<\/p>\n<h3>Unser Unternehmen<\/h3>\n<p>[\/vc_column_text][vc_empty_space height=&#8220;20px&#8220;][vc_column_text]<a href=\"https:\/\/nordicbroker.fi\/de\/\">Nordic Broker<\/a><\/p>\n<p><a href=\"https:\/\/nordicbroker.fi\/de\/unsere-dienstleistungen\/\">Unsere Dienstleistungen<\/a><\/p>\n<p><a href=\"https:\/\/nordicbroker.fi\/de\/unser-team\/\">Unser Team<\/a>[\/vc_column_text][\/vc_column][vc_column width=&#8220;1\/4&#8243;][vc_column_text]<\/p>\n<h3>Kontakt<\/h3>\n<p>[\/vc_column_text][vc_empty_space height=&#8220;20px&#8220;][vc_column_text]<a href=\"tel:+358406847388\">+358 40 684 73 88<\/a><br \/>\n<a href=\"mailto:info@nordicbroker.fi\">info@nordicbroker.fi<\/a><br \/>\nL\u00f6nnrotinkatu 22 B 27<br \/>\n00120 Helsinki[\/vc_column_text][\/vc_column][vc_column width=&#8220;1\/4&#8243;][vc_column_text]<\/p>\n<h3>Unser B\u00fcro<\/h3>\n<p>[\/vc_column_text][vc_empty_space height=&#8220;20px&#8220;][vc_column_text]L\u00f6nnrotinkatu 22 B 27<br \/>\n00120 Helsinki[\/vc_column_text][vc_empty_space height=&#8220;14px&#8220;][vc_gmaps link=&#8220;#E-8_JTNDaWZyYW1lJTIwc3JjJTNEJTIyaHR0cHMlM0ElMkYlMkZ3d3cuZ29vZ2xlLmNvbSUyRm1hcHMlMkZlbWJlZCUzRnBiJTNEJTIxMW0xOCUyMTFtMTIlMjExbTMlMjExZDE5ODQuOTcxNjUwMDk3NTIzMyUyMTJkMjQuOTMxNzc0NzUxOTM1OTclMjEzZDYwLjE2NDY0ODE4MTg3MDM1NSUyMTJtMyUyMTFmMCUyMTJmMCUyMTNmMCUyMTNtMiUyMTFpMTAyNCUyMTJpNzY4JTIxNGYxMy4xJTIxM20zJTIxMW0yJTIxMXMweDQ2OTIwYmNhZjJlOTI3OWIlMjUzQTB4NGYxZGU1ZGYyZjQ2N2UwMiUyMTJzTCUyNUMzJTI1QjZubnJvdGlua2F0dSUyNTIwMjIlMjUyQyUyNTIwMDAxMjAlMjUyMEhlbHNpbmtpJTIxNWUwJTIxM20yJTIxMXNlbiUyMTJzZmklMjE0djE1OTk3NDgxMTYwMDklMjE1bTIlMjExc2VuJTIxMnNmaSUyMiUyMHdpZHRoJTNEJTIyMzAwJTIyJTIwaGVpZ2h0JTNEJTIyMjAwJTIyJTIwZnJhbWVib3JkZXIlM0QlMjIwJTIyJTIwc3R5bGUlM0QlMjJib3JkZXIlM0EwJTNCJTIyJTIwYWxsb3dmdWxsc2NyZWVuJTNEJTIyJTIyJTIwYXJpYS1oaWRkZW4lM0QlMjJmYWxzZSUyMiUyMHRhYmluZGV4JTNEJTIyMCUyMiUzRSUzQyUyRmlmcmFtZSUzRQ==&#8220;][\/vc_column][\/vc_row]<\/p>\n<\/section>","protected":false},"excerpt":{"rendered":"<p>[vc_row css_animation=&#8220;&#8220; row_type=&#8220;row&#8220; use_row_as_full_screen_section=&#8220;no&#8220; type=&#8220;grid&#8220; angled_section=&#8220;no&#8220; text_align=&#8220;center&#8220; background_image_as_pattern=&#8220;without_pattern&#8220;][vc_column][vc_row_inner row_type=&#8220;row&#8220; type=&#8220;full_width&#8220; text_align=&#8220;left&#8220; css_animation=&#8220;&#8220; css=&#8220;.vc_custom_1469104207746{padding-bottom: 87px !important;}&#8220;][vc_column_inner][\/vc_column_inner][\/vc_row_inner][\/vc_column][\/vc_row][vc_row css_animation=&#8220;&#8220; row_type=&#8220;row&#8220; use_row_as_full_screen_section=&#8220;no&#8220; type=&#8220;full_width&#8220; angled_section=&#8220;no&#8220; text_align=&#8220;left&#8220; background_image_as_pattern=&#8220;without_pattern&#8220; css=&#8220;.vc_custom_1679560040386{margin-top: 0px !important;margin-right: 0px !important;margin-bottom: 0px !important;margin-left: 0px !important;padding-top: 100px !important;padding-right: 20px !important;padding-bottom: 30px !important;padding-left: 20px !important;background-color: #f4f4f4 !important;}&#8220; z_index=&#8220;&#8220;][vc_column width=&#8220;1\/4&#8243; css=&#8220;.vc_custom_1679554483100{padding-right: 0px&#8230;<\/p>\n","protected":false},"author":3,"featured_media":0,"parent":0,"menu_order":0,"comment_status":"closed","ping_status":"closed","template":"full_width.php","meta":{"footnotes":""},"yoast_head":"<!-- This site is optimized with the Yoast SEO plugin v24.5 - https:\/\/yoast.com\/wordpress\/plugins\/seo\/ -->\n<title>Versicherungseinblicke - Nordic Broker<\/title>\n<meta name=\"robots\" content=\"index, follow, max-snippet:-1, max-image-preview:large, max-video-preview:-1\" \/>\n<link rel=\"canonical\" href=\"https:\/\/nordicbroker.fi\/de\/versicherungseinblicke\/\" \/>\n<meta property=\"og:locale\" content=\"de_DE\" \/>\n<meta property=\"og:type\" content=\"article\" \/>\n<meta property=\"og:title\" content=\"Versicherungseinblicke - Nordic Broker\" \/>\n<meta property=\"og:description\" content=\"[vc_row css_animation=&#8220;&#8220; row_type=&#8220;row&#8220; use_row_as_full_screen_section=&#8220;no&#8220; type=&#8220;grid&#8220; angled_section=&#8220;no&#8220; text_align=&#8220;center&#8220; background_image_as_pattern=&#8220;without_pattern&#8220;][vc_column][vc_row_inner row_type=&#8220;row&#8220; type=&#8220;full_width&#8220; text_align=&#8220;left&#8220; css_animation=&#8220;&#8220; css=&#8220;.vc_custom_1469104207746{padding-bottom: 87px !important;}&#8220;][vc_column_inner][\/vc_column_inner][\/vc_row_inner][\/vc_column][\/vc_row][vc_row css_animation=&#8220;&#8220; row_type=&#8220;row&#8220; use_row_as_full_screen_section=&#8220;no&#8220; type=&#8220;full_width&#8220; angled_section=&#8220;no&#8220; text_align=&#8220;left&#8220; background_image_as_pattern=&#8220;without_pattern&#8220; css=&#8220;.vc_custom_1679560040386{margin-top: 0px !important;margin-right: 0px !important;margin-bottom: 0px !important;margin-left: 0px !important;padding-top: 100px !important;padding-right: 20px !important;padding-bottom: 30px !important;padding-left: 20px !important;background-color: #f4f4f4 !important;}&#8220; z_index=&#8220;&#8220;][vc_column width=&#8220;1\/4&#8243; css=&#8220;.vc_custom_1679554483100{padding-right: 0px...\" \/>\n<meta property=\"og:url\" content=\"https:\/\/nordicbroker.fi\/de\/versicherungseinblicke\/\" \/>\n<meta property=\"og:site_name\" content=\"Nordic Broker\" \/>\n<meta property=\"article:modified_time\" content=\"2023-05-31T08:16:26+00:00\" \/>\n<meta name=\"twitter:card\" content=\"summary_large_image\" \/>\n<meta name=\"twitter:label1\" content=\"Gesch\u00e4tzte Lesezeit\" \/>\n\t<meta name=\"twitter:data1\" content=\"1\u00a0Minute\" \/>\n<script type=\"application\/ld+json\" class=\"yoast-schema-graph\">{\"@context\":\"https:\/\/schema.org\",\"@graph\":[{\"@type\":\"WebPage\",\"@id\":\"https:\/\/nordicbroker.fi\/de\/versicherungseinblicke\/\",\"url\":\"https:\/\/nordicbroker.fi\/de\/versicherungseinblicke\/\",\"name\":\"Versicherungseinblicke - Nordic Broker\",\"isPartOf\":{\"@id\":\"https:\/\/nordicbroker.fi\/de\/#website\"},\"datePublished\":\"2023-05-31T07:45:32+00:00\",\"dateModified\":\"2023-05-31T08:16:26+00:00\",\"breadcrumb\":{\"@id\":\"https:\/\/nordicbroker.fi\/de\/versicherungseinblicke\/#breadcrumb\"},\"inLanguage\":\"de\",\"potentialAction\":[{\"@type\":\"ReadAction\",\"target\":[\"https:\/\/nordicbroker.fi\/de\/versicherungseinblicke\/\"]}]},{\"@type\":\"BreadcrumbList\",\"@id\":\"https:\/\/nordicbroker.fi\/de\/versicherungseinblicke\/#breadcrumb\",\"itemListElement\":[{\"@type\":\"ListItem\",\"position\":1,\"name\":\"Home\",\"item\":\"https:\/\/nordicbroker.fi\/de\/\"},{\"@type\":\"ListItem\",\"position\":2,\"name\":\"Versicherungseinblicke\"}]},{\"@type\":\"WebSite\",\"@id\":\"https:\/\/nordicbroker.fi\/de\/#website\",\"url\":\"https:\/\/nordicbroker.fi\/de\/\",\"name\":\"Nordic Broker\",\"description\":\"Insuring the important\",\"potentialAction\":[{\"@type\":\"SearchAction\",\"target\":{\"@type\":\"EntryPoint\",\"urlTemplate\":\"https:\/\/nordicbroker.fi\/de\/?s={search_term_string}\"},\"query-input\":{\"@type\":\"PropertyValueSpecification\",\"valueRequired\":true,\"valueName\":\"search_term_string\"}}],\"inLanguage\":\"de\"}]}<\/script>\n<!-- \/ Yoast SEO plugin. -->","yoast_head_json":{"title":"Versicherungseinblicke - Nordic Broker","robots":{"index":"index","follow":"follow","max-snippet":"max-snippet:-1","max-image-preview":"max-image-preview:large","max-video-preview":"max-video-preview:-1"},"canonical":"https:\/\/nordicbroker.fi\/de\/versicherungseinblicke\/","og_locale":"de_DE","og_type":"article","og_title":"Versicherungseinblicke - Nordic Broker","og_description":"[vc_row css_animation=&#8220;&#8220; row_type=&#8220;row&#8220; use_row_as_full_screen_section=&#8220;no&#8220; type=&#8220;grid&#8220; angled_section=&#8220;no&#8220; text_align=&#8220;center&#8220; background_image_as_pattern=&#8220;without_pattern&#8220;][vc_column][vc_row_inner row_type=&#8220;row&#8220; type=&#8220;full_width&#8220; text_align=&#8220;left&#8220; css_animation=&#8220;&#8220; css=&#8220;.vc_custom_1469104207746{padding-bottom: 87px !important;}&#8220;][vc_column_inner][\/vc_column_inner][\/vc_row_inner][\/vc_column][\/vc_row][vc_row css_animation=&#8220;&#8220; row_type=&#8220;row&#8220; use_row_as_full_screen_section=&#8220;no&#8220; type=&#8220;full_width&#8220; angled_section=&#8220;no&#8220; text_align=&#8220;left&#8220; background_image_as_pattern=&#8220;without_pattern&#8220; css=&#8220;.vc_custom_1679560040386{margin-top: 0px !important;margin-right: 0px !important;margin-bottom: 0px !important;margin-left: 0px !important;padding-top: 100px !important;padding-right: 20px !important;padding-bottom: 30px !important;padding-left: 20px !important;background-color: #f4f4f4 !important;}&#8220; z_index=&#8220;&#8220;][vc_column width=&#8220;1\/4&#8243; css=&#8220;.vc_custom_1679554483100{padding-right: 0px...","og_url":"https:\/\/nordicbroker.fi\/de\/versicherungseinblicke\/","og_site_name":"Nordic Broker","article_modified_time":"2023-05-31T08:16:26+00:00","twitter_card":"summary_large_image","twitter_misc":{"Gesch\u00e4tzte Lesezeit":"1\u00a0Minute"},"schema":{"@context":"https:\/\/schema.org","@graph":[{"@type":"WebPage","@id":"https:\/\/nordicbroker.fi\/de\/versicherungseinblicke\/","url":"https:\/\/nordicbroker.fi\/de\/versicherungseinblicke\/","name":"Versicherungseinblicke - Nordic Broker","isPartOf":{"@id":"https:\/\/nordicbroker.fi\/de\/#website"},"datePublished":"2023-05-31T07:45:32+00:00","dateModified":"2023-05-31T08:16:26+00:00","breadcrumb":{"@id":"https:\/\/nordicbroker.fi\/de\/versicherungseinblicke\/#breadcrumb"},"inLanguage":"de","potentialAction":[{"@type":"ReadAction","target":["https:\/\/nordicbroker.fi\/de\/versicherungseinblicke\/"]}]},{"@type":"BreadcrumbList","@id":"https:\/\/nordicbroker.fi\/de\/versicherungseinblicke\/#breadcrumb","itemListElement":[{"@type":"ListItem","position":1,"name":"Home","item":"https:\/\/nordicbroker.fi\/de\/"},{"@type":"ListItem","position":2,"name":"Versicherungseinblicke"}]},{"@type":"WebSite","@id":"https:\/\/nordicbroker.fi\/de\/#website","url":"https:\/\/nordicbroker.fi\/de\/","name":"Nordic Broker","description":"Insuring the important","potentialAction":[{"@type":"SearchAction","target":{"@type":"EntryPoint","urlTemplate":"https:\/\/nordicbroker.fi\/de\/?s={search_term_string}"},"query-input":{"@type":"PropertyValueSpecification","valueRequired":true,"valueName":"search_term_string"}}],"inLanguage":"de"}]}},"jetpack_sharing_enabled":true,"_links":{"self":[{"href":"https:\/\/nordicbroker.fi\/de\/wp-json\/wp\/v2\/pages\/599"}],"collection":[{"href":"https:\/\/nordicbroker.fi\/de\/wp-json\/wp\/v2\/pages"}],"about":[{"href":"https:\/\/nordicbroker.fi\/de\/wp-json\/wp\/v2\/types\/page"}],"author":[{"embeddable":true,"href":"https:\/\/nordicbroker.fi\/de\/wp-json\/wp\/v2\/users\/3"}],"replies":[{"embeddable":true,"href":"https:\/\/nordicbroker.fi\/de\/wp-json\/wp\/v2\/comments?post=599"}],"version-history":[{"count":4,"href":"https:\/\/nordicbroker.fi\/de\/wp-json\/wp\/v2\/pages\/599\/revisions"}],"predecessor-version":[{"id":603,"href":"https:\/\/nordicbroker.fi\/de\/wp-json\/wp\/v2\/pages\/599\/revisions\/603"}],"wp:attachment":[{"href":"https:\/\/nordicbroker.fi\/de\/wp-json\/wp\/v2\/media?parent=599"}],"curies":[{"name":"wp","href":"https:\/\/api.w.org\/{rel}","templated":true}]}}