{"id":882,"date":"2025-12-15T16:57:26","date_gmt":"2025-12-15T14:57:26","guid":{"rendered":"https:\/\/nordicbroker.fi\/?page_id=882"},"modified":"2026-01-05T20:04:11","modified_gmt":"2026-01-05T18:04:11","slug":"ukraine-kriegsrisiko-versicherung","status":"publish","type":"page","link":"https:\/\/nordicbroker.fi\/de\/unsere-dienstleistungen\/ukraine-kriegsrisiko-versicherung\/","title":{"rendered":"Versicherungen in der Ukraine w\u00e4hrend eines aktiven Konflikts"},"content":{"rendered":"<section class=\"wpb-content-wrapper\"><p>[vc_row css_animation=&#8220;&#8220; row_type=&#8220;row&#8220; use_row_as_full_screen_section=&#8220;no&#8220; type=&#8220;grid&#8220; angled_section=&#8220;no&#8220; text_align=&#8220;left&#8220; background_image_as_pattern=&#8220;without_pattern&#8220; z_index=&#8220;&#8220;][vc_column][vc_gallery interval=&#8220;3&#8243; images=&#8220;837,834,831&#8243; img_size=&#8220;600&#215;240&#8243;][\/vc_column][\/vc_row][vc_row css_animation=&#8220;&#8220; row_type=&#8220;row&#8220; use_row_as_full_screen_section=&#8220;no&#8220; type=&#8220;grid&#8220; angled_section=&#8220;no&#8220; text_align=&#8220;left&#8220; background_image_as_pattern=&#8220;without_pattern&#8220; z_index=&#8220;&#8220; el_class=&#8220;ukraine-page-row&#8220;][vc_column][vc_column_text]<\/p>\n<h6>Krieg in der Ukraine \u2013 Versicherungsl\u00f6sungen im Konfliktgebiet<\/h6>\n<h3>Nordic Broker \u2013 ein spezialisierter Versicherungspartner f\u00fcr die Ukraine<\/h3>\n<p>Der Abschluss von Versicherungen in der Ukraine ist derzeit nicht unkompliziert, da das Versicherungsumfeld aufgrund der anhaltenden Kampfhandlungen stark eingeschr\u00e4nkt ist.<br \/>\nDie Kapazit\u00e4ten sind begrenzt, Bedingungen \u00e4ndern sich h\u00e4ufig, und jedes Risiko erfordert eine sorgf\u00e4ltige Strukturierung.<\/p>\n<p>[\/vc_column_text][\/vc_column][\/vc_row][vc_row css_animation=&#8220;&#8220; row_type=&#8220;row&#8220; use_row_as_full_screen_section=&#8220;no&#8220; type=&#8220;grid&#8220; angled_section=&#8220;no&#8220; text_align=&#8220;left&#8220; background_image_as_pattern=&#8220;without_pattern&#8220; z_index=&#8220;&#8220; el_class=&#8220;ukraine-page-row&#8220;][vc_column][vc_column_text]<\/p>\n<h4>Nordic Broker unterst\u00fctzt Kunden bei:<\/h4>\n<ul>\n<li>Kriegsrisikoversicherungen f\u00fcr Eigentum, Verm\u00f6genswerte und operative T\u00e4tigkeiten<\/li>\n<li>Unternehmensversicherungen, angepasst an die Einschr\u00e4nkungen in Konfliktgebieten<\/li>\n<li>Reise- und Personenversicherungen einschlie\u00dflich medizinischer Versorgung, Evakuierung und Sicherheitsunterst\u00fctzung<\/li>\n<\/ul>\n<p>[\/vc_column_text][\/vc_column][\/vc_row][vc_row css_animation=&#8220;&#8220; row_type=&#8220;row&#8220; use_row_as_full_screen_section=&#8220;no&#8220; type=&#8220;grid&#8220; angled_section=&#8220;no&#8220; text_align=&#8220;left&#8220; background_image_as_pattern=&#8220;without_pattern&#8220; z_index=&#8220;&#8220; el_class=&#8220;ukraine-page-row&#8220;][vc_column][vc_column_text]Dank unserer operativen Pr\u00e4senz in der Ukraine und unseres Zugangs zu internationalen Versicherungsm\u00e4rkten sind wir in der Lage, Risiken realistisch zu bewerten und sie gegen\u00fcber Versicherern glaubw\u00fcrdig darzustellen.<\/p>\n<p>Unser Ansatz ist beratend: Wir verstehen zun\u00e4chst Ihre T\u00e4tigkeit und entwickeln darauf aufbauend die bestm\u00f6gliche verf\u00fcgbare Versicherungsl\u00f6sung.[\/vc_column_text][\/vc_column][\/vc_row][vc_row css_animation=&#8220;&#8220; row_type=&#8220;row&#8220; use_row_as_full_screen_section=&#8220;no&#8220; type=&#8220;grid&#8220; angled_section=&#8220;no&#8220; text_align=&#8220;left&#8220; background_image_as_pattern=&#8220;without_pattern&#8220; el_class=&#8220;ukraine-page-row&#8220; z_index=&#8220;&#8220;][vc_column][vc_column_text]<\/p>\n<h4>Kontaktieren Sie uns, um mehr zu erfahren:<\/h4>\n<p>[\/vc_column_text][vc_column_text]<\/p>\n<h4>Nordic Broker Ukraine-Versicherungsteam<\/h4>\n<p>[\/vc_column_text][vc_column_text]<a style=\"font-weight: 400; color: inherit; text-decoration: none;\" href=\"tel:+358406751968\">+358 40 675 1968<\/a>[\/vc_column_text][vc_empty_space height=&#8220;40px&#8220;][\/vc_column][\/vc_row][vc_row css_animation=&#8220;&#8220; row_type=&#8220;row&#8220; use_row_as_full_screen_section=&#8220;no&#8220; type=&#8220;grid&#8220; angled_section=&#8220;no&#8220; text_align=&#8220;left&#8220; background_image_as_pattern=&#8220;without_pattern&#8220; z_index=&#8220;&#8220;][vc_column width=&#8220;1\/4&#8243; css=&#8220;.vc_custom_1765809838717{padding-bottom: 32px !important;}&#8220;][\/vc_column][vc_column width=&#8220;1\/4&#8243;][\/vc_column][\/vc_row]<\/p>\n<\/section>","protected":false},"excerpt":{"rendered":"<p>[vc_row css_animation=&#8220;&#8220; row_type=&#8220;row&#8220; use_row_as_full_screen_section=&#8220;no&#8220; type=&#8220;grid&#8220; angled_section=&#8220;no&#8220; text_align=&#8220;left&#8220; background_image_as_pattern=&#8220;without_pattern&#8220; z_index=&#8220;&#8220;][vc_column][vc_gallery interval=&#8220;3&#8243; images=&#8220;837,834,831&#8243; img_size=&#8220;600&#215;240&#8243;][\/vc_column][\/vc_row][vc_row css_animation=&#8220;&#8220; row_type=&#8220;row&#8220; use_row_as_full_screen_section=&#8220;no&#8220; type=&#8220;grid&#8220; angled_section=&#8220;no&#8220; text_align=&#8220;left&#8220; background_image_as_pattern=&#8220;without_pattern&#8220; z_index=&#8220;&#8220; el_class=&#8220;ukraine-page-row&#8220;][vc_column][vc_column_text] Krieg in der Ukraine \u2013 Versicherungsl\u00f6sungen im Konfliktgebiet Nordic Broker \u2013 ein spezialisierter Versicherungspartner f\u00fcr die Ukraine Der Abschluss von Versicherungen in der Ukraine&#8230;<\/p>\n","protected":false},"author":4,"featured_media":0,"parent":435,"menu_order":0,"comment_status":"closed","ping_status":"closed","template":"","meta":{"footnotes":""},"yoast_head":"<!-- This site is optimized with the Yoast SEO plugin v24.5 - https:\/\/yoast.com\/wordpress\/plugins\/seo\/ -->\n<title>Versicherungen in der Ukraine w\u00e4hrend eines aktiven Konflikts - Nordic Broker<\/title>\n<meta name=\"robots\" content=\"index, follow, max-snippet:-1, max-image-preview:large, max-video-preview:-1\" \/>\n<link rel=\"canonical\" href=\"https:\/\/nordicbroker.fi\/de\/unsere-dienstleistungen\/ukraine-kriegsrisiko-versicherung\/\" \/>\n<meta property=\"og:locale\" content=\"de_DE\" \/>\n<meta property=\"og:type\" content=\"article\" \/>\n<meta property=\"og:title\" content=\"Versicherungen in der Ukraine w\u00e4hrend eines aktiven Konflikts - Nordic Broker\" \/>\n<meta property=\"og:description\" content=\"[vc_row css_animation=&#8220;&#8220; row_type=&#8220;row&#8220; use_row_as_full_screen_section=&#8220;no&#8220; type=&#8220;grid&#8220; angled_section=&#8220;no&#8220; text_align=&#8220;left&#8220; background_image_as_pattern=&#8220;without_pattern&#8220; z_index=&#8220;&#8220;][vc_column][vc_gallery interval=&#8220;3&#8243; images=&#8220;837,834,831&#8243; img_size=&#8220;600&#215;240&#8243;][\/vc_column][\/vc_row][vc_row css_animation=&#8220;&#8220; row_type=&#8220;row&#8220; use_row_as_full_screen_section=&#8220;no&#8220; type=&#8220;grid&#8220; angled_section=&#8220;no&#8220; text_align=&#8220;left&#8220; background_image_as_pattern=&#8220;without_pattern&#8220; z_index=&#8220;&#8220; el_class=&#8220;ukraine-page-row&#8220;][vc_column][vc_column_text] Krieg in der Ukraine \u2013 Versicherungsl\u00f6sungen im Konfliktgebiet Nordic Broker \u2013 ein spezialisierter Versicherungspartner f\u00fcr die Ukraine Der Abschluss von Versicherungen in der Ukraine...\" \/>\n<meta property=\"og:url\" content=\"https:\/\/nordicbroker.fi\/de\/unsere-dienstleistungen\/ukraine-kriegsrisiko-versicherung\/\" \/>\n<meta property=\"og:site_name\" content=\"Nordic Broker\" \/>\n<meta property=\"article:modified_time\" content=\"2026-01-05T18:04:11+00:00\" \/>\n<meta name=\"twitter:card\" content=\"summary_large_image\" \/>\n<meta name=\"twitter:label1\" content=\"Gesch\u00e4tzte Lesezeit\" \/>\n\t<meta name=\"twitter:data1\" content=\"2\u00a0Minuten\" \/>\n<script type=\"application\/ld+json\" class=\"yoast-schema-graph\">{\"@context\":\"https:\/\/schema.org\",\"@graph\":[{\"@type\":\"WebPage\",\"@id\":\"https:\/\/nordicbroker.fi\/de\/unsere-dienstleistungen\/ukraine-kriegsrisiko-versicherung\/\",\"url\":\"https:\/\/nordicbroker.fi\/de\/unsere-dienstleistungen\/ukraine-kriegsrisiko-versicherung\/\",\"name\":\"Versicherungen in der Ukraine w\u00e4hrend eines aktiven Konflikts - Nordic Broker\",\"isPartOf\":{\"@id\":\"https:\/\/nordicbroker.fi\/de\/#website\"},\"datePublished\":\"2025-12-15T14:57:26+00:00\",\"dateModified\":\"2026-01-05T18:04:11+00:00\",\"breadcrumb\":{\"@id\":\"https:\/\/nordicbroker.fi\/de\/unsere-dienstleistungen\/ukraine-kriegsrisiko-versicherung\/#breadcrumb\"},\"inLanguage\":\"de\",\"potentialAction\":[{\"@type\":\"ReadAction\",\"target\":[\"https:\/\/nordicbroker.fi\/de\/unsere-dienstleistungen\/ukraine-kriegsrisiko-versicherung\/\"]}]},{\"@type\":\"BreadcrumbList\",\"@id\":\"https:\/\/nordicbroker.fi\/de\/unsere-dienstleistungen\/ukraine-kriegsrisiko-versicherung\/#breadcrumb\",\"itemListElement\":[{\"@type\":\"ListItem\",\"position\":1,\"name\":\"Home\",\"item\":\"https:\/\/nordicbroker.fi\/de\/\"},{\"@type\":\"ListItem\",\"position\":2,\"name\":\"Unsere Dienstleistungen\",\"item\":\"https:\/\/nordicbroker.fi\/de\/unsere-dienstleistungen\/\"},{\"@type\":\"ListItem\",\"position\":3,\"name\":\"Versicherungen in der Ukraine w\u00e4hrend eines aktiven Konflikts\"}]},{\"@type\":\"WebSite\",\"@id\":\"https:\/\/nordicbroker.fi\/de\/#website\",\"url\":\"https:\/\/nordicbroker.fi\/de\/\",\"name\":\"Nordic Broker\",\"description\":\"Insuring the important\",\"potentialAction\":[{\"@type\":\"SearchAction\",\"target\":{\"@type\":\"EntryPoint\",\"urlTemplate\":\"https:\/\/nordicbroker.fi\/de\/?s={search_term_string}\"},\"query-input\":{\"@type\":\"PropertyValueSpecification\",\"valueRequired\":true,\"valueName\":\"search_term_string\"}}],\"inLanguage\":\"de\"}]}<\/script>\n<!-- \/ Yoast SEO plugin. -->","yoast_head_json":{"title":"Versicherungen in der Ukraine w\u00e4hrend eines aktiven Konflikts - Nordic Broker","robots":{"index":"index","follow":"follow","max-snippet":"max-snippet:-1","max-image-preview":"max-image-preview:large","max-video-preview":"max-video-preview:-1"},"canonical":"https:\/\/nordicbroker.fi\/de\/unsere-dienstleistungen\/ukraine-kriegsrisiko-versicherung\/","og_locale":"de_DE","og_type":"article","og_title":"Versicherungen in der Ukraine w\u00e4hrend eines aktiven Konflikts - Nordic Broker","og_description":"[vc_row css_animation=&#8220;&#8220; row_type=&#8220;row&#8220; use_row_as_full_screen_section=&#8220;no&#8220; type=&#8220;grid&#8220; angled_section=&#8220;no&#8220; text_align=&#8220;left&#8220; background_image_as_pattern=&#8220;without_pattern&#8220; z_index=&#8220;&#8220;][vc_column][vc_gallery interval=&#8220;3&#8243; images=&#8220;837,834,831&#8243; img_size=&#8220;600&#215;240&#8243;][\/vc_column][\/vc_row][vc_row css_animation=&#8220;&#8220; row_type=&#8220;row&#8220; use_row_as_full_screen_section=&#8220;no&#8220; type=&#8220;grid&#8220; angled_section=&#8220;no&#8220; text_align=&#8220;left&#8220; background_image_as_pattern=&#8220;without_pattern&#8220; z_index=&#8220;&#8220; el_class=&#8220;ukraine-page-row&#8220;][vc_column][vc_column_text] Krieg in der Ukraine \u2013 Versicherungsl\u00f6sungen im Konfliktgebiet Nordic Broker \u2013 ein spezialisierter Versicherungspartner f\u00fcr die Ukraine Der Abschluss von Versicherungen in der Ukraine...","og_url":"https:\/\/nordicbroker.fi\/de\/unsere-dienstleistungen\/ukraine-kriegsrisiko-versicherung\/","og_site_name":"Nordic Broker","article_modified_time":"2026-01-05T18:04:11+00:00","twitter_card":"summary_large_image","twitter_misc":{"Gesch\u00e4tzte Lesezeit":"2\u00a0Minuten"},"schema":{"@context":"https:\/\/schema.org","@graph":[{"@type":"WebPage","@id":"https:\/\/nordicbroker.fi\/de\/unsere-dienstleistungen\/ukraine-kriegsrisiko-versicherung\/","url":"https:\/\/nordicbroker.fi\/de\/unsere-dienstleistungen\/ukraine-kriegsrisiko-versicherung\/","name":"Versicherungen in der Ukraine w\u00e4hrend eines aktiven Konflikts - Nordic Broker","isPartOf":{"@id":"https:\/\/nordicbroker.fi\/de\/#website"},"datePublished":"2025-12-15T14:57:26+00:00","dateModified":"2026-01-05T18:04:11+00:00","breadcrumb":{"@id":"https:\/\/nordicbroker.fi\/de\/unsere-dienstleistungen\/ukraine-kriegsrisiko-versicherung\/#breadcrumb"},"inLanguage":"de","potentialAction":[{"@type":"ReadAction","target":["https:\/\/nordicbroker.fi\/de\/unsere-dienstleistungen\/ukraine-kriegsrisiko-versicherung\/"]}]},{"@type":"BreadcrumbList","@id":"https:\/\/nordicbroker.fi\/de\/unsere-dienstleistungen\/ukraine-kriegsrisiko-versicherung\/#breadcrumb","itemListElement":[{"@type":"ListItem","position":1,"name":"Home","item":"https:\/\/nordicbroker.fi\/de\/"},{"@type":"ListItem","position":2,"name":"Unsere Dienstleistungen","item":"https:\/\/nordicbroker.fi\/de\/unsere-dienstleistungen\/"},{"@type":"ListItem","position":3,"name":"Versicherungen in der Ukraine w\u00e4hrend eines aktiven Konflikts"}]},{"@type":"WebSite","@id":"https:\/\/nordicbroker.fi\/de\/#website","url":"https:\/\/nordicbroker.fi\/de\/","name":"Nordic Broker","description":"Insuring the important","potentialAction":[{"@type":"SearchAction","target":{"@type":"EntryPoint","urlTemplate":"https:\/\/nordicbroker.fi\/de\/?s={search_term_string}"},"query-input":{"@type":"PropertyValueSpecification","valueRequired":true,"valueName":"search_term_string"}}],"inLanguage":"de"}]}},"jetpack_sharing_enabled":true,"_links":{"self":[{"href":"https:\/\/nordicbroker.fi\/de\/wp-json\/wp\/v2\/pages\/882"}],"collection":[{"href":"https:\/\/nordicbroker.fi\/de\/wp-json\/wp\/v2\/pages"}],"about":[{"href":"https:\/\/nordicbroker.fi\/de\/wp-json\/wp\/v2\/types\/page"}],"author":[{"embeddable":true,"href":"https:\/\/nordicbroker.fi\/de\/wp-json\/wp\/v2\/users\/4"}],"replies":[{"embeddable":true,"href":"https:\/\/nordicbroker.fi\/de\/wp-json\/wp\/v2\/comments?post=882"}],"version-history":[{"count":3,"href":"https:\/\/nordicbroker.fi\/de\/wp-json\/wp\/v2\/pages\/882\/revisions"}],"predecessor-version":[{"id":898,"href":"https:\/\/nordicbroker.fi\/de\/wp-json\/wp\/v2\/pages\/882\/revisions\/898"}],"up":[{"embeddable":true,"href":"https:\/\/nordicbroker.fi\/de\/wp-json\/wp\/v2\/pages\/435"}],"wp:attachment":[{"href":"https:\/\/nordicbroker.fi\/de\/wp-json\/wp\/v2\/media?parent=882"}],"curies":[{"name":"wp","href":"https:\/\/api.w.org\/{rel}","templated":true}]}}