{"id":1084,"date":"2026-03-05T16:18:53","date_gmt":"2026-03-05T14:18:53","guid":{"rendered":"https:\/\/nordicbroker.fi\/?page_id=1084"},"modified":"2026-03-05T22:07:46","modified_gmt":"2026-03-05T20:07:46","slug":"sota-iranissa-vakuutukset-kriisi-alueilla","status":"publish","type":"page","link":"https:\/\/nordicbroker.fi\/fi\/palvelumme\/sota-iranissa-vakuutukset-kriisi-alueilla\/","title":{"rendered":"Kriisialueiden vakuutukset \u2013 Sota Iranissa ja l\u00e4hi-it\u00e4 kriisiss\u00e4"},"content":{"rendered":"<section class=\"wpb-content-wrapper\"><p>[vc_row css_animation=&#8221;&#8221; row_type=&#8221;row&#8221; use_row_as_full_screen_section=&#8221;no&#8221; type=&#8221;full_width&#8221; angled_section=&#8221;no&#8221; text_align=&#8221;left&#8221; background_image_as_pattern=&#8221;without_pattern&#8221;][vc_column][vc_gallery interval=&#8221;3&#8243; images=&#8221;1055,1059,1063&#8243; img_size=&#8221;600&#215;240&#8243;][\/vc_column][\/vc_row][vc_row css_animation=&#8221;&#8221; row_type=&#8221;row&#8221; use_row_as_full_screen_section=&#8221;no&#8221; type=&#8221;full_width&#8221; angled_section=&#8221;no&#8221; text_align=&#8221;left&#8221; background_image_as_pattern=&#8221;without_pattern&#8221; el_class=&#8221;ukraine-page-row&#8221; z_index=&#8221;&#8221;][vc_column][vc_column_text]<\/p>\n<h6>Kriisi L\u00e4hi-id\u00e4ss\u00e4<\/h6>\n<h3>Kriisialueiden vakuutukset \u2013 tukea liiketoiminnan toimintoihin ja matkustamiseen ep\u00e4vakailla alueilla<\/h3>\n<h4>Nordic Broker \u2013 asiantuntevaa ohjausta, kun riskit muuttuvat nopeasti<\/h4>\n<p>L\u00e4hi-id\u00e4n viimeaikainen akuutti kriisi on osoittanut, kuinka nopeasti olosuhteet voivat muuttua yrityksille, matkailijoille ja organisaatioille, joilla on alueeseen kytkeytyvi\u00e4 henkil\u00f6it\u00e4, omaisuutta tai toimintaa.<\/p>\n<p>Vaikka jokainen konflikti ja kriisi on erilainen \u2014 ja nykyinen tilanne muuttuu ajan my\u00f6t\u00e4 \u2014 vakuuttamiseen liittyv\u00e4 perushaaste on jatkuva: kun kriisi puhkeaa, vakuutuskysymyksist\u00e4 tulee usein kiireellisi\u00e4 samaan aikaan, kun olosuhteet muuttuvat rajoittavammiksi.<\/p>\n<p>Korkean riskin tai nopeasti muuttuvissa ymp\u00e4rist\u00f6iss\u00e4 vakuuttaminen on harvoin yksinkertaista. Vakuutusehdoissa voi olla sotaan, aseellisiin konflikteihin, levottomuuksiin tai viranomaisten matkustussuosituksiin liittyvi\u00e4 rajoituksia tai poissulkuja. Lis\u00e4ksi vakuuttajien riskinottohalukkuus ja saatavilla oleva kapasiteetti voivat muuttua nopeasti, ja joissakin tapauksissa lis\u00e4turva voi olla rajallista tai kokonaan saatavilla vasta ennen kuin tapahtumat ovat jo k\u00e4ynnistyneet.<\/p>\n<p>Nordic Broker auttaa asiakkaita ymm\u00e4rt\u00e4m\u00e4\u00e4n riskialtistuksensa, arvioimaan nykyisen vakuutusturvansa ja rakentamaan tarkoituksenmukaisia vakuutusratkaisuja silloin, kun niit\u00e4 on mahdollista j\u00e4rjest\u00e4\u00e4 kansainv\u00e4listen vakuutusmarkkinoiden kautta.[\/vc_column_text][\/vc_column][\/vc_row][vc_row css_animation=&#8221;&#8221; row_type=&#8221;row&#8221; use_row_as_full_screen_section=&#8221;no&#8221; type=&#8221;full_width&#8221; angled_section=&#8221;no&#8221; text_align=&#8221;left&#8221; background_image_as_pattern=&#8221;without_pattern&#8221; el_class=&#8221;ukraine-page-row&#8221; z_index=&#8221;&#8221;][vc_column][vc_column_text]<\/p>\n<h4>Kenelle t\u00e4m\u00e4 on tarkoitettu<\/h4>\n<p>Tuemme laajasti yritysten ja organisaatioiden tarpeita, esimerkiksi:<\/p>\n<ul>\n<li>Yritykset, joiden henkil\u00f6st\u00f6 matkustaa tai toimii korkeamman riskin alueilla<\/li>\n<li>Organisaatiot, joilla on k\u00e4ynniss\u00e4 projekteja, toimipisteit\u00e4 tai sopimusvelvoitteita ulkomailla<\/li>\n<li>Yritykset, joilla on omaisuutta, l\u00e4hetyksi\u00e4, toimittajia tai kumppaneita kriisin koskettamilla alueilla<\/li>\n<li>Toimijat, jotka tarvitsevat nopeasti selkeyden siihen, mit\u00e4 nykyinen vakuutusturva kattaa \u2014 ja mit\u00e4 se ei kata \u2014 ep\u00e4vakaissa tilanteissa<\/li>\n<\/ul>\n<p>[\/vc_column_text][\/vc_column][\/vc_row][vc_row css_animation=&#8221;&#8221; row_type=&#8221;row&#8221; use_row_as_full_screen_section=&#8221;no&#8221; type=&#8221;full_width&#8221; angled_section=&#8221;no&#8221; text_align=&#8221;left&#8221; background_image_as_pattern=&#8221;without_pattern&#8221; el_class=&#8221;ukraine-page-row&#8221; z_index=&#8221;&#8221;][vc_column][vc_column_text]<\/p>\n<h4>Miten Nordic Broker voi auttaa<\/h4>\n<p>Tukemme on tapauskohtaista ja k\u00e4yt\u00e4nn\u00f6nl\u00e4heist\u00e4. Tilanteesta riippuen voimme auttaa esimerkiksi:<\/p>\n<ul>\n<li>Nykyisen vakuutusturvan l\u00e4pik\u00e4ynti\n<ul>\n<li>Selvenn\u00e4mme olennaiset ehdot, poissulut ja sen, mik\u00e4 voi olla realistista vallitsevissa olosuhteissa.<\/li>\n<\/ul>\n<\/li>\n<li>Matkustus- ja henkil\u00f6vakuutuksiin liittyv\u00e4t n\u00e4k\u00f6kohdat\n<ul>\n<li>Sis\u00e4lt\u00e4en sairaanhoidon, h\u00e4t\u00e4avun, evakuointi- ja kotiuttamissuunnittelun sek\u00e4 vakuuttajien mahdolliset vaatimukset korkeamman riskin kohteissa.<\/li>\n<\/ul>\n<\/li>\n<li>Liiketoiminnan ja projektien riskialtistus\n<ul>\n<li>Arvioimme, miten ep\u00e4vakaus voi vaikuttaa k\u00e4ynniss\u00e4 olevaan toimintaan, projekteihin, sopimusvelvoitteisiin ja riskienjakoon.<\/li>\n<\/ul>\n<\/li>\n<li>Omaisuus-, laite- ja varallisuusriskit\n<ul>\n<li>Tarvittaessa tarkastelemme, miten omaisuutta vakuutetaan silloin, kun sit\u00e4 k\u00e4ytet\u00e4\u00e4n tai siirret\u00e4\u00e4n korkeamman riskin alueille, ja mit\u00e4 rajoitteita voi liitty\u00e4.<\/li>\n<\/ul>\n<\/li>\n<li>Sotariskit ja muut erityisvakuutukset\n<ul>\n<li>Kun suojaa voidaan j\u00e4rjest\u00e4\u00e4 tarkoituksenmukaisten markkinoiden kautta, mukaan lukien laajennukset tai r\u00e4\u00e4t\u00e4l\u00f6idyt ratkaisut riskiprofiilin ja ajankohdan perusteella.<\/li>\n<\/ul>\n<\/li>\n<li>Kiireelliset tilanteet, joissa vaikutukset ovat jo k\u00e4ynniss\u00e4\n<ul>\n<li>Jos henkil\u00f6st\u00f6si, toimintasi tai matkasuunnitelmasi ovat jo kriisin vaikutuspiiriss\u00e4, voimme auttaa nopeasti arvioimaan vakuutustilanteen, tunnistamaan rajoitteet ja kartoittamaan mahdolliset j\u00e4ljell\u00e4 olevat vaihtoehdot.<\/li>\n<\/ul>\n<\/li>\n<\/ul>\n<p>Kiireellisiss\u00e4 tilanteissa on t\u00e4rke\u00e4\u00e4 olla realistinen: uuden vakuutusturvan j\u00e4rjest\u00e4minen reaktiivisesti tapahtumien j\u00e4lkeen on usein vaikeampaa, ja joissakin tapauksissa turvaa ei v\u00e4ltt\u00e4m\u00e4tt\u00e4 en\u00e4\u00e4 ole saatavilla itse v\u00e4litt\u00f6m\u00e4\u00e4n tapahtumaan. Siit\u00e4 huolimatta olemassa olevien vakuutusten l\u00e4pik\u00e4ynti ja toimintavaihtoehtojen selvent\u00e4minen voi olla ratkaisevan t\u00e4rke\u00e4\u00e4 p\u00e4\u00e4t\u00f6ksenteon kannalta.[\/vc_column_text][\/vc_column][\/vc_row][vc_row css_animation=&#8221;&#8221; row_type=&#8221;row&#8221; use_row_as_full_screen_section=&#8221;no&#8221; type=&#8221;full_width&#8221; angled_section=&#8221;no&#8221; text_align=&#8221;left&#8221; background_image_as_pattern=&#8221;without_pattern&#8221; el_class=&#8221;ukraine-page-row&#8221; z_index=&#8221;&#8221;][vc_column][vc_column_text]<\/p>\n<h4>Miksi asiantuntijatuki on t\u00e4rke\u00e4\u00e4<\/h4>\n<p>Kriisialueiden vakuutuskysymykset liittyv\u00e4t usein:<\/p>\n<ul>\n<li>nopeasti muuttuvaan tilanteeseen ja vakuutusmarkkinan v\u00e4hentyneeseen riskinottohaluun<\/li>\n<li>poissulkuihin, jotka voivat poiketa merkitt\u00e4v\u00e4sti vakuuttajien ja tuotteiden v\u00e4lill\u00e4<\/li>\n<li>vaatimuksiin, jotka kytkeytyv\u00e4t matkustussuosituksiin tai viranomaisten ohjeistuksiin<\/li>\n<li>k\u00e4yt\u00e4nn\u00f6n suunnittelutarpeisiin, erityisesti sairaanhoitoon, evakuointilogistiikkaan ja kotiuttamistilanteisiin<\/li>\n<\/ul>\n<p>[\/vc_column_text][\/vc_column][\/vc_row][vc_row css_animation=&#8221;&#8221; row_type=&#8221;row&#8221; use_row_as_full_screen_section=&#8221;no&#8221; type=&#8221;full_width&#8221; angled_section=&#8221;no&#8221; text_align=&#8221;left&#8221; background_image_as_pattern=&#8221;without_pattern&#8221; el_class=&#8221;ukraine-page-row&#8221; z_index=&#8221;&#8221;][vc_column][vc_column_text]Nordic Brokerin rooli on auttaa asiakkaita navigoimaan n\u00e4iss\u00e4 rajoitteissa, esitt\u00e4m\u00e4\u00e4n riskit selke\u00e4sti vakuuttajille ja tunnistamaan k\u00e4yt\u00e4nn\u00f6lliset ja uskottavat vaihtoehdot \u2014 lupaamatta liikaa tilanteissa, joissa suoja on rajallista.[\/vc_column_text][\/vc_column][\/vc_row][vc_row css_animation=&#8221;&#8221; row_type=&#8221;row&#8221; use_row_as_full_screen_section=&#8221;no&#8221; type=&#8221;full_width&#8221; angled_section=&#8221;no&#8221; text_align=&#8221;left&#8221; background_image_as_pattern=&#8221;without_pattern&#8221; el_class=&#8221;ukraine-page-row&#8221; z_index=&#8221;&#8221;][vc_column][vc_column_text]<\/p>\n<h4>Konsultatiivinen l\u00e4hestymistapa<\/h4>\n<p>[\/vc_column_text][\/vc_column][\/vc_row][vc_row css_animation=&#8221;&#8221; row_type=&#8221;row&#8221; use_row_as_full_screen_section=&#8221;no&#8221; type=&#8221;full_width&#8221; angled_section=&#8221;no&#8221; text_align=&#8221;left&#8221; background_image_as_pattern=&#8221;without_pattern&#8221; el_class=&#8221;ukraine-page-row&#8221; z_index=&#8221;&#8221;][vc_column][vc_column_text]L\u00e4hdemme liikkeelle todellisesta altistuksesta: miss\u00e4 toimit, ketk\u00e4 matkustavat, mit\u00e4 omaisuutta tai sitoumuksia on mukana ja mill\u00e4 aikataululla toimitaan. T\u00e4m\u00e4n perusteella arvioimme, mit\u00e4 voidaan realistisesti j\u00e4rjest\u00e4\u00e4 ja mitk\u00e4 seuraavat askeleet ovat j\u00e4rkevimpi\u00e4.<\/p>\n<p>Jos tarvitset tukea L\u00e4hi-id\u00e4n tilanteeseen liittyen \u2014 tai muuhun alueeseen, jossa olosuhteet voivat muuttua \u00e4killisesti \u2014 ota yhteytt\u00e4 Nordic Brokeriin ja keskustellaan tilanteestasi.[\/vc_column_text][\/vc_column][\/vc_row][vc_row css_animation=&#8221;&#8221; row_type=&#8221;row&#8221; use_row_as_full_screen_section=&#8221;no&#8221; type=&#8221;full_width&#8221; angled_section=&#8221;no&#8221; text_align=&#8221;left&#8221; background_image_as_pattern=&#8221;without_pattern&#8221; el_class=&#8221;ukraine-page-row&#8221; z_index=&#8221;&#8221;][vc_column][vc_column_text]<\/p>\n<h4>Ota yhteytt\u00e4<\/h4>\n<p>[\/vc_column_text][vc_column_text]<\/p>\n<h4>Nordic Broker \u2013 kriisialueiden vakuutustiimi<\/h4>\n<p>[\/vc_column_text][vc_column_text]<a style=\"font-weight: 400; color: inherit; text-decoration: none;\" href=\"tel:+358406751968\">+358 40 675 1968<\/a>[\/vc_column_text][vc_empty_space height=&#8221;40px&#8221;][\/vc_column][\/vc_row]<\/p>\n<\/section>","protected":false},"excerpt":{"rendered":"<p>[vc_row css_animation=&#8221;&#8221; row_type=&#8221;row&#8221; use_row_as_full_screen_section=&#8221;no&#8221; type=&#8221;full_width&#8221; angled_section=&#8221;no&#8221; text_align=&#8221;left&#8221; background_image_as_pattern=&#8221;without_pattern&#8221;][vc_column][vc_gallery interval=&#8221;3&#8243; images=&#8221;1055,1059,1063&#8243; img_size=&#8221;600&#215;240&#8243;][\/vc_column][\/vc_row][vc_row css_animation=&#8221;&#8221; row_type=&#8221;row&#8221; use_row_as_full_screen_section=&#8221;no&#8221; type=&#8221;full_width&#8221; angled_section=&#8221;no&#8221; text_align=&#8221;left&#8221; background_image_as_pattern=&#8221;without_pattern&#8221; el_class=&#8221;ukraine-page-row&#8221; z_index=&#8221;&#8221;][vc_column][vc_column_text] Kriisi L\u00e4hi-id\u00e4ss\u00e4 Kriisialueiden vakuutukset \u2013 tukea liiketoiminnan toimintoihin ja matkustamiseen ep\u00e4vakailla alueilla Nordic Broker \u2013 asiantuntevaa ohjausta, kun riskit muuttuvat nopeasti L\u00e4hi-id\u00e4n viimeaikainen akuutti kriisi&#8230;<\/p>\n","protected":false},"author":4,"featured_media":0,"parent":426,"menu_order":0,"comment_status":"closed","ping_status":"closed","template":"","meta":{"footnotes":""},"yoast_head":"<!-- This site is optimized with the Yoast SEO plugin v24.5 - https:\/\/yoast.com\/wordpress\/plugins\/seo\/ -->\n<title>Kriisialueiden vakuutukset \u2013 Sota Iranissa ja l\u00e4hi-it\u00e4 kriisiss\u00e4 - Nordic Broker<\/title>\n<meta name=\"robots\" content=\"index, follow, max-snippet:-1, max-image-preview:large, max-video-preview:-1\" \/>\n<link rel=\"canonical\" href=\"https:\/\/nordicbroker.fi\/fi\/palvelumme\/sota-iranissa-vakuutukset-kriisi-alueilla\/\" \/>\n<meta property=\"og:locale\" content=\"fi_FI\" \/>\n<meta property=\"og:type\" content=\"article\" \/>\n<meta property=\"og:title\" content=\"Kriisialueiden vakuutukset \u2013 Sota Iranissa ja l\u00e4hi-it\u00e4 kriisiss\u00e4 - Nordic Broker\" \/>\n<meta property=\"og:description\" content=\"[vc_row css_animation=&#8221;&#8221; row_type=&#8221;row&#8221; use_row_as_full_screen_section=&#8221;no&#8221; type=&#8221;full_width&#8221; angled_section=&#8221;no&#8221; text_align=&#8221;left&#8221; background_image_as_pattern=&#8221;without_pattern&#8221;][vc_column][vc_gallery interval=&#8221;3&#8243; images=&#8221;1055,1059,1063&#8243; img_size=&#8221;600&#215;240&#8243;][\/vc_column][\/vc_row][vc_row css_animation=&#8221;&#8221; row_type=&#8221;row&#8221; use_row_as_full_screen_section=&#8221;no&#8221; type=&#8221;full_width&#8221; angled_section=&#8221;no&#8221; text_align=&#8221;left&#8221; background_image_as_pattern=&#8221;without_pattern&#8221; el_class=&#8221;ukraine-page-row&#8221; z_index=&#8221;&#8221;][vc_column][vc_column_text] Kriisi L\u00e4hi-id\u00e4ss\u00e4 Kriisialueiden vakuutukset \u2013 tukea liiketoiminnan toimintoihin ja matkustamiseen ep\u00e4vakailla alueilla Nordic Broker \u2013 asiantuntevaa ohjausta, kun riskit muuttuvat nopeasti L\u00e4hi-id\u00e4n viimeaikainen akuutti kriisi...\" \/>\n<meta property=\"og:url\" content=\"https:\/\/nordicbroker.fi\/fi\/palvelumme\/sota-iranissa-vakuutukset-kriisi-alueilla\/\" \/>\n<meta property=\"og:site_name\" content=\"Nordic Broker\" \/>\n<meta property=\"article:modified_time\" content=\"2026-03-05T20:07:46+00:00\" \/>\n<meta name=\"twitter:card\" content=\"summary_large_image\" \/>\n<meta name=\"twitter:label1\" content=\"Arvioitu lukuaika\" \/>\n\t<meta name=\"twitter:data1\" content=\"4 minuuttia\" \/>\n<script type=\"application\/ld+json\" class=\"yoast-schema-graph\">{\"@context\":\"https:\/\/schema.org\",\"@graph\":[{\"@type\":\"WebPage\",\"@id\":\"https:\/\/nordicbroker.fi\/fi\/palvelumme\/sota-iranissa-vakuutukset-kriisi-alueilla\/\",\"url\":\"https:\/\/nordicbroker.fi\/fi\/palvelumme\/sota-iranissa-vakuutukset-kriisi-alueilla\/\",\"name\":\"Kriisialueiden vakuutukset \u2013 Sota Iranissa ja l\u00e4hi-it\u00e4 kriisiss\u00e4 - Nordic Broker\",\"isPartOf\":{\"@id\":\"https:\/\/nordicbroker.fi\/fi\/#website\"},\"datePublished\":\"2026-03-05T14:18:53+00:00\",\"dateModified\":\"2026-03-05T20:07:46+00:00\",\"breadcrumb\":{\"@id\":\"https:\/\/nordicbroker.fi\/fi\/palvelumme\/sota-iranissa-vakuutukset-kriisi-alueilla\/#breadcrumb\"},\"inLanguage\":\"fi\",\"potentialAction\":[{\"@type\":\"ReadAction\",\"target\":[\"https:\/\/nordicbroker.fi\/fi\/palvelumme\/sota-iranissa-vakuutukset-kriisi-alueilla\/\"]}]},{\"@type\":\"BreadcrumbList\",\"@id\":\"https:\/\/nordicbroker.fi\/fi\/palvelumme\/sota-iranissa-vakuutukset-kriisi-alueilla\/#breadcrumb\",\"itemListElement\":[{\"@type\":\"ListItem\",\"position\":1,\"name\":\"Home\",\"item\":\"https:\/\/nordicbroker.fi\/fi\/\"},{\"@type\":\"ListItem\",\"position\":2,\"name\":\"Palvelumme\",\"item\":\"https:\/\/nordicbroker.fi\/fi\/palvelumme\/\"},{\"@type\":\"ListItem\",\"position\":3,\"name\":\"Kriisialueiden vakuutukset \u2013 Sota Iranissa ja l\u00e4hi-it\u00e4 kriisiss\u00e4\"}]},{\"@type\":\"WebSite\",\"@id\":\"https:\/\/nordicbroker.fi\/fi\/#website\",\"url\":\"https:\/\/nordicbroker.fi\/fi\/\",\"name\":\"Nordic Broker\",\"description\":\"Insuring the important\",\"potentialAction\":[{\"@type\":\"SearchAction\",\"target\":{\"@type\":\"EntryPoint\",\"urlTemplate\":\"https:\/\/nordicbroker.fi\/fi\/?s={search_term_string}\"},\"query-input\":{\"@type\":\"PropertyValueSpecification\",\"valueRequired\":true,\"valueName\":\"search_term_string\"}}],\"inLanguage\":\"fi\"}]}<\/script>\n<!-- \/ Yoast SEO plugin. -->","yoast_head_json":{"title":"Kriisialueiden vakuutukset \u2013 Sota Iranissa ja l\u00e4hi-it\u00e4 kriisiss\u00e4 - Nordic Broker","robots":{"index":"index","follow":"follow","max-snippet":"max-snippet:-1","max-image-preview":"max-image-preview:large","max-video-preview":"max-video-preview:-1"},"canonical":"https:\/\/nordicbroker.fi\/fi\/palvelumme\/sota-iranissa-vakuutukset-kriisi-alueilla\/","og_locale":"fi_FI","og_type":"article","og_title":"Kriisialueiden vakuutukset \u2013 Sota Iranissa ja l\u00e4hi-it\u00e4 kriisiss\u00e4 - Nordic Broker","og_description":"[vc_row css_animation=&#8221;&#8221; row_type=&#8221;row&#8221; use_row_as_full_screen_section=&#8221;no&#8221; type=&#8221;full_width&#8221; angled_section=&#8221;no&#8221; text_align=&#8221;left&#8221; background_image_as_pattern=&#8221;without_pattern&#8221;][vc_column][vc_gallery interval=&#8221;3&#8243; images=&#8221;1055,1059,1063&#8243; img_size=&#8221;600&#215;240&#8243;][\/vc_column][\/vc_row][vc_row css_animation=&#8221;&#8221; row_type=&#8221;row&#8221; use_row_as_full_screen_section=&#8221;no&#8221; type=&#8221;full_width&#8221; angled_section=&#8221;no&#8221; text_align=&#8221;left&#8221; background_image_as_pattern=&#8221;without_pattern&#8221; el_class=&#8221;ukraine-page-row&#8221; z_index=&#8221;&#8221;][vc_column][vc_column_text] Kriisi L\u00e4hi-id\u00e4ss\u00e4 Kriisialueiden vakuutukset \u2013 tukea liiketoiminnan toimintoihin ja matkustamiseen ep\u00e4vakailla alueilla Nordic Broker \u2013 asiantuntevaa ohjausta, kun riskit muuttuvat nopeasti L\u00e4hi-id\u00e4n viimeaikainen akuutti kriisi...","og_url":"https:\/\/nordicbroker.fi\/fi\/palvelumme\/sota-iranissa-vakuutukset-kriisi-alueilla\/","og_site_name":"Nordic Broker","article_modified_time":"2026-03-05T20:07:46+00:00","twitter_card":"summary_large_image","twitter_misc":{"Arvioitu lukuaika":"4 minuuttia"},"schema":{"@context":"https:\/\/schema.org","@graph":[{"@type":"WebPage","@id":"https:\/\/nordicbroker.fi\/fi\/palvelumme\/sota-iranissa-vakuutukset-kriisi-alueilla\/","url":"https:\/\/nordicbroker.fi\/fi\/palvelumme\/sota-iranissa-vakuutukset-kriisi-alueilla\/","name":"Kriisialueiden vakuutukset \u2013 Sota Iranissa ja l\u00e4hi-it\u00e4 kriisiss\u00e4 - Nordic Broker","isPartOf":{"@id":"https:\/\/nordicbroker.fi\/fi\/#website"},"datePublished":"2026-03-05T14:18:53+00:00","dateModified":"2026-03-05T20:07:46+00:00","breadcrumb":{"@id":"https:\/\/nordicbroker.fi\/fi\/palvelumme\/sota-iranissa-vakuutukset-kriisi-alueilla\/#breadcrumb"},"inLanguage":"fi","potentialAction":[{"@type":"ReadAction","target":["https:\/\/nordicbroker.fi\/fi\/palvelumme\/sota-iranissa-vakuutukset-kriisi-alueilla\/"]}]},{"@type":"BreadcrumbList","@id":"https:\/\/nordicbroker.fi\/fi\/palvelumme\/sota-iranissa-vakuutukset-kriisi-alueilla\/#breadcrumb","itemListElement":[{"@type":"ListItem","position":1,"name":"Home","item":"https:\/\/nordicbroker.fi\/fi\/"},{"@type":"ListItem","position":2,"name":"Palvelumme","item":"https:\/\/nordicbroker.fi\/fi\/palvelumme\/"},{"@type":"ListItem","position":3,"name":"Kriisialueiden vakuutukset \u2013 Sota Iranissa ja l\u00e4hi-it\u00e4 kriisiss\u00e4"}]},{"@type":"WebSite","@id":"https:\/\/nordicbroker.fi\/fi\/#website","url":"https:\/\/nordicbroker.fi\/fi\/","name":"Nordic Broker","description":"Insuring the important","potentialAction":[{"@type":"SearchAction","target":{"@type":"EntryPoint","urlTemplate":"https:\/\/nordicbroker.fi\/fi\/?s={search_term_string}"},"query-input":{"@type":"PropertyValueSpecification","valueRequired":true,"valueName":"search_term_string"}}],"inLanguage":"fi"}]}},"jetpack_sharing_enabled":true,"_links":{"self":[{"href":"https:\/\/nordicbroker.fi\/fi\/wp-json\/wp\/v2\/pages\/1084"}],"collection":[{"href":"https:\/\/nordicbroker.fi\/fi\/wp-json\/wp\/v2\/pages"}],"about":[{"href":"https:\/\/nordicbroker.fi\/fi\/wp-json\/wp\/v2\/types\/page"}],"author":[{"embeddable":true,"href":"https:\/\/nordicbroker.fi\/fi\/wp-json\/wp\/v2\/users\/4"}],"replies":[{"embeddable":true,"href":"https:\/\/nordicbroker.fi\/fi\/wp-json\/wp\/v2\/comments?post=1084"}],"version-history":[{"count":4,"href":"https:\/\/nordicbroker.fi\/fi\/wp-json\/wp\/v2\/pages\/1084\/revisions"}],"predecessor-version":[{"id":1088,"href":"https:\/\/nordicbroker.fi\/fi\/wp-json\/wp\/v2\/pages\/1084\/revisions\/1088"}],"up":[{"embeddable":true,"href":"https:\/\/nordicbroker.fi\/fi\/wp-json\/wp\/v2\/pages\/426"}],"wp:attachment":[{"href":"https:\/\/nordicbroker.fi\/fi\/wp-json\/wp\/v2\/media?parent=1084"}],"curies":[{"name":"wp","href":"https:\/\/api.w.org\/{rel}","templated":true}]}}