{"id":426,"date":"2016-07-21T13:21:46","date_gmt":"2016-07-21T10:21:46","guid":{"rendered":"https:\/\/nordicbroker.fi\/?page_id=426"},"modified":"2024-11-25T12:15:35","modified_gmt":"2024-11-25T10:15:35","slug":"palvelumme","status":"publish","type":"page","link":"https:\/\/nordicbroker.fi\/fi\/palvelumme\/","title":{"rendered":"Palvelumme"},"content":{"rendered":"<section class=\"wpb-content-wrapper\"><p>[vc_row css_animation=&#8221;&#8221; row_type=&#8221;row&#8221; use_row_as_full_screen_section=&#8221;no&#8221; type=&#8221;grid&#8221; angled_section=&#8221;no&#8221; text_align=&#8221;left&#8221; background_image_as_pattern=&#8221;without_pattern&#8221;][vc_column][vc_gallery type=&#8221;flexslider_slide&#8221; interval=&#8221;3&#8243; images=&#8221;238,200,199&#8243; img_size=&#8221;600&#215;240&#8243; direction_nav=&#8221;yes&#8221; control_nav=&#8221;no&#8221; frame=&#8221;no&#8221;][\/vc_column][\/vc_row][vc_row css_animation=&#8221;&#8221; row_type=&#8221;row&#8221; use_row_as_full_screen_section=&#8221;no&#8221; type=&#8221;full_width&#8221; angled_section=&#8221;no&#8221; text_align=&#8221;left&#8221; background_image_as_pattern=&#8221;without_pattern&#8221; css=&#8221;.vc_custom_1681203577852{padding-top: 70px !important;padding-right: 70px !important;padding-bottom: 70px !important;padding-left: 70px !important;}&#8221; z_index=&#8221;&#8221;][vc_column][vc_column_text]Olemme vakuutusmeklaritoimija, joka auttaa sinua hallinnoimaan vakuutusportfoliosi kokonaisuutta, arvioimaan olemassa olevia vakuutussopimuksiasi ja hintoja, l\u00f6yt\u00e4m\u00e4\u00e4n kilpailukykyisempi\u00e4 vakuutuspaketteja verkostomme kautta, hoitamaan riskienhallintaa ja tarjoamaan oikeudellista vakuutustukea.[\/vc_column_text][vc_empty_space height=&#8221;20px&#8221;][vc_column_text]<\/p>\n<h4>Kilpailuta vakuutusportfoliosi<\/h4>\n<p>[\/vc_column_text][vc_empty_space height=&#8221;20px&#8221;][vc_column_text]Oletko kilpailuttanut vakuutusportfoliosi viime aikoina? Inflaation ja yleisten kustannusten nousun vuoksi kaikilla liiketoiminnan aloilla vakuutuskustannusten arvioidaan nousevan 10-35% vuonna 2023. Varaa tapaaminen t\u00e4n\u00e4\u00e4n, niin arvioimme portfoliosi 2-3 viikossa. Nordic Broker ei veloita sinulta piilokustannuksia tai palkkioita arviointiprosessin aikana, vaan perimme ainoastaan summan v\u00e4hentyneist\u00e4 kokonaiskustannuksista.[\/vc_column_text][vc_empty_space height=&#8221;20px&#8221;][vc_column_text]<\/p>\n<h4>Real Estate Warranty +<\/h4>\n<p>[\/vc_column_text][vc_empty_space height=&#8221;20px&#8221;][vc_column_text]<\/p>\n<div class=\"wpb_text_column wpb_content_element \">\n<div class=\"wpb_wrapper\">\n<p>Yhdist\u00e4m\u00e4ll\u00e4 teknisen due diligencen (\u201dTDD\u201d) erityisesti suunniteltuun Real Estate Warranty + transaktiovastuuvakuutustuotteeseen voimme tarjota kattavimman suojan kiinteist\u00f6kaupoille. <a href=\"https:\/\/nordicbroker.fi\/fi\/real-estate-warranty\/\" target=\"_blank\" rel=\"noopener\">Lue lis\u00e4\u00e4.<\/a><\/p>\n<\/div>\n<\/div>\n<div class=\"vc_empty_space\"><\/div>\n<p>[\/vc_column_text][\/vc_column][\/vc_row][vc_row css_animation=&#8221;&#8221; row_type=&#8221;row&#8221; use_row_as_full_screen_section=&#8221;no&#8221; type=&#8221;grid&#8221; angled_section=&#8221;no&#8221; text_align=&#8221;left&#8221; background_image_as_pattern=&#8221;without_pattern&#8221; css=&#8221;.vc_custom_1600081994393{padding-top: 59px !important;padding-bottom: 34px !important;}&#8221; z_index=&#8221;&#8221;][vc_column offset=&#8221;vc_col-lg-3 vc_col-md-3&#8243;]<span data-type=\"square\" data-hover-bg-color=\"#ca885d\" data-hover-icon-color=\"#ffffff\" class=\"qode_icon_shortcode fa-stack q_font_awsome_icon_square fa-lg  \" style=\"background-color: #2a2a2a;border: 0px solid #2a2a2a;font-size: 18px;font-size: 25px;border-radius: 4px; \"><span aria-hidden=\"true\" class=\"qode_icon_font_elegant icon_building qode_icon_element\" style=\"font-size: 18px;color: #ffffff;\" ><\/span><\/span>[vc_empty_space height=&#8221;21px&#8221;][vc_column_text]<\/p>\n<h3>Omaisuus<\/h3>\n<p>[\/vc_column_text][vc_empty_space height=&#8221;13px&#8221;][vc_column_text]<\/p>\n<ul>\n<li>Omaisuusvahingot<\/li>\n<li>Yrityksen toiminnan keskeytyminen<\/li>\n<li>Konerikot<\/li>\n<li>Rakennus- ja rakennuttamisriskit<\/li>\n<li>Kuljetus ja rahti<\/li>\n<li>Merenkulkuvakuutukset<\/li>\n<\/ul>\n<p>[\/vc_column_text][vc_empty_space height=&#8221;40px&#8221;][\/vc_column][vc_column offset=&#8221;vc_col-lg-3 vc_col-md-3&#8243;]<span data-type=\"square\" data-hover-bg-color=\"#ca885d\" data-hover-icon-color=\"#ffffff\" class=\"qode_icon_shortcode fa-stack q_font_awsome_icon_square fa-lg  \" style=\"background-color: #2a2a2a;border: 0px solid #2a2a2a;font-size: 18px;font-size: 25px;border-radius: 4px; \"><span aria-hidden=\"true\" class=\"qode_icon_font_elegant icon_briefcase qode_icon_element\" style=\"font-size: 18px;color: #ffffff;\" ><\/span><\/span>[vc_empty_space height=&#8221;21px&#8221;][vc_column_text]<\/p>\n<h3>Erityisosaamisemme<\/h3>\n<p>[\/vc_column_text][vc_empty_space height=&#8221;13px&#8221;][vc_column_text]<\/p>\n<ul>\n<li><a href=\"https:\/\/nordicbroker.fi\/real-estate-warranty\/\" target=\"_blank\" rel=\"noopener\">Real Estate Warranty +\u00a0<\/a><\/li>\n<li>Takuut ja vahinkovakuutukset<\/li>\n<li>Ty\u00f6markkinak\u00e4yt\u00e4nn\u00f6t<\/li>\n<li>Vakuutusten due diligence<\/li>\n<li>Yritysfuusiot ja -ostot<\/li>\n<li>Erityisvakuutukset (kidnappaus- ja lunnasvakuutus)<\/li>\n<li>Kidnapattujen henkil\u00f6iden hallinnointi<\/li>\n<li>Takaisinmaksusuoja<\/li>\n<li>Piilev\u00e4t virheet<\/li>\n<li>Luottovakuutukse<\/li>\n<\/ul>\n<p>[\/vc_column_text][vc_empty_space height=&#8221;40px&#8221;][\/vc_column][vc_column offset=&#8221;vc_col-lg-3 vc_col-md-3&#8243;]<span data-type=\"square\" data-hover-bg-color=\"#ca885d\" data-hover-icon-color=\"#ffffff\" class=\"qode_icon_shortcode fa-stack q_font_awsome_icon_square fa-lg  \" style=\"background-color: #2a2a2a;border: 0px solid #2a2a2a;font-size: 18px;font-size: 25px;border-radius: 4px; \"><span aria-hidden=\"true\" class=\"qode_icon_font_elegant icon_currency qode_icon_element\" style=\"font-size: 18px;color: #ffffff;\" ><\/span><\/span>[vc_empty_space height=&#8221;21px&#8221;][vc_column_text]<\/p>\n<h3>Vakuutukset<\/h3>\n<p>[\/vc_column_text][vc_empty_space height=&#8221;13px&#8221;][vc_column_text]<\/p>\n<ul>\n<li>Ammatillinen vastuuvakuutus<\/li>\n<li>Yritysjohdon vastuuvakuutus<\/li>\n<li>Rikokset<\/li>\n<li>Kyberymp\u00e4rist\u00f6t<\/li>\n<li>Immateriaalioikeudet<\/li>\n<li>Sopimusperusteinen vastuu<\/li>\n<li>Kliiniset testit<\/li>\n<\/ul>\n<p>[\/vc_column_text][vc_empty_space height=&#8221;40px&#8221;][\/vc_column][vc_column offset=&#8221;vc_col-lg-3 vc_col-md-3&#8243;]<span data-type=\"square\" data-hover-bg-color=\"#ca885d\" data-hover-icon-color=\"#ffffff\" class=\"qode_icon_shortcode fa-stack q_font_awsome_icon_square fa-lg  \" style=\"background-color: #2a2a2a;border: 0px solid #2a2a2a;font-size: 18px;font-size: 25px;border-radius: 4px; \"><span aria-hidden=\"true\" class=\"qode_icon_font_elegant icon_shield qode_icon_element\" style=\"font-size: 18px;color: #ffffff;\" ><\/span><\/span>[vc_empty_space height=&#8221;21px&#8221;][vc_column_text]<\/p>\n<h3>Julkinen ja valmisteiden vastuuvakuutus<\/h3>\n<p>[\/vc_column_text][vc_empty_space height=&#8221;13px&#8221;][vc_column_text]<\/p>\n<ul>\n<li>Tuotevastuuvakuutus<\/li>\n<li>Vastuuvakuutus<\/li>\n<li>Ymp\u00e4rist\u00f6vahinkovastuuvakuutus<\/li>\n<li>Puhdas varallisuusvahinkovakuutus<\/li>\n<li>Tuotteiden takaisinveto- ja saastumisvakuutus<\/li>\n<li>Liikennevakuutus<\/li>\n<\/ul>\n<p>[\/vc_column_text][vc_empty_space height=&#8221;40px&#8221;][\/vc_column][\/vc_row][vc_row css_animation=&#8221;&#8221; row_type=&#8221;row&#8221; use_row_as_full_screen_section=&#8221;no&#8221; type=&#8221;grid&#8221; angled_section=&#8221;no&#8221; text_align=&#8221;left&#8221; background_image_as_pattern=&#8221;without_pattern&#8221; css=&#8221;.vc_custom_1600081978097{padding-bottom: 80px !important;}&#8221; z_index=&#8221;&#8221;][vc_column offset=&#8221;vc_col-lg-3 vc_col-md-3&#8243;][\/vc_column][vc_column offset=&#8221;vc_col-lg-3 vc_col-md-3&#8243;]<span data-type=\"square\" data-hover-bg-color=\"#ca885d\" data-hover-icon-color=\"#ffffff\" class=\"qode_icon_shortcode fa-stack q_font_awsome_icon_square fa-lg  \" style=\"background-color: #2a2a2a;border: 0px solid #2a2a2a;font-size: 18px;font-size: 25px;border-radius: 4px; \"><span aria-hidden=\"true\" class=\"qode_icon_font_elegant icon_heart_alt qode_icon_element\" style=\"font-size: 18px;color: #ffffff;\" ><\/span><\/span>[vc_empty_space height=&#8221;21px&#8221;][vc_column_text]<\/p>\n<h3>El\u00e4kkeet<\/h3>\n<p>[\/vc_column_text][vc_empty_space height=&#8221;13px&#8221;][vc_column_text]<\/p>\n<ul>\n<li>Maksuperusteinen el\u00e4kevakuutus<\/li>\n<li>Ty\u00f6kyvytt\u00f6myys- ja perhe-el\u00e4kkeet<\/li>\n<li>Etuusperusteinen el\u00e4kevakuutus<\/li>\n<li>El\u00e4kerahastot<\/li>\n<li>Laskuperusteiset vakuutusehdot<\/li>\n<li>Ymp\u00e4rist\u00f6elinten vertailuanalyysi<\/li>\n<\/ul>\n<p>[\/vc_column_text][vc_empty_space height=&#8221;40px&#8221;][\/vc_column][vc_column offset=&#8221;vc_col-lg-3 vc_col-md-3&#8243;]<span data-type=\"square\" data-hover-bg-color=\"#ca885d\" data-hover-icon-color=\"#ffffff\" class=\"qode_icon_shortcode fa-stack q_font_awsome_icon_square fa-lg  \" style=\"background-color: #2a2a2a;border: 0px solid #2a2a2a;font-size: 18px;font-size: 25px;border-radius: 4px; \"><span aria-hidden=\"true\" class=\"qode_icon_font_elegant icon_contacts_alt qode_icon_element\" style=\"font-size: 18px;color: #ffffff;\" ><\/span><\/span>[vc_empty_space height=&#8221;21px&#8221;][vc_column_text]<\/p>\n<h3>Henkil\u00f6st\u00f6etuudet<\/h3>\n<p>[\/vc_column_text][vc_empty_space height=&#8221;13px&#8221;][vc_column_text]<\/p>\n<ul>\n<li>Ty\u00f6ntekij\u00f6iden korvaukset<\/li>\n<li>Ulkomaisen henkil\u00f6st\u00f6n vakuutukset<\/li>\n<li>Tapaturmavakuutukset<\/li>\n<li>Ty\u00f6kyvytt\u00f6myysvakuutukset<\/li>\n<li>Ryhm\u00e4henkivakuutukset<\/li>\n<li>Sairausvakuutukset<\/li>\n<li>Matkavakuutukset<\/li>\n<\/ul>\n<p>[\/vc_column_text][vc_empty_space height=&#8221;40px&#8221;][\/vc_column][vc_column offset=&#8221;vc_col-lg-3 vc_col-md-3&#8243;][\/vc_column][\/vc_row][vc_row css_animation=&#8221;&#8221; row_type=&#8221;row&#8221; use_row_as_full_screen_section=&#8221;no&#8221; type=&#8221;full_width&#8221; angled_section=&#8221;no&#8221; text_align=&#8221;left&#8221; background_image_as_pattern=&#8221;without_pattern&#8221; css=&#8221;.vc_custom_1679554354894{margin-top: 0px !important;margin-right: 0px !important;margin-bottom: 0px !important;margin-left: 0px !important;padding-top: 100px !important;padding-right: 20px !important;padding-bottom: 10px !important;padding-left: 20px !important;background-color: #f4f4f4 !important;}&#8221; z_index=&#8221;&#8221;][vc_column width=&#8221;1\/4&#8243; css=&#8221;.vc_custom_1679554483100{padding-right: 0px !important;}&#8221;][vc_single_image image=&#8221;183&#8243; img_size=&#8221;medium&#8221; qode_css_animation=&#8221;&#8221;][vc_empty_space height=&#8221;20px&#8221;][vc_column_text css=&#8221;.vc_custom_1679558182095{padding-right: 30px !important;}&#8221;]Asiantuntemuksemme takaa sinulle vapauden keskitty\u00e4 siihen, miss\u00e4 olet vahvimmillasi. Anna meid\u00e4n puolestamme tehd\u00e4 se, mink\u00e4 osaamme parhaiten: vakuuttaa yrityksesi menestys Suomessa ja ulkomailla. Keskitymme erityisesti tarjoamaan tukea kotimaisille ja kansainv\u00e4lisille yrityksille sek\u00e4 suomalaisilla ett\u00e4 kansainv\u00e4lisill\u00e4 markkinoilla.[\/vc_column_text][\/vc_column][vc_column width=&#8221;1\/4&#8243;][vc_column_text]<\/p>\n<h3>Yrityksemme<\/h3>\n<p>[\/vc_column_text][vc_empty_space height=&#8221;20px&#8221;][vc_column_text]<a href=\"https:\/\/nordicbroker.fi\/fi\/\">Nordic Broker<\/a><\/p>\n<p><a href=\"https:\/\/nordicbroker.fi\/fi\/Palvelumme\/\">Palvelumme<\/a><\/p>\n<p><a href=\"https:\/\/nordicbroker.fi\/fi\/tiimimme\/\">Tiimimme<\/a><\/p>\n<p><a href=\"https:\/\/nordicbroker.fi\/fi\/our-sfdr-principles\/\" target=\"_blank\" rel=\"noopener\">SFDR<\/a>[\/vc_column_text][\/vc_column][vc_column width=&#8221;1\/4&#8243;][vc_column_text]<\/p>\n<h3>Ota yhteytt\u00e4<\/h3>\n<p>[\/vc_column_text][vc_empty_space height=&#8221;20px&#8221;][vc_column_text]<a href=\"tel:+358406847388\">+358 40 684 73 88<\/a><br \/>\n<a href=\"mailto:info@nordicbroker.fi\">info@nordicbroker.fi<\/a><br \/>\nL\u00f6nnrotinkatu 22 B 27<br \/>\n00120 Helsinki[\/vc_column_text][\/vc_column][vc_column width=&#8221;1\/4&#8243;][vc_column_text]<\/p>\n<h3>Toimistomme<\/h3>\n<p>[\/vc_column_text][vc_empty_space height=&#8221;20px&#8221;][vc_column_text]L\u00f6nnrotinkatu 22 B 27<br \/>\n00120 Helsinki[\/vc_column_text][vc_empty_space height=&#8221;14px&#8221;][vc_gmaps link=&#8221;#E-8_JTNDaWZyYW1lJTIwc3JjJTNEJTIyaHR0cHMlM0ElMkYlMkZ3d3cuZ29vZ2xlLmNvbSUyRm1hcHMlMkZlbWJlZCUzRnBiJTNEJTIxMW0xOCUyMTFtMTIlMjExbTMlMjExZDE5ODQuOTcxNjUwMDk3NTIzMyUyMTJkMjQuOTMxNzc0NzUxOTM1OTclMjEzZDYwLjE2NDY0ODE4MTg3MDM1NSUyMTJtMyUyMTFmMCUyMTJmMCUyMTNmMCUyMTNtMiUyMTFpMTAyNCUyMTJpNzY4JTIxNGYxMy4xJTIxM20zJTIxMW0yJTIxMXMweDQ2OTIwYmNhZjJlOTI3OWIlMjUzQTB4NGYxZGU1ZGYyZjQ2N2UwMiUyMTJzTCUyNUMzJTI1QjZubnJvdGlua2F0dSUyNTIwMjIlMjUyQyUyNTIwMDAxMjAlMjUyMEhlbHNpbmtpJTIxNWUwJTIxM20yJTIxMXNlbiUyMTJzZmklMjE0djE1OTk3NDgxMTYwMDklMjE1bTIlMjExc2VuJTIxMnNmaSUyMiUyMHdpZHRoJTNEJTIyMzAwJTIyJTIwaGVpZ2h0JTNEJTIyMjAwJTIyJTIwZnJhbWVib3JkZXIlM0QlMjIwJTIyJTIwc3R5bGUlM0QlMjJib3JkZXIlM0EwJTNCJTIyJTIwYWxsb3dmdWxsc2NyZWVuJTNEJTIyJTIyJTIwYXJpYS1oaWRkZW4lM0QlMjJmYWxzZSUyMiUyMHRhYmluZGV4JTNEJTIyMCUyMiUzRSUzQyUyRmlmcmFtZSUzRQ==&#8221;][\/vc_column][\/vc_row]<\/p>\n<\/section>","protected":false},"excerpt":{"rendered":"<p>[vc_row css_animation=&#8221;&#8221; row_type=&#8221;row&#8221; use_row_as_full_screen_section=&#8221;no&#8221; type=&#8221;grid&#8221; angled_section=&#8221;no&#8221; text_align=&#8221;left&#8221; background_image_as_pattern=&#8221;without_pattern&#8221;][vc_column][vc_gallery type=&#8221;flexslider_slide&#8221; interval=&#8221;3&#8243; images=&#8221;238,200,199&#8243; img_size=&#8221;600&#215;240&#8243; direction_nav=&#8221;yes&#8221; control_nav=&#8221;no&#8221; frame=&#8221;no&#8221;][\/vc_column][\/vc_row][vc_row css_animation=&#8221;&#8221; row_type=&#8221;row&#8221; use_row_as_full_screen_section=&#8221;no&#8221; type=&#8221;full_width&#8221; angled_section=&#8221;no&#8221; text_align=&#8221;left&#8221; background_image_as_pattern=&#8221;without_pattern&#8221; css=&#8221;.vc_custom_1681203577852{padding-top: 70px !important;padding-right: 70px !important;padding-bottom: 70px !important;padding-left: 70px !important;}&#8221; z_index=&#8221;&#8221;][vc_column][vc_column_text]Olemme vakuutusmeklaritoimija, joka auttaa sinua hallinnoimaan vakuutusportfoliosi kokonaisuutta, arvioimaan olemassa olevia vakuutussopimuksiasi ja hintoja,&#8230;<\/p>\n","protected":false},"author":3,"featured_media":0,"parent":0,"menu_order":0,"comment_status":"closed","ping_status":"closed","template":"full_width.php","meta":{"footnotes":""},"yoast_head":"<!-- This site is optimized with the Yoast SEO plugin v24.5 - https:\/\/yoast.com\/wordpress\/plugins\/seo\/ -->\n<title>Palvelumme - Nordic Broker<\/title>\n<meta name=\"robots\" content=\"index, follow, max-snippet:-1, max-image-preview:large, max-video-preview:-1\" \/>\n<link rel=\"canonical\" href=\"https:\/\/nordicbroker.fi\/fi\/palvelumme\/\" \/>\n<meta property=\"og:locale\" content=\"fi_FI\" \/>\n<meta property=\"og:type\" content=\"article\" \/>\n<meta property=\"og:title\" content=\"Palvelumme - Nordic Broker\" \/>\n<meta property=\"og:description\" content=\"[vc_row css_animation=&#8221;&#8221; row_type=&#8221;row&#8221; use_row_as_full_screen_section=&#8221;no&#8221; type=&#8221;grid&#8221; angled_section=&#8221;no&#8221; text_align=&#8221;left&#8221; background_image_as_pattern=&#8221;without_pattern&#8221;][vc_column][vc_gallery type=&#8221;flexslider_slide&#8221; interval=&#8221;3&#8243; images=&#8221;238,200,199&#8243; img_size=&#8221;600&#215;240&#8243; direction_nav=&#8221;yes&#8221; control_nav=&#8221;no&#8221; frame=&#8221;no&#8221;][\/vc_column][\/vc_row][vc_row css_animation=&#8221;&#8221; row_type=&#8221;row&#8221; use_row_as_full_screen_section=&#8221;no&#8221; type=&#8221;full_width&#8221; angled_section=&#8221;no&#8221; text_align=&#8221;left&#8221; background_image_as_pattern=&#8221;without_pattern&#8221; css=&#8221;.vc_custom_1681203577852{padding-top: 70px !important;padding-right: 70px !important;padding-bottom: 70px !important;padding-left: 70px !important;}&#8221; z_index=&#8221;&#8221;][vc_column][vc_column_text]Olemme vakuutusmeklaritoimija, joka auttaa sinua hallinnoimaan vakuutusportfoliosi kokonaisuutta, arvioimaan olemassa olevia vakuutussopimuksiasi ja hintoja,...\" \/>\n<meta property=\"og:url\" content=\"https:\/\/nordicbroker.fi\/fi\/palvelumme\/\" \/>\n<meta property=\"og:site_name\" content=\"Nordic Broker\" \/>\n<meta property=\"article:modified_time\" content=\"2024-11-25T10:15:35+00:00\" \/>\n<meta name=\"twitter:card\" content=\"summary_large_image\" \/>\n<meta name=\"twitter:label1\" content=\"Arvioitu lukuaika\" \/>\n\t<meta name=\"twitter:data1\" content=\"3 minuuttia\" \/>\n<script type=\"application\/ld+json\" class=\"yoast-schema-graph\">{\"@context\":\"https:\/\/schema.org\",\"@graph\":[{\"@type\":\"WebPage\",\"@id\":\"https:\/\/nordicbroker.fi\/fi\/palvelumme\/\",\"url\":\"https:\/\/nordicbroker.fi\/fi\/palvelumme\/\",\"name\":\"Palvelumme - Nordic Broker\",\"isPartOf\":{\"@id\":\"https:\/\/nordicbroker.fi\/fi\/#website\"},\"datePublished\":\"2016-07-21T10:21:46+00:00\",\"dateModified\":\"2024-11-25T10:15:35+00:00\",\"breadcrumb\":{\"@id\":\"https:\/\/nordicbroker.fi\/fi\/palvelumme\/#breadcrumb\"},\"inLanguage\":\"fi\",\"potentialAction\":[{\"@type\":\"ReadAction\",\"target\":[\"https:\/\/nordicbroker.fi\/fi\/palvelumme\/\"]}]},{\"@type\":\"BreadcrumbList\",\"@id\":\"https:\/\/nordicbroker.fi\/fi\/palvelumme\/#breadcrumb\",\"itemListElement\":[{\"@type\":\"ListItem\",\"position\":1,\"name\":\"Home\",\"item\":\"https:\/\/nordicbroker.fi\/fi\/\"},{\"@type\":\"ListItem\",\"position\":2,\"name\":\"Palvelumme\"}]},{\"@type\":\"WebSite\",\"@id\":\"https:\/\/nordicbroker.fi\/fi\/#website\",\"url\":\"https:\/\/nordicbroker.fi\/fi\/\",\"name\":\"Nordic Broker\",\"description\":\"Insuring the important\",\"potentialAction\":[{\"@type\":\"SearchAction\",\"target\":{\"@type\":\"EntryPoint\",\"urlTemplate\":\"https:\/\/nordicbroker.fi\/fi\/?s={search_term_string}\"},\"query-input\":{\"@type\":\"PropertyValueSpecification\",\"valueRequired\":true,\"valueName\":\"search_term_string\"}}],\"inLanguage\":\"fi\"}]}<\/script>\n<!-- \/ Yoast SEO plugin. -->","yoast_head_json":{"title":"Palvelumme - Nordic Broker","robots":{"index":"index","follow":"follow","max-snippet":"max-snippet:-1","max-image-preview":"max-image-preview:large","max-video-preview":"max-video-preview:-1"},"canonical":"https:\/\/nordicbroker.fi\/fi\/palvelumme\/","og_locale":"fi_FI","og_type":"article","og_title":"Palvelumme - Nordic Broker","og_description":"[vc_row css_animation=&#8221;&#8221; row_type=&#8221;row&#8221; use_row_as_full_screen_section=&#8221;no&#8221; type=&#8221;grid&#8221; angled_section=&#8221;no&#8221; text_align=&#8221;left&#8221; background_image_as_pattern=&#8221;without_pattern&#8221;][vc_column][vc_gallery type=&#8221;flexslider_slide&#8221; interval=&#8221;3&#8243; images=&#8221;238,200,199&#8243; img_size=&#8221;600&#215;240&#8243; direction_nav=&#8221;yes&#8221; control_nav=&#8221;no&#8221; frame=&#8221;no&#8221;][\/vc_column][\/vc_row][vc_row css_animation=&#8221;&#8221; row_type=&#8221;row&#8221; use_row_as_full_screen_section=&#8221;no&#8221; type=&#8221;full_width&#8221; angled_section=&#8221;no&#8221; text_align=&#8221;left&#8221; background_image_as_pattern=&#8221;without_pattern&#8221; css=&#8221;.vc_custom_1681203577852{padding-top: 70px !important;padding-right: 70px !important;padding-bottom: 70px !important;padding-left: 70px !important;}&#8221; z_index=&#8221;&#8221;][vc_column][vc_column_text]Olemme vakuutusmeklaritoimija, joka auttaa sinua hallinnoimaan vakuutusportfoliosi kokonaisuutta, arvioimaan olemassa olevia vakuutussopimuksiasi ja hintoja,...","og_url":"https:\/\/nordicbroker.fi\/fi\/palvelumme\/","og_site_name":"Nordic Broker","article_modified_time":"2024-11-25T10:15:35+00:00","twitter_card":"summary_large_image","twitter_misc":{"Arvioitu lukuaika":"3 minuuttia"},"schema":{"@context":"https:\/\/schema.org","@graph":[{"@type":"WebPage","@id":"https:\/\/nordicbroker.fi\/fi\/palvelumme\/","url":"https:\/\/nordicbroker.fi\/fi\/palvelumme\/","name":"Palvelumme - Nordic Broker","isPartOf":{"@id":"https:\/\/nordicbroker.fi\/fi\/#website"},"datePublished":"2016-07-21T10:21:46+00:00","dateModified":"2024-11-25T10:15:35+00:00","breadcrumb":{"@id":"https:\/\/nordicbroker.fi\/fi\/palvelumme\/#breadcrumb"},"inLanguage":"fi","potentialAction":[{"@type":"ReadAction","target":["https:\/\/nordicbroker.fi\/fi\/palvelumme\/"]}]},{"@type":"BreadcrumbList","@id":"https:\/\/nordicbroker.fi\/fi\/palvelumme\/#breadcrumb","itemListElement":[{"@type":"ListItem","position":1,"name":"Home","item":"https:\/\/nordicbroker.fi\/fi\/"},{"@type":"ListItem","position":2,"name":"Palvelumme"}]},{"@type":"WebSite","@id":"https:\/\/nordicbroker.fi\/fi\/#website","url":"https:\/\/nordicbroker.fi\/fi\/","name":"Nordic Broker","description":"Insuring the important","potentialAction":[{"@type":"SearchAction","target":{"@type":"EntryPoint","urlTemplate":"https:\/\/nordicbroker.fi\/fi\/?s={search_term_string}"},"query-input":{"@type":"PropertyValueSpecification","valueRequired":true,"valueName":"search_term_string"}}],"inLanguage":"fi"}]}},"jetpack_sharing_enabled":true,"_links":{"self":[{"href":"https:\/\/nordicbroker.fi\/fi\/wp-json\/wp\/v2\/pages\/426"}],"collection":[{"href":"https:\/\/nordicbroker.fi\/fi\/wp-json\/wp\/v2\/pages"}],"about":[{"href":"https:\/\/nordicbroker.fi\/fi\/wp-json\/wp\/v2\/types\/page"}],"author":[{"embeddable":true,"href":"https:\/\/nordicbroker.fi\/fi\/wp-json\/wp\/v2\/users\/3"}],"replies":[{"embeddable":true,"href":"https:\/\/nordicbroker.fi\/fi\/wp-json\/wp\/v2\/comments?post=426"}],"version-history":[{"count":11,"href":"https:\/\/nordicbroker.fi\/fi\/wp-json\/wp\/v2\/pages\/426\/revisions"}],"predecessor-version":[{"id":778,"href":"https:\/\/nordicbroker.fi\/fi\/wp-json\/wp\/v2\/pages\/426\/revisions\/778"}],"wp:attachment":[{"href":"https:\/\/nordicbroker.fi\/fi\/wp-json\/wp\/v2\/media?parent=426"}],"curies":[{"name":"wp","href":"https:\/\/api.w.org\/{rel}","templated":true}]}}