{"id":703,"date":"2024-11-05T15:07:27","date_gmt":"2024-11-05T13:07:27","guid":{"rendered":"https:\/\/nordicbroker.fi\/?page_id=703"},"modified":"2024-11-25T12:21:39","modified_gmt":"2024-11-25T10:21:39","slug":"real-estate-warranty","status":"publish","type":"page","link":"https:\/\/nordicbroker.fi\/fi\/real-estate-warranty\/","title":{"rendered":"Real Estate Warranty +"},"content":{"rendered":"<section class=\"wpb-content-wrapper\"><p>[vc_row css_animation=&#8221;&#8221; row_type=&#8221;row&#8221; use_row_as_full_screen_section=&#8221;no&#8221; type=&#8221;grid&#8221; angled_section=&#8221;no&#8221; text_align=&#8221;center&#8221; background_image_as_pattern=&#8221;without_pattern&#8221;][vc_column][vc_row_inner row_type=&#8221;row&#8221; type=&#8221;full_width&#8221; text_align=&#8221;left&#8221; css_animation=&#8221;&#8221; css=&#8221;.vc_custom_1469104207746{padding-bottom: 87px !important;}&#8221;][vc_column_inner][vc_single_image image=&#8221;705&#8243; img_size=&#8221;1280&#215;400&#8243; alignment=&#8221;center&#8221; qode_css_animation=&#8221;&#8221;][vc_empty_space height=&#8221;30px&#8221;][vc_column_text]<\/p>\n<h1 style=\"text-align: left;\"><strong>Real Estate Warranty +<\/strong><\/h1>\n<p>[\/vc_column_text][vc_empty_space height=&#8221;30px&#8221;][vc_column_text]Yhdist\u00e4m\u00e4ll\u00e4 teknisen due diligencen (&#8221;TDD&#8221;) erityisesti suunniteltuun Real Estate Warranty + transaktiovastuuvakuutustuotteeseen voimme tarjota kattavimman suojan kiinteist\u00f6kaupoille.[\/vc_column_text][vc_empty_space height=&#8221;10px&#8221;][vc_column_text]Yrityskauppavakuutus (M&amp;A) ei yleens\u00e4 kata myyj\u00e4n omaisuuden kuntoon liittyvien takuiden rikkomista. Ostaja voi hy\u00f6dynt\u00e4\u00e4 TDD:t\u00e4 tunnistaakseen mahdolliset havaittavissa olevat ongelmat kiinteist\u00f6ss\u00e4 tai kiinteist\u00f6iss\u00e4 kaupan yhteydess\u00e4, ja t\u00e4m\u00e4n j\u00e4lkeen Real Estate Warranty + -tuote tarjoaa suojan mahdollisille my\u00f6hemmin ilmeneville ongelmille, joita ei havaittu huolellisen TDD-prosessin aikana (perinteisten transaktioriskituotteiden kattamien takuiden ohella).[\/vc_column_text][vc_empty_space height=&#8221;10px&#8221;][vc_column_text]Real Estate Warranty + on t\u00e4ll\u00e4 hetkell\u00e4 kattavin transaktiovakuutusmarkkinoilla saatavilla oleva vakuutus kiinteist\u00f6kauppoihin, ja se on suunniteltu erityisesti suuriin kiinteist\u00f6kauppoihin, olipa kyseess\u00e4 sitten yksitt\u00e4iset omaisuus- tai portfoliokaupat. Real Estate Warranty + laajennetun vakuutussuojan my\u00f6nt\u00e4minen edellytt\u00e4\u00e4, ett\u00e4 <a href=\"https:\/\/sustera.fi\/palvelu\/yritykset\/yllapito-ja-kiinteistojohtaminen\/kuntoarviot-ja-kartoitukset\/due-diligence-palvelut\/\" target=\"_blank\" rel=\"noopener\">Sustera<\/a> on antanut Teknisen Due Dilligence (TDD)-selvityksen jokaisesta kaupan piiriin kuuluvasta kiinteist\u00f6st\u00e4.[\/vc_column_text][vc_empty_space height=&#8221;10px&#8221;][vc_column_text]Vakuutusm\u00e4\u00e4r\u00e4limiitit vaihtelevat 5 000 000 eurosta yli 1 000 000 000 euroon (tarvittaessa), ja vakuutusmarkkinat voivat tukea useiden miljardien eurojen transaktioarvoja.[\/vc_column_text][vc_empty_space height=&#8221;10px&#8221;][vc_column_text]Vakuutus sijoitetaan useille vakuutusmarkkinoille, mukaan lukien tietyt Lloydsin syndikaatit, ja kaikkien vakuutusyhti\u00f6iden luottoluokitus on A- tai korkeampi.[\/vc_column_text][vc_empty_space height=&#8221;10px&#8221;][vc_column_text]Huomaa, ett\u00e4 Sustera ei ole mink\u00e4\u00e4n vakuutusyhti\u00f6n edustaja.[\/vc_column_text][vc_empty_space height=&#8221;10px&#8221;][vc_column_text]Vakuutusasioissa sinua palvelee Nordic Broker. <a href=\"https:\/\/nordicbroker.fi\/#contact\" target=\"_blank\" rel=\"noopener\">Ota yhteytt\u00e4.<\/a>[\/vc_column_text][\/vc_column_inner][\/vc_row_inner][vc_empty_space height=&#8221;30px&#8221;][\/vc_column][\/vc_row][vc_row css_animation=&#8221;&#8221; row_type=&#8221;row&#8221; use_row_as_full_screen_section=&#8221;no&#8221; type=&#8221;full_width&#8221; angled_section=&#8221;no&#8221; text_align=&#8221;left&#8221; background_image_as_pattern=&#8221;without_pattern&#8221; css=&#8221;.vc_custom_1679554354894{margin-top: 0px !important;margin-right: 0px !important;margin-bottom: 0px !important;margin-left: 0px !important;padding-top: 100px !important;padding-right: 20px !important;padding-bottom: 10px !important;padding-left: 20px !important;background-color: #f4f4f4 !important;}&#8221; z_index=&#8221;&#8221;][vc_column width=&#8221;1\/4&#8243; css=&#8221;.vc_custom_1679554483100{padding-right: 0px !important;}&#8221;][vc_single_image image=&#8221;183&#8243; img_size=&#8221;medium&#8221; qode_css_animation=&#8221;&#8221;][vc_empty_space height=&#8221;20px&#8221;][vc_column_text css=&#8221;.vc_custom_1679558182095{padding-right: 30px !important;}&#8221;]Asiantuntemuksemme takaa sinulle vapauden keskitty\u00e4 siihen, miss\u00e4 olet vahvimmillasi. Anna meid\u00e4n puolestamme tehd\u00e4 se, mink\u00e4 osaamme parhaiten: vakuuttaa yrityksesi menestys Suomessa ja ulkomailla. Keskitymme erityisesti tarjoamaan tukea kotimaisille ja kansainv\u00e4lisille yrityksille sek\u00e4 suomalaisilla ett\u00e4 kansainv\u00e4lisill\u00e4 markkinoilla.[\/vc_column_text][\/vc_column][vc_column width=&#8221;1\/4&#8243;][vc_column_text]<\/p>\n<h3>Yrityksemme<\/h3>\n<p>[\/vc_column_text][vc_empty_space height=&#8221;20px&#8221;][vc_column_text]<a href=\"https:\/\/nordicbroker.fi\/fi\/\">Nordic Broker<\/a><\/p>\n<p><a href=\"https:\/\/nordicbroker.fi\/fi\/Palvelumme\/\">Palvelumme<\/a><\/p>\n<p><a href=\"https:\/\/nordicbroker.fi\/fi\/tiimimme\/\">Tiimimme<\/a><\/p>\n<p><a href=\"https:\/\/nordicbroker.fi\/fi\/our-sfdr-principles\/\" target=\"_blank\" rel=\"noopener\">SFDR<\/a>[\/vc_column_text][\/vc_column][vc_column width=&#8221;1\/4&#8243;][vc_column_text]<\/p>\n<h3>Ota yhteytt\u00e4<\/h3>\n<p>[\/vc_column_text][vc_empty_space height=&#8221;20px&#8221;][vc_column_text]<a href=\"tel:+358406847388\">+358 40 684 73 88<\/a><br \/>\n<a href=\"mailto:info@nordicbroker.fi\">info@nordicbroker.fi<\/a><br \/>\nL\u00f6nnrotinkatu 22 B 27<br \/>\n00120 Helsinki[\/vc_column_text][\/vc_column][vc_column width=&#8221;1\/4&#8243;][vc_column_text]<\/p>\n<h3>Toimistomme<\/h3>\n<p>[\/vc_column_text][vc_empty_space height=&#8221;20px&#8221;][vc_column_text]L\u00f6nnrotinkatu 22 B 27<br \/>\n00120 Helsinki[\/vc_column_text][vc_empty_space height=&#8221;14px&#8221;][vc_gmaps link=&#8221;#E-8_JTNDaWZyYW1lJTIwc3JjJTNEJTIyaHR0cHMlM0ElMkYlMkZ3d3cuZ29vZ2xlLmNvbSUyRm1hcHMlMkZlbWJlZCUzRnBiJTNEJTIxMW0xOCUyMTFtMTIlMjExbTMlMjExZDE5ODQuOTcxNjUwMDk3NTIzMyUyMTJkMjQuOTMxNzc0NzUxOTM1OTclMjEzZDYwLjE2NDY0ODE4MTg3MDM1NSUyMTJtMyUyMTFmMCUyMTJmMCUyMTNmMCUyMTNtMiUyMTFpMTAyNCUyMTJpNzY4JTIxNGYxMy4xJTIxM20zJTIxMW0yJTIxMXMweDQ2OTIwYmNhZjJlOTI3OWIlMjUzQTB4NGYxZGU1ZGYyZjQ2N2UwMiUyMTJzTCUyNUMzJTI1QjZubnJvdGlua2F0dSUyNTIwMjIlMjUyQyUyNTIwMDAxMjAlMjUyMEhlbHNpbmtpJTIxNWUwJTIxM20yJTIxMXNlbiUyMTJzZmklMjE0djE1OTk3NDgxMTYwMDklMjE1bTIlMjExc2VuJTIxMnNmaSUyMiUyMHdpZHRoJTNEJTIyMzAwJTIyJTIwaGVpZ2h0JTNEJTIyMjAwJTIyJTIwZnJhbWVib3JkZXIlM0QlMjIwJTIyJTIwc3R5bGUlM0QlMjJib3JkZXIlM0EwJTNCJTIyJTIwYWxsb3dmdWxsc2NyZWVuJTNEJTIyJTIyJTIwYXJpYS1oaWRkZW4lM0QlMjJmYWxzZSUyMiUyMHRhYmluZGV4JTNEJTIyMCUyMiUzRSUzQyUyRmlmcmFtZSUzRQ==&#8221;][\/vc_column][\/vc_row]<\/p>\n<\/section>","protected":false},"excerpt":{"rendered":"<p>[vc_row css_animation=&#8221;&#8221; row_type=&#8221;row&#8221; use_row_as_full_screen_section=&#8221;no&#8221; type=&#8221;grid&#8221; angled_section=&#8221;no&#8221; text_align=&#8221;center&#8221; background_image_as_pattern=&#8221;without_pattern&#8221;][vc_column][vc_row_inner row_type=&#8221;row&#8221; type=&#8221;full_width&#8221; text_align=&#8221;left&#8221; css_animation=&#8221;&#8221; css=&#8221;.vc_custom_1469104207746{padding-bottom: 87px !important;}&#8221;][vc_column_inner][vc_single_image image=&#8221;705&#8243; img_size=&#8221;1280&#215;400&#8243; alignment=&#8221;center&#8221; qode_css_animation=&#8221;&#8221;][vc_empty_space height=&#8221;30px&#8221;][vc_column_text] Real Estate Warranty + [\/vc_column_text][vc_empty_space height=&#8221;30px&#8221;][vc_column_text]Yhdist\u00e4m\u00e4ll\u00e4 teknisen due diligencen (&#8221;TDD&#8221;) erityisesti suunniteltuun Real Estate Warranty + transaktiovastuuvakuutustuotteeseen voimme tarjota kattavimman suojan kiinteist\u00f6kaupoille.[\/vc_column_text][vc_empty_space height=&#8221;10px&#8221;][vc_column_text]Yrityskauppavakuutus (M&amp;A) ei&#8230;<\/p>\n","protected":false},"author":2,"featured_media":0,"parent":0,"menu_order":0,"comment_status":"closed","ping_status":"closed","template":"full_width.php","meta":{"footnotes":""},"yoast_head":"<!-- This site is optimized with the Yoast SEO plugin v24.5 - https:\/\/yoast.com\/wordpress\/plugins\/seo\/ -->\n<title>Real Estate Warranty +<\/title>\n<meta name=\"description\" content=\"Tekninen Due Dilligence (TDD) yhdistettyn\u00e4 Real Estate Warranty + transaktiovakuutukseen takaa kattavimman suojan kiinteist\u00f6kaupoille.\" \/>\n<meta name=\"robots\" content=\"index, follow, max-snippet:-1, max-image-preview:large, max-video-preview:-1\" \/>\n<link rel=\"canonical\" href=\"https:\/\/nordicbroker.fi\/fi\/real-estate-warranty\/\" \/>\n<meta property=\"og:locale\" content=\"fi_FI\" \/>\n<meta property=\"og:type\" content=\"article\" \/>\n<meta property=\"og:title\" content=\"Real Estate Warranty +\" \/>\n<meta property=\"og:description\" content=\"Tekninen Due Dilligence (TDD) yhdistettyn\u00e4 Real Estate Warranty + transaktiovakuutukseen takaa kattavimman suojan kiinteist\u00f6kaupoille.\" \/>\n<meta property=\"og:url\" content=\"https:\/\/nordicbroker.fi\/fi\/real-estate-warranty\/\" \/>\n<meta property=\"og:site_name\" content=\"Nordic Broker\" \/>\n<meta property=\"article:modified_time\" content=\"2024-11-25T10:21:39+00:00\" \/>\n<meta name=\"twitter:card\" content=\"summary_large_image\" \/>\n<meta name=\"twitter:label1\" content=\"Arvioitu lukuaika\" \/>\n\t<meta name=\"twitter:data1\" content=\"2 minuuttia\" \/>\n<script type=\"application\/ld+json\" class=\"yoast-schema-graph\">{\"@context\":\"https:\/\/schema.org\",\"@graph\":[{\"@type\":\"WebPage\",\"@id\":\"https:\/\/nordicbroker.fi\/fi\/real-estate-warranty\/\",\"url\":\"https:\/\/nordicbroker.fi\/fi\/real-estate-warranty\/\",\"name\":\"Real Estate Warranty +\",\"isPartOf\":{\"@id\":\"https:\/\/nordicbroker.fi\/fi\/#website\"},\"datePublished\":\"2024-11-05T13:07:27+00:00\",\"dateModified\":\"2024-11-25T10:21:39+00:00\",\"description\":\"Tekninen Due Dilligence (TDD) yhdistettyn\u00e4 Real Estate Warranty + transaktiovakuutukseen takaa kattavimman suojan kiinteist\u00f6kaupoille.\",\"breadcrumb\":{\"@id\":\"https:\/\/nordicbroker.fi\/fi\/real-estate-warranty\/#breadcrumb\"},\"inLanguage\":\"fi\",\"potentialAction\":[{\"@type\":\"ReadAction\",\"target\":[\"https:\/\/nordicbroker.fi\/fi\/real-estate-warranty\/\"]}]},{\"@type\":\"BreadcrumbList\",\"@id\":\"https:\/\/nordicbroker.fi\/fi\/real-estate-warranty\/#breadcrumb\",\"itemListElement\":[{\"@type\":\"ListItem\",\"position\":1,\"name\":\"Home\",\"item\":\"https:\/\/nordicbroker.fi\/fi\/\"},{\"@type\":\"ListItem\",\"position\":2,\"name\":\"Real Estate Warranty +\"}]},{\"@type\":\"WebSite\",\"@id\":\"https:\/\/nordicbroker.fi\/fi\/#website\",\"url\":\"https:\/\/nordicbroker.fi\/fi\/\",\"name\":\"Nordic Broker\",\"description\":\"Insuring the important\",\"potentialAction\":[{\"@type\":\"SearchAction\",\"target\":{\"@type\":\"EntryPoint\",\"urlTemplate\":\"https:\/\/nordicbroker.fi\/fi\/?s={search_term_string}\"},\"query-input\":{\"@type\":\"PropertyValueSpecification\",\"valueRequired\":true,\"valueName\":\"search_term_string\"}}],\"inLanguage\":\"fi\"}]}<\/script>\n<!-- \/ Yoast SEO plugin. -->","yoast_head_json":{"title":"Real Estate Warranty +","description":"Tekninen Due Dilligence (TDD) yhdistettyn\u00e4 Real Estate Warranty + transaktiovakuutukseen takaa kattavimman suojan kiinteist\u00f6kaupoille.","robots":{"index":"index","follow":"follow","max-snippet":"max-snippet:-1","max-image-preview":"max-image-preview:large","max-video-preview":"max-video-preview:-1"},"canonical":"https:\/\/nordicbroker.fi\/fi\/real-estate-warranty\/","og_locale":"fi_FI","og_type":"article","og_title":"Real Estate Warranty +","og_description":"Tekninen Due Dilligence (TDD) yhdistettyn\u00e4 Real Estate Warranty + transaktiovakuutukseen takaa kattavimman suojan kiinteist\u00f6kaupoille.","og_url":"https:\/\/nordicbroker.fi\/fi\/real-estate-warranty\/","og_site_name":"Nordic Broker","article_modified_time":"2024-11-25T10:21:39+00:00","twitter_card":"summary_large_image","twitter_misc":{"Arvioitu lukuaika":"2 minuuttia"},"schema":{"@context":"https:\/\/schema.org","@graph":[{"@type":"WebPage","@id":"https:\/\/nordicbroker.fi\/fi\/real-estate-warranty\/","url":"https:\/\/nordicbroker.fi\/fi\/real-estate-warranty\/","name":"Real Estate Warranty +","isPartOf":{"@id":"https:\/\/nordicbroker.fi\/fi\/#website"},"datePublished":"2024-11-05T13:07:27+00:00","dateModified":"2024-11-25T10:21:39+00:00","description":"Tekninen Due Dilligence (TDD) yhdistettyn\u00e4 Real Estate Warranty + transaktiovakuutukseen takaa kattavimman suojan kiinteist\u00f6kaupoille.","breadcrumb":{"@id":"https:\/\/nordicbroker.fi\/fi\/real-estate-warranty\/#breadcrumb"},"inLanguage":"fi","potentialAction":[{"@type":"ReadAction","target":["https:\/\/nordicbroker.fi\/fi\/real-estate-warranty\/"]}]},{"@type":"BreadcrumbList","@id":"https:\/\/nordicbroker.fi\/fi\/real-estate-warranty\/#breadcrumb","itemListElement":[{"@type":"ListItem","position":1,"name":"Home","item":"https:\/\/nordicbroker.fi\/fi\/"},{"@type":"ListItem","position":2,"name":"Real Estate Warranty +"}]},{"@type":"WebSite","@id":"https:\/\/nordicbroker.fi\/fi\/#website","url":"https:\/\/nordicbroker.fi\/fi\/","name":"Nordic Broker","description":"Insuring the important","potentialAction":[{"@type":"SearchAction","target":{"@type":"EntryPoint","urlTemplate":"https:\/\/nordicbroker.fi\/fi\/?s={search_term_string}"},"query-input":{"@type":"PropertyValueSpecification","valueRequired":true,"valueName":"search_term_string"}}],"inLanguage":"fi"}]}},"jetpack_sharing_enabled":true,"_links":{"self":[{"href":"https:\/\/nordicbroker.fi\/fi\/wp-json\/wp\/v2\/pages\/703"}],"collection":[{"href":"https:\/\/nordicbroker.fi\/fi\/wp-json\/wp\/v2\/pages"}],"about":[{"href":"https:\/\/nordicbroker.fi\/fi\/wp-json\/wp\/v2\/types\/page"}],"author":[{"embeddable":true,"href":"https:\/\/nordicbroker.fi\/fi\/wp-json\/wp\/v2\/users\/2"}],"replies":[{"embeddable":true,"href":"https:\/\/nordicbroker.fi\/fi\/wp-json\/wp\/v2\/comments?post=703"}],"version-history":[{"count":17,"href":"https:\/\/nordicbroker.fi\/fi\/wp-json\/wp\/v2\/pages\/703\/revisions"}],"predecessor-version":[{"id":782,"href":"https:\/\/nordicbroker.fi\/fi\/wp-json\/wp\/v2\/pages\/703\/revisions\/782"}],"wp:attachment":[{"href":"https:\/\/nordicbroker.fi\/fi\/wp-json\/wp\/v2\/media?parent=703"}],"curies":[{"name":"wp","href":"https:\/\/api.w.org\/{rel}","templated":true}]}}