{"id":768,"date":"2024-11-22T15:18:47","date_gmt":"2024-11-22T13:18:47","guid":{"rendered":"https:\/\/nordicbroker.fi\/our-sfdr-principles\/"},"modified":"2024-11-22T15:42:36","modified_gmt":"2024-11-22T13:42:36","slug":"our-sfdr-principles","status":"publish","type":"page","link":"https:\/\/nordicbroker.fi\/fi\/our-sfdr-principles\/","title":{"rendered":"Nordic Broker NB Oy:n SFDR periaatteet"},"content":{"rendered":"<section class=\"wpb-content-wrapper\"><p>[vc_row css_animation=&#8221;&#8221; row_type=&#8221;row&#8221; use_row_as_full_screen_section=&#8221;no&#8221; type=&#8221;grid&#8221; angled_section=&#8221;no&#8221; text_align=&#8221;center&#8221; background_image_as_pattern=&#8221;without_pattern&#8221;][vc_column][vc_row_inner row_type=&#8221;row&#8221; type=&#8221;full_width&#8221; text_align=&#8221;left&#8221; css_animation=&#8221;&#8221; css=&#8221;.vc_custom_1469104207746{padding-bottom: 87px !important;}&#8221;][vc_column_inner][vc_single_image image=&#8221;756&#8243; img_size=&#8221;1280&#215;400&#8243; alignment=&#8221;center&#8221; qode_css_animation=&#8221;&#8221;][vc_empty_space height=&#8221;30px&#8221;][vc_column_text]<\/p>\n<h1><strong>Nordic Broker NB Oy: n SFDR periaatteet<\/strong><\/h1>\n<p>[\/vc_column_text][vc_empty_space height=&#8221;30px&#8221;][vc_column_text]Haitallisilla kest\u00e4vyysvaikutuksilla tarkoitetaan negatiivisia ymp\u00e4rist\u00f6\u00f6n, yhteiskuntaan tai sosiaalisiin tekij\u00f6ihin kohdistuvia vaikutuksia, jotka voivat synty\u00e4 sijoituskohteista joko suoraan tai ep\u00e4suorasti.[\/vc_column_text][vc_empty_space height=&#8221;10px&#8221;][vc_column_text]Yleisell\u00e4 tasolla Nordic Broker NB Oy korostaa vakuutusneuvonnassa asiakkailleen kest\u00e4vyysvaikutusten huomioimisen merkityst\u00e4 jo ennen vakuutussopimuksen tekemist\u00e4. \u00a0Selvit\u00e4mme my\u00f6s, mik\u00e4 on asiakkaan n\u00e4kemys ja tahtotila kest\u00e4vyysvaikutuksiin liittyen, jotta voimme tarjota heille heid\u00e4n arvojensa mukaisia tuotteita.[\/vc_column_text][vc_empty_space height=&#8221;10px&#8221;][vc_column_text]Nordic Broker NB Oy ei anna asiakkailleen sijoitusneuvontaa, vaan ohjaa asiakkaat aina asioimaan suoraan vakuutusyhti\u00f6n asiantuntijan kanssa, mik\u00e4li asiakas tarvitsee sijoitusneuvontaa. Asiakkaat p\u00e4\u00e4tt\u00e4v\u00e4t itse tai vakuutusyhti\u00f6n avustamana sijoitussidonnaisten vakuutuksiensa sijoituskohteet. T\u00e4st\u00e4 syyst\u00e4 Nordic Broker NB Oy ei itse arvioi sijoituskohteisiin liittyvi\u00e4 haitallisia kest\u00e4vyysvaikutuksia.[\/vc_column_text][vc_empty_space height=&#8221;10px&#8221;][vc_column_text]Vakuutusyhti\u00f6t vastaavat itse vakuutustuotteistaan, niiden hallinnoinnista ja kest\u00e4vyysvaikutuksista. Nordic Broker NB Oy:n rooli on v\u00e4litt\u00e4\u00e4 vakuutusyhti\u00f6n toimittama tieto asiakkailleen niin olemassa olevien kuin mahdollisten pyydettyjen tarjoustenkin osalta. Kuitenkin edellyt\u00e4mme vakuutusyhti\u00f6lt\u00e4, ett\u00e4 ne ovat laatineet SFDR:n vaatimusten mukaiset toimintaperiaatteet haitallisten kest\u00e4vyysvaikutusten huomioimisesta ja ett\u00e4 ne raportoivat avoimesti kest\u00e4vyyshaitoista sek\u00e4 antavat tietoa asiakkailleen joko suoraan tai Nordic Broker NB Oy:n v\u00e4litt\u00e4m\u00e4n\u00e4.[\/vc_column_text][vc_empty_space height=&#8221;10px&#8221;][vc_column_text]Nordic Broker NB Oy:n palkkion maksaa asiakas. Nordic Broker NB Oy ja sen henkil\u00f6st\u00f6 eiv\u00e4t saa palkkioita vakuutusten v\u00e4litt\u00e4misest\u00e4 milt\u00e4\u00e4n vakuutusyhti\u00f6lt\u00e4, jolloin varmistetaan, ett\u00e4 yritys ja sen henkil\u00f6st\u00f6 toimivat aina asiakkaan parhaan edun mukaisesti ilman omia intressej\u00e4. Nordic Broker NB Oy:n oma palkitsemispolitiikka vahvistetaan vuosittain kest\u00e4vyysriskit huomioiden.[\/vc_column_text][vc_empty_space height=&#8221;10px&#8221;][\/vc_column_inner][\/vc_row_inner][\/vc_column][\/vc_row][vc_row css_animation=&#8221;&#8221; row_type=&#8221;row&#8221; use_row_as_full_screen_section=&#8221;no&#8221; type=&#8221;full_width&#8221; angled_section=&#8221;no&#8221; text_align=&#8221;left&#8221; background_image_as_pattern=&#8221;without_pattern&#8221; css=&#8221;.vc_custom_1679554354894{margin-top: 0px !important;margin-right: 0px !important;margin-bottom: 0px !important;margin-left: 0px !important;padding-top: 100px !important;padding-right: 20px !important;padding-bottom: 10px !important;padding-left: 20px !important;background-color: #f4f4f4 !important;}&#8221; z_index=&#8221;&#8221;][vc_column width=&#8221;1\/4&#8243; css=&#8221;.vc_custom_1679554483100{padding-right: 0px !important;}&#8221;][vc_single_image image=&#8221;183&#8243; img_size=&#8221;medium&#8221; qode_css_animation=&#8221;&#8221;][vc_empty_space height=&#8221;20px&#8221;][vc_column_text css=&#8221;.vc_custom_1679558182095{padding-right: 30px !important;}&#8221;]Asiantuntemuksemme takaa sinulle vapauden keskitty\u00e4 siihen, miss\u00e4 olet vahvimmillasi. Anna meid\u00e4n puolestamme tehd\u00e4 se, mink\u00e4 osaamme parhaiten: vakuuttaa yrityksesi menestys Suomessa ja ulkomailla. Keskitymme erityisesti tarjoamaan tukea kotimaisille ja kansainv\u00e4lisille yrityksille sek\u00e4 suomalaisilla ett\u00e4 kansainv\u00e4lisill\u00e4 markkinoilla.[\/vc_column_text][\/vc_column][vc_column width=&#8221;1\/4&#8243;][vc_column_text]<\/p>\n<h3>Yrityksemme<\/h3>\n<p>[\/vc_column_text][vc_empty_space height=&#8221;20px&#8221;][vc_column_text]<a href=\"https:\/\/nordicbroker.fi\/fi\/\">Nordic Broker<\/a><\/p>\n<p><a href=\"https:\/\/nordicbroker.fi\/fi\/Palvelumme\/\">Palvelumme<\/a><\/p>\n<p><a href=\"https:\/\/nordicbroker.fi\/fi\/tiimimme\/\">Tiimimme<\/a><\/p>\n<p><a href=\"https:\/\/nordicbroker.fi\/?page_id=755&amp;preview=true\" target=\"_blank\" rel=\"noopener\">SFDR<\/a>[\/vc_column_text][\/vc_column][vc_column width=&#8221;1\/4&#8243;][vc_column_text]<\/p>\n<h3>Ota yhteytt\u00e4<\/h3>\n<p>[\/vc_column_text][vc_empty_space height=&#8221;20px&#8221;][vc_column_text]<a href=\"tel:+358406847388\">+358 40 684 73 88<\/a><br \/>\n<a href=\"mailto:info@nordicbroker.fi\">info@nordicbroker.fi<\/a><br \/>\nL\u00f6nnrotinkatu 22 B 27<br \/>\n00120 Helsinki[\/vc_column_text][\/vc_column][vc_column width=&#8221;1\/4&#8243;][vc_column_text]<\/p>\n<h3>Toimistomme<\/h3>\n<p>[\/vc_column_text][vc_empty_space height=&#8221;20px&#8221;][vc_column_text]L\u00f6nnrotinkatu 22 B 27<br \/>\n00120 Helsinki[\/vc_column_text][vc_empty_space height=&#8221;14px&#8221;][vc_gmaps link=&#8221;#E-8_JTNDaWZyYW1lJTIwc3JjJTNEJTIyaHR0cHMlM0ElMkYlMkZ3d3cuZ29vZ2xlLmNvbSUyRm1hcHMlMkZlbWJlZCUzRnBiJTNEJTIxMW0xOCUyMTFtMTIlMjExbTMlMjExZDE5ODQuOTcxNjUwMDk3NTIzMyUyMTJkMjQuOTMxNzc0NzUxOTM1OTclMjEzZDYwLjE2NDY0ODE4MTg3MDM1NSUyMTJtMyUyMTFmMCUyMTJmMCUyMTNmMCUyMTNtMiUyMTFpMTAyNCUyMTJpNzY4JTIxNGYxMy4xJTIxM20zJTIxMW0yJTIxMXMweDQ2OTIwYmNhZjJlOTI3OWIlMjUzQTB4NGYxZGU1ZGYyZjQ2N2UwMiUyMTJzTCUyNUMzJTI1QjZubnJvdGlua2F0dSUyNTIwMjIlMjUyQyUyNTIwMDAxMjAlMjUyMEhlbHNpbmtpJTIxNWUwJTIxM20yJTIxMXNlbiUyMTJzZmklMjE0djE1OTk3NDgxMTYwMDklMjE1bTIlMjExc2VuJTIxMnNmaSUyMiUyMHdpZHRoJTNEJTIyMzAwJTIyJTIwaGVpZ2h0JTNEJTIyMjAwJTIyJTIwZnJhbWVib3JkZXIlM0QlMjIwJTIyJTIwc3R5bGUlM0QlMjJib3JkZXIlM0EwJTNCJTIyJTIwYWxsb3dmdWxsc2NyZWVuJTNEJTIyJTIyJTIwYXJpYS1oaWRkZW4lM0QlMjJmYWxzZSUyMiUyMHRhYmluZGV4JTNEJTIyMCUyMiUzRSUzQyUyRmlmcmFtZSUzRQ==&#8221;][\/vc_column][\/vc_row]<\/p>\n<\/section>","protected":false},"excerpt":{"rendered":"<p>[vc_row css_animation=&#8221;&#8221; row_type=&#8221;row&#8221; use_row_as_full_screen_section=&#8221;no&#8221; type=&#8221;grid&#8221; angled_section=&#8221;no&#8221; text_align=&#8221;center&#8221; background_image_as_pattern=&#8221;without_pattern&#8221;][vc_column][vc_row_inner row_type=&#8221;row&#8221; type=&#8221;full_width&#8221; text_align=&#8221;left&#8221; css_animation=&#8221;&#8221; css=&#8221;.vc_custom_1469104207746{padding-bottom: 87px !important;}&#8221;][vc_column_inner][vc_single_image image=&#8221;756&#8243; img_size=&#8221;1280&#215;400&#8243; alignment=&#8221;center&#8221; qode_css_animation=&#8221;&#8221;][vc_empty_space height=&#8221;30px&#8221;][vc_column_text] Nordic Broker NB Oy: n SFDR periaatteet [\/vc_column_text][vc_empty_space height=&#8221;30px&#8221;][vc_column_text]Haitallisilla kest\u00e4vyysvaikutuksilla tarkoitetaan negatiivisia ymp\u00e4rist\u00f6\u00f6n, yhteiskuntaan tai sosiaalisiin tekij\u00f6ihin kohdistuvia vaikutuksia, jotka voivat synty\u00e4 sijoituskohteista joko suoraan&#8230;<\/p>\n","protected":false},"author":2,"featured_media":0,"parent":0,"menu_order":0,"comment_status":"closed","ping_status":"closed","template":"full_width.php","meta":{"footnotes":""},"yoast_head":"<!-- This site is optimized with the Yoast SEO plugin v24.5 - https:\/\/yoast.com\/wordpress\/plugins\/seo\/ -->\n<title>Nordic Broker NB Oy:n SFDR periaatteet - Nordic Broker<\/title>\n<meta name=\"description\" content=\"Real Estate Warranty + is the most comprehensive protection for Real Estate Transactions by combining TDD and transaction liability insurance\" \/>\n<meta name=\"robots\" content=\"index, follow, max-snippet:-1, max-image-preview:large, max-video-preview:-1\" \/>\n<link rel=\"canonical\" href=\"https:\/\/nordicbroker.fi\/fi\/our-sfdr-principles\/\" \/>\n<meta property=\"og:locale\" content=\"fi_FI\" \/>\n<meta property=\"og:type\" content=\"article\" \/>\n<meta property=\"og:title\" content=\"Nordic Broker NB Oy:n SFDR periaatteet - Nordic Broker\" \/>\n<meta property=\"og:description\" content=\"Real Estate Warranty + is the most comprehensive protection for Real Estate Transactions by combining TDD and transaction liability insurance\" \/>\n<meta property=\"og:url\" content=\"https:\/\/nordicbroker.fi\/fi\/our-sfdr-principles\/\" \/>\n<meta property=\"og:site_name\" content=\"Nordic Broker\" \/>\n<meta property=\"article:modified_time\" content=\"2024-11-22T13:42:36+00:00\" \/>\n<meta name=\"twitter:card\" content=\"summary_large_image\" \/>\n<meta name=\"twitter:label1\" content=\"Arvioitu lukuaika\" \/>\n\t<meta name=\"twitter:data1\" content=\"2 minuuttia\" \/>\n<script type=\"application\/ld+json\" class=\"yoast-schema-graph\">{\"@context\":\"https:\/\/schema.org\",\"@graph\":[{\"@type\":\"WebPage\",\"@id\":\"https:\/\/nordicbroker.fi\/fi\/our-sfdr-principles\/\",\"url\":\"https:\/\/nordicbroker.fi\/fi\/our-sfdr-principles\/\",\"name\":\"Nordic Broker NB Oy:n SFDR periaatteet - Nordic Broker\",\"isPartOf\":{\"@id\":\"https:\/\/nordicbroker.fi\/fi\/#website\"},\"datePublished\":\"2024-11-22T13:18:47+00:00\",\"dateModified\":\"2024-11-22T13:42:36+00:00\",\"description\":\"Real Estate Warranty + is the most comprehensive protection for Real Estate Transactions by combining TDD and transaction liability insurance\",\"breadcrumb\":{\"@id\":\"https:\/\/nordicbroker.fi\/fi\/our-sfdr-principles\/#breadcrumb\"},\"inLanguage\":\"fi\",\"potentialAction\":[{\"@type\":\"ReadAction\",\"target\":[\"https:\/\/nordicbroker.fi\/fi\/our-sfdr-principles\/\"]}]},{\"@type\":\"BreadcrumbList\",\"@id\":\"https:\/\/nordicbroker.fi\/fi\/our-sfdr-principles\/#breadcrumb\",\"itemListElement\":[{\"@type\":\"ListItem\",\"position\":1,\"name\":\"Home\",\"item\":\"https:\/\/nordicbroker.fi\/fi\/\"},{\"@type\":\"ListItem\",\"position\":2,\"name\":\"Nordic Broker NB Oy:n SFDR periaatteet\"}]},{\"@type\":\"WebSite\",\"@id\":\"https:\/\/nordicbroker.fi\/fi\/#website\",\"url\":\"https:\/\/nordicbroker.fi\/fi\/\",\"name\":\"Nordic Broker\",\"description\":\"Insuring the important\",\"potentialAction\":[{\"@type\":\"SearchAction\",\"target\":{\"@type\":\"EntryPoint\",\"urlTemplate\":\"https:\/\/nordicbroker.fi\/fi\/?s={search_term_string}\"},\"query-input\":{\"@type\":\"PropertyValueSpecification\",\"valueRequired\":true,\"valueName\":\"search_term_string\"}}],\"inLanguage\":\"fi\"}]}<\/script>\n<!-- \/ Yoast SEO plugin. -->","yoast_head_json":{"title":"Nordic Broker NB Oy:n SFDR periaatteet - Nordic Broker","description":"Real Estate Warranty + is the most comprehensive protection for Real Estate Transactions by combining TDD and transaction liability insurance","robots":{"index":"index","follow":"follow","max-snippet":"max-snippet:-1","max-image-preview":"max-image-preview:large","max-video-preview":"max-video-preview:-1"},"canonical":"https:\/\/nordicbroker.fi\/fi\/our-sfdr-principles\/","og_locale":"fi_FI","og_type":"article","og_title":"Nordic Broker NB Oy:n SFDR periaatteet - Nordic Broker","og_description":"Real Estate Warranty + is the most comprehensive protection for Real Estate Transactions by combining TDD and transaction liability insurance","og_url":"https:\/\/nordicbroker.fi\/fi\/our-sfdr-principles\/","og_site_name":"Nordic Broker","article_modified_time":"2024-11-22T13:42:36+00:00","twitter_card":"summary_large_image","twitter_misc":{"Arvioitu lukuaika":"2 minuuttia"},"schema":{"@context":"https:\/\/schema.org","@graph":[{"@type":"WebPage","@id":"https:\/\/nordicbroker.fi\/fi\/our-sfdr-principles\/","url":"https:\/\/nordicbroker.fi\/fi\/our-sfdr-principles\/","name":"Nordic Broker NB Oy:n SFDR periaatteet - Nordic Broker","isPartOf":{"@id":"https:\/\/nordicbroker.fi\/fi\/#website"},"datePublished":"2024-11-22T13:18:47+00:00","dateModified":"2024-11-22T13:42:36+00:00","description":"Real Estate Warranty + is the most comprehensive protection for Real Estate Transactions by combining TDD and transaction liability insurance","breadcrumb":{"@id":"https:\/\/nordicbroker.fi\/fi\/our-sfdr-principles\/#breadcrumb"},"inLanguage":"fi","potentialAction":[{"@type":"ReadAction","target":["https:\/\/nordicbroker.fi\/fi\/our-sfdr-principles\/"]}]},{"@type":"BreadcrumbList","@id":"https:\/\/nordicbroker.fi\/fi\/our-sfdr-principles\/#breadcrumb","itemListElement":[{"@type":"ListItem","position":1,"name":"Home","item":"https:\/\/nordicbroker.fi\/fi\/"},{"@type":"ListItem","position":2,"name":"Nordic Broker NB Oy:n SFDR periaatteet"}]},{"@type":"WebSite","@id":"https:\/\/nordicbroker.fi\/fi\/#website","url":"https:\/\/nordicbroker.fi\/fi\/","name":"Nordic Broker","description":"Insuring the important","potentialAction":[{"@type":"SearchAction","target":{"@type":"EntryPoint","urlTemplate":"https:\/\/nordicbroker.fi\/fi\/?s={search_term_string}"},"query-input":{"@type":"PropertyValueSpecification","valueRequired":true,"valueName":"search_term_string"}}],"inLanguage":"fi"}]}},"jetpack_sharing_enabled":true,"_links":{"self":[{"href":"https:\/\/nordicbroker.fi\/fi\/wp-json\/wp\/v2\/pages\/768"}],"collection":[{"href":"https:\/\/nordicbroker.fi\/fi\/wp-json\/wp\/v2\/pages"}],"about":[{"href":"https:\/\/nordicbroker.fi\/fi\/wp-json\/wp\/v2\/types\/page"}],"author":[{"embeddable":true,"href":"https:\/\/nordicbroker.fi\/fi\/wp-json\/wp\/v2\/users\/2"}],"replies":[{"embeddable":true,"href":"https:\/\/nordicbroker.fi\/fi\/wp-json\/wp\/v2\/comments?post=768"}],"version-history":[{"count":3,"href":"https:\/\/nordicbroker.fi\/fi\/wp-json\/wp\/v2\/pages\/768\/revisions"}],"predecessor-version":[{"id":770,"href":"https:\/\/nordicbroker.fi\/fi\/wp-json\/wp\/v2\/pages\/768\/revisions\/770"}],"wp:attachment":[{"href":"https:\/\/nordicbroker.fi\/fi\/wp-json\/wp\/v2\/media?parent=768"}],"curies":[{"name":"wp","href":"https:\/\/api.w.org\/{rel}","templated":true}]}}