{"id":877,"date":"2025-12-15T16:57:26","date_gmt":"2025-12-15T14:57:26","guid":{"rendered":"https:\/\/nordicbroker.fi\/?page_id=877"},"modified":"2026-01-05T20:03:29","modified_gmt":"2026-01-05T18:03:29","slug":"vakuutukset-ukrainaan-konfliktin-aikaan","status":"publish","type":"page","link":"https:\/\/nordicbroker.fi\/fi\/palvelumme\/vakuutukset-ukrainaan-konfliktin-aikaan\/","title":{"rendered":"Vakuuta Ukrainassa konfliktin aikana"},"content":{"rendered":"<section class=\"wpb-content-wrapper\"><p>[vc_row css_animation=&#8221;&#8221; row_type=&#8221;row&#8221; use_row_as_full_screen_section=&#8221;no&#8221; type=&#8221;grid&#8221; angled_section=&#8221;no&#8221; text_align=&#8221;left&#8221; background_image_as_pattern=&#8221;without_pattern&#8221; z_index=&#8221;&#8221;][vc_column][vc_gallery interval=&#8221;3&#8243; images=&#8221;837,834,831&#8243; img_size=&#8221;600&#215;240&#8243;][\/vc_column][\/vc_row][vc_row css_animation=&#8221;&#8221; row_type=&#8221;row&#8221; use_row_as_full_screen_section=&#8221;no&#8221; type=&#8221;grid&#8221; angled_section=&#8221;no&#8221; text_align=&#8221;left&#8221; background_image_as_pattern=&#8221;without_pattern&#8221; z_index=&#8221;&#8221; el_class=&#8221;ukraine-page-row&#8221;][vc_column][vc_column_text]<\/p>\n<h6>Sota Ukrainassa \u2013 vakuutusratkaisuja konfliktialueella<\/h6>\n<h3>Nordic Broker \u2013 erikoistunut vakuutuskumppani Ukrainaan<\/h3>\n<p>Vakuutusten j\u00e4rjest\u00e4minen Ukrainassa ei ole nykytilanteessa suoraviivaista, sill\u00e4 vakuutusymp\u00e4rist\u00f6 on k\u00e4ynniss\u00e4 olevien sotatoimien vuoksi voimakkaasti rajoittunut.<br \/>\nKapasiteetti on rajallista, ehdot muuttuvat usein ja jokainen riski edellytt\u00e4\u00e4 huolellista rakenteellista suunnittelua.<br \/>\n[\/vc_column_text][\/vc_column][\/vc_row][vc_row css_animation=&#8221;&#8221; row_type=&#8221;row&#8221; use_row_as_full_screen_section=&#8221;no&#8221; type=&#8221;grid&#8221; angled_section=&#8221;no&#8221; text_align=&#8221;left&#8221; background_image_as_pattern=&#8221;without_pattern&#8221; z_index=&#8221;&#8221; el_class=&#8221;ukraine-page-row&#8221;][vc_column][vc_column_text]<\/p>\n<h4>Nordic Broker tukee asiakkaitaan seuraavissa:<\/h4>\n<ul>\n<li>Sotariskivakuutukset omaisuudelle, varoille ja liiketoiminnalle<\/li>\n<li>Konfliktialueiden rajoituksiin mukautetut yritysvakuutukset<\/li>\n<li>Matka- ja henkil\u00f6vakuutukset, sis\u00e4lt\u00e4en l\u00e4\u00e4kinn\u00e4llisen avun, evakuoinnin ja turvallisuustuen<\/li>\n<\/ul>\n<p>[\/vc_column_text][\/vc_column][\/vc_row][vc_row css_animation=&#8221;&#8221; row_type=&#8221;row&#8221; use_row_as_full_screen_section=&#8221;no&#8221; type=&#8221;grid&#8221; angled_section=&#8221;no&#8221; text_align=&#8221;left&#8221; background_image_as_pattern=&#8221;without_pattern&#8221; z_index=&#8221;&#8221; el_class=&#8221;ukraine-page-row&#8221;][vc_column][vc_column_text]Toimintamme Ukrainassa sek\u00e4 p\u00e4\u00e4sy kansainv\u00e4lisille vakuutusmarkkinoille mahdollistavat riskien realistisen arvioinnin ja niiden uskottavan esitt\u00e4misen vakuuttajille.<\/p>\n<p>L\u00e4hestymistapamme on konsultatiivinen: perehdymme ensin toimintaasi ja rakennamme sen pohjalta parhaiten soveltuvan vakuutusratkaisun.<br \/>\n[\/vc_column_text][\/vc_column][\/vc_row][vc_row css_animation=&#8221;&#8221; row_type=&#8221;row&#8221; use_row_as_full_screen_section=&#8221;no&#8221; type=&#8221;grid&#8221; angled_section=&#8221;no&#8221; text_align=&#8221;left&#8221; background_image_as_pattern=&#8221;without_pattern&#8221; el_class=&#8221;ukraine-page-row&#8221; z_index=&#8221;&#8221;][vc_column][vc_column_text]<\/p>\n<h4>Ota yhteytt\u00e4:<\/h4>\n<p>[\/vc_column_text][vc_column_text]<\/p>\n<h4>Nordic Broker:in Ukraina vakuutukset tiimi<\/h4>\n<p>[\/vc_column_text][vc_column_text]<a style=\"font-weight: 400; color: inherit; text-decoration: none;\" href=\"tel:+358406751968\">+358 40 675 1968<\/a>[\/vc_column_text][vc_empty_space height=&#8221;40px&#8221;][\/vc_column][\/vc_row][vc_row css_animation=&#8221;&#8221; row_type=&#8221;row&#8221; use_row_as_full_screen_section=&#8221;no&#8221; type=&#8221;grid&#8221; angled_section=&#8221;no&#8221; text_align=&#8221;left&#8221; background_image_as_pattern=&#8221;without_pattern&#8221; z_index=&#8221;&#8221;][vc_column width=&#8221;1\/4&#8243; css=&#8221;.vc_custom_1765809838717{padding-bottom: 32px !important;}&#8221;][\/vc_column][vc_column width=&#8221;1\/4&#8243;][\/vc_column][\/vc_row]<\/p>\n<\/section>","protected":false},"excerpt":{"rendered":"<p>[vc_row css_animation=&#8221;&#8221; row_type=&#8221;row&#8221; use_row_as_full_screen_section=&#8221;no&#8221; type=&#8221;grid&#8221; angled_section=&#8221;no&#8221; text_align=&#8221;left&#8221; background_image_as_pattern=&#8221;without_pattern&#8221; z_index=&#8221;&#8221;][vc_column][vc_gallery interval=&#8221;3&#8243; images=&#8221;837,834,831&#8243; img_size=&#8221;600&#215;240&#8243;][\/vc_column][\/vc_row][vc_row css_animation=&#8221;&#8221; row_type=&#8221;row&#8221; use_row_as_full_screen_section=&#8221;no&#8221; type=&#8221;grid&#8221; angled_section=&#8221;no&#8221; text_align=&#8221;left&#8221; background_image_as_pattern=&#8221;without_pattern&#8221; z_index=&#8221;&#8221; el_class=&#8221;ukraine-page-row&#8221;][vc_column][vc_column_text] Sota Ukrainassa \u2013 vakuutusratkaisuja konfliktialueella Nordic Broker \u2013 erikoistunut vakuutuskumppani Ukrainaan Vakuutusten j\u00e4rjest\u00e4minen Ukrainassa ei ole nykytilanteessa suoraviivaista, sill\u00e4 vakuutusymp\u00e4rist\u00f6 on k\u00e4ynniss\u00e4 olevien sotatoimien&#8230;<\/p>\n","protected":false},"author":4,"featured_media":0,"parent":426,"menu_order":0,"comment_status":"closed","ping_status":"closed","template":"","meta":{"footnotes":""},"yoast_head":"<!-- This site is optimized with the Yoast SEO plugin v24.5 - https:\/\/yoast.com\/wordpress\/plugins\/seo\/ -->\n<title>Vakuuta Ukrainassa konfliktin aikana - Nordic Broker<\/title>\n<meta name=\"robots\" content=\"index, follow, max-snippet:-1, max-image-preview:large, max-video-preview:-1\" \/>\n<link rel=\"canonical\" href=\"https:\/\/nordicbroker.fi\/fi\/palvelumme\/vakuutukset-ukrainaan-konfliktin-aikaan\/\" \/>\n<meta property=\"og:locale\" content=\"fi_FI\" \/>\n<meta property=\"og:type\" content=\"article\" \/>\n<meta property=\"og:title\" content=\"Vakuuta Ukrainassa konfliktin aikana - Nordic Broker\" \/>\n<meta property=\"og:description\" content=\"[vc_row css_animation=&#8221;&#8221; row_type=&#8221;row&#8221; use_row_as_full_screen_section=&#8221;no&#8221; type=&#8221;grid&#8221; angled_section=&#8221;no&#8221; text_align=&#8221;left&#8221; background_image_as_pattern=&#8221;without_pattern&#8221; z_index=&#8221;&#8221;][vc_column][vc_gallery interval=&#8221;3&#8243; images=&#8221;837,834,831&#8243; img_size=&#8221;600&#215;240&#8243;][\/vc_column][\/vc_row][vc_row css_animation=&#8221;&#8221; row_type=&#8221;row&#8221; use_row_as_full_screen_section=&#8221;no&#8221; type=&#8221;grid&#8221; angled_section=&#8221;no&#8221; text_align=&#8221;left&#8221; background_image_as_pattern=&#8221;without_pattern&#8221; z_index=&#8221;&#8221; el_class=&#8221;ukraine-page-row&#8221;][vc_column][vc_column_text] Sota Ukrainassa \u2013 vakuutusratkaisuja konfliktialueella Nordic Broker \u2013 erikoistunut vakuutuskumppani Ukrainaan Vakuutusten j\u00e4rjest\u00e4minen Ukrainassa ei ole nykytilanteessa suoraviivaista, sill\u00e4 vakuutusymp\u00e4rist\u00f6 on k\u00e4ynniss\u00e4 olevien sotatoimien...\" \/>\n<meta property=\"og:url\" content=\"https:\/\/nordicbroker.fi\/fi\/palvelumme\/vakuutukset-ukrainaan-konfliktin-aikaan\/\" \/>\n<meta property=\"og:site_name\" content=\"Nordic Broker\" \/>\n<meta property=\"article:modified_time\" content=\"2026-01-05T18:03:29+00:00\" \/>\n<meta name=\"twitter:card\" content=\"summary_large_image\" \/>\n<meta name=\"twitter:label1\" content=\"Arvioitu lukuaika\" \/>\n\t<meta name=\"twitter:data1\" content=\"2 minuuttia\" \/>\n<script type=\"application\/ld+json\" class=\"yoast-schema-graph\">{\"@context\":\"https:\/\/schema.org\",\"@graph\":[{\"@type\":\"WebPage\",\"@id\":\"https:\/\/nordicbroker.fi\/fi\/palvelumme\/vakuutukset-ukrainaan-konfliktin-aikaan\/\",\"url\":\"https:\/\/nordicbroker.fi\/fi\/palvelumme\/vakuutukset-ukrainaan-konfliktin-aikaan\/\",\"name\":\"Vakuuta Ukrainassa konfliktin aikana - Nordic Broker\",\"isPartOf\":{\"@id\":\"https:\/\/nordicbroker.fi\/fi\/#website\"},\"datePublished\":\"2025-12-15T14:57:26+00:00\",\"dateModified\":\"2026-01-05T18:03:29+00:00\",\"breadcrumb\":{\"@id\":\"https:\/\/nordicbroker.fi\/fi\/palvelumme\/vakuutukset-ukrainaan-konfliktin-aikaan\/#breadcrumb\"},\"inLanguage\":\"fi\",\"potentialAction\":[{\"@type\":\"ReadAction\",\"target\":[\"https:\/\/nordicbroker.fi\/fi\/palvelumme\/vakuutukset-ukrainaan-konfliktin-aikaan\/\"]}]},{\"@type\":\"BreadcrumbList\",\"@id\":\"https:\/\/nordicbroker.fi\/fi\/palvelumme\/vakuutukset-ukrainaan-konfliktin-aikaan\/#breadcrumb\",\"itemListElement\":[{\"@type\":\"ListItem\",\"position\":1,\"name\":\"Home\",\"item\":\"https:\/\/nordicbroker.fi\/fi\/\"},{\"@type\":\"ListItem\",\"position\":2,\"name\":\"Palvelumme\",\"item\":\"https:\/\/nordicbroker.fi\/fi\/palvelumme\/\"},{\"@type\":\"ListItem\",\"position\":3,\"name\":\"Vakuuta Ukrainassa konfliktin aikana\"}]},{\"@type\":\"WebSite\",\"@id\":\"https:\/\/nordicbroker.fi\/fi\/#website\",\"url\":\"https:\/\/nordicbroker.fi\/fi\/\",\"name\":\"Nordic Broker\",\"description\":\"Insuring the important\",\"potentialAction\":[{\"@type\":\"SearchAction\",\"target\":{\"@type\":\"EntryPoint\",\"urlTemplate\":\"https:\/\/nordicbroker.fi\/fi\/?s={search_term_string}\"},\"query-input\":{\"@type\":\"PropertyValueSpecification\",\"valueRequired\":true,\"valueName\":\"search_term_string\"}}],\"inLanguage\":\"fi\"}]}<\/script>\n<!-- \/ Yoast SEO plugin. -->","yoast_head_json":{"title":"Vakuuta Ukrainassa konfliktin aikana - Nordic Broker","robots":{"index":"index","follow":"follow","max-snippet":"max-snippet:-1","max-image-preview":"max-image-preview:large","max-video-preview":"max-video-preview:-1"},"canonical":"https:\/\/nordicbroker.fi\/fi\/palvelumme\/vakuutukset-ukrainaan-konfliktin-aikaan\/","og_locale":"fi_FI","og_type":"article","og_title":"Vakuuta Ukrainassa konfliktin aikana - Nordic Broker","og_description":"[vc_row css_animation=&#8221;&#8221; row_type=&#8221;row&#8221; use_row_as_full_screen_section=&#8221;no&#8221; type=&#8221;grid&#8221; angled_section=&#8221;no&#8221; text_align=&#8221;left&#8221; background_image_as_pattern=&#8221;without_pattern&#8221; z_index=&#8221;&#8221;][vc_column][vc_gallery interval=&#8221;3&#8243; images=&#8221;837,834,831&#8243; img_size=&#8221;600&#215;240&#8243;][\/vc_column][\/vc_row][vc_row css_animation=&#8221;&#8221; row_type=&#8221;row&#8221; use_row_as_full_screen_section=&#8221;no&#8221; type=&#8221;grid&#8221; angled_section=&#8221;no&#8221; text_align=&#8221;left&#8221; background_image_as_pattern=&#8221;without_pattern&#8221; z_index=&#8221;&#8221; el_class=&#8221;ukraine-page-row&#8221;][vc_column][vc_column_text] Sota Ukrainassa \u2013 vakuutusratkaisuja konfliktialueella Nordic Broker \u2013 erikoistunut vakuutuskumppani Ukrainaan Vakuutusten j\u00e4rjest\u00e4minen Ukrainassa ei ole nykytilanteessa suoraviivaista, sill\u00e4 vakuutusymp\u00e4rist\u00f6 on k\u00e4ynniss\u00e4 olevien sotatoimien...","og_url":"https:\/\/nordicbroker.fi\/fi\/palvelumme\/vakuutukset-ukrainaan-konfliktin-aikaan\/","og_site_name":"Nordic Broker","article_modified_time":"2026-01-05T18:03:29+00:00","twitter_card":"summary_large_image","twitter_misc":{"Arvioitu lukuaika":"2 minuuttia"},"schema":{"@context":"https:\/\/schema.org","@graph":[{"@type":"WebPage","@id":"https:\/\/nordicbroker.fi\/fi\/palvelumme\/vakuutukset-ukrainaan-konfliktin-aikaan\/","url":"https:\/\/nordicbroker.fi\/fi\/palvelumme\/vakuutukset-ukrainaan-konfliktin-aikaan\/","name":"Vakuuta Ukrainassa konfliktin aikana - Nordic Broker","isPartOf":{"@id":"https:\/\/nordicbroker.fi\/fi\/#website"},"datePublished":"2025-12-15T14:57:26+00:00","dateModified":"2026-01-05T18:03:29+00:00","breadcrumb":{"@id":"https:\/\/nordicbroker.fi\/fi\/palvelumme\/vakuutukset-ukrainaan-konfliktin-aikaan\/#breadcrumb"},"inLanguage":"fi","potentialAction":[{"@type":"ReadAction","target":["https:\/\/nordicbroker.fi\/fi\/palvelumme\/vakuutukset-ukrainaan-konfliktin-aikaan\/"]}]},{"@type":"BreadcrumbList","@id":"https:\/\/nordicbroker.fi\/fi\/palvelumme\/vakuutukset-ukrainaan-konfliktin-aikaan\/#breadcrumb","itemListElement":[{"@type":"ListItem","position":1,"name":"Home","item":"https:\/\/nordicbroker.fi\/fi\/"},{"@type":"ListItem","position":2,"name":"Palvelumme","item":"https:\/\/nordicbroker.fi\/fi\/palvelumme\/"},{"@type":"ListItem","position":3,"name":"Vakuuta Ukrainassa konfliktin aikana"}]},{"@type":"WebSite","@id":"https:\/\/nordicbroker.fi\/fi\/#website","url":"https:\/\/nordicbroker.fi\/fi\/","name":"Nordic Broker","description":"Insuring the important","potentialAction":[{"@type":"SearchAction","target":{"@type":"EntryPoint","urlTemplate":"https:\/\/nordicbroker.fi\/fi\/?s={search_term_string}"},"query-input":{"@type":"PropertyValueSpecification","valueRequired":true,"valueName":"search_term_string"}}],"inLanguage":"fi"}]}},"jetpack_sharing_enabled":true,"_links":{"self":[{"href":"https:\/\/nordicbroker.fi\/fi\/wp-json\/wp\/v2\/pages\/877"}],"collection":[{"href":"https:\/\/nordicbroker.fi\/fi\/wp-json\/wp\/v2\/pages"}],"about":[{"href":"https:\/\/nordicbroker.fi\/fi\/wp-json\/wp\/v2\/types\/page"}],"author":[{"embeddable":true,"href":"https:\/\/nordicbroker.fi\/fi\/wp-json\/wp\/v2\/users\/4"}],"replies":[{"embeddable":true,"href":"https:\/\/nordicbroker.fi\/fi\/wp-json\/wp\/v2\/comments?post=877"}],"version-history":[{"count":3,"href":"https:\/\/nordicbroker.fi\/fi\/wp-json\/wp\/v2\/pages\/877\/revisions"}],"predecessor-version":[{"id":897,"href":"https:\/\/nordicbroker.fi\/fi\/wp-json\/wp\/v2\/pages\/877\/revisions\/897"}],"up":[{"embeddable":true,"href":"https:\/\/nordicbroker.fi\/fi\/wp-json\/wp\/v2\/pages\/426"}],"wp:attachment":[{"href":"https:\/\/nordicbroker.fi\/fi\/wp-json\/wp\/v2\/media?parent=877"}],"curies":[{"name":"wp","href":"https:\/\/api.w.org\/{rel}","templated":true}]}}