{"id":1091,"date":"2026-03-05T16:18:53","date_gmt":"2026-03-05T14:18:53","guid":{"rendered":"https:\/\/nordicbroker.fi\/?page_id=1091"},"modified":"2026-03-05T22:32:22","modified_gmt":"2026-03-05T20:32:22","slug":"kris-i-mellanostern-forsakringslosningar","status":"publish","type":"page","link":"https:\/\/nordicbroker.fi\/sv\/vara-tjanster\/kris-i-mellanostern-forsakringslosningar\/","title":{"rendered":"Kris i Mellan\u00f6stern \u2013 f\u00f6rs\u00e4kringsl\u00f6sningar vid pl\u00f6tsliga geopolitiska st\u00f6rningar"},"content":{"rendered":"<section class=\"wpb-content-wrapper\"><p>[vc_row css_animation=&#8221;&#8221; row_type=&#8221;row&#8221; use_row_as_full_screen_section=&#8221;no&#8221; type=&#8221;full_width&#8221; angled_section=&#8221;no&#8221; text_align=&#8221;left&#8221; background_image_as_pattern=&#8221;without_pattern&#8221;][vc_column][vc_gallery interval=&#8221;3&#8243; images=&#8221;1057,1061,1065&#8243; img_size=&#8221;600&#215;240&#8243;][\/vc_column][\/vc_row][vc_row css_animation=&#8221;&#8221; row_type=&#8221;row&#8221; use_row_as_full_screen_section=&#8221;no&#8221; type=&#8221;full_width&#8221; angled_section=&#8221;no&#8221; text_align=&#8221;left&#8221; background_image_as_pattern=&#8221;without_pattern&#8221; el_class=&#8221;ukraine-page-row&#8221; z_index=&#8221;&#8221;][vc_column][vc_column_text]<\/p>\n<h6>Kris i Mellan\u00f6stern<\/h6>\n<h3>F\u00f6rs\u00e4kringsl\u00f6sningar vid pl\u00f6tsliga geopolitiska st\u00f6rningar<\/h3>\n<h4>Nordic Broker \u2013 specialistst\u00f6d n\u00e4r riskerna f\u00f6r\u00e4ndras snabbt<\/h4>\n<p>Den senaste akuta krisen i Mellan\u00f6stern har visat hur snabbt omst\u00e4ndigheterna kan f\u00f6r\u00e4ndras f\u00f6r f\u00f6retag, resen\u00e4rer och organisationer med personer, tillg\u00e5ngar eller verksamhet kopplad till en region.<\/p>\n<p>\u00c4ven om varje konflikt och kris \u00e4r olika \u2014 och den aktuella situationen s\u00e5 sm\u00e5ningom kommer att f\u00f6r\u00e4ndras \u2014 \u00e4r den underliggande f\u00f6rs\u00e4kringsutmaningen \u00e5terkommande: n\u00e4r en kris bryter ut blir f\u00f6rs\u00e4kringsfr\u00e5gorna ofta br\u00e5dskande samtidigt som f\u00f6ruts\u00e4ttningarna blir mer begr\u00e4nsande.<\/p>\n<p>I milj\u00f6er med h\u00f6g risk eller snabbt f\u00f6r\u00e4nderliga f\u00f6rh\u00e5llanden \u00e4r f\u00f6rs\u00e4kring s\u00e4llan okomplicerad. F\u00f6rs\u00e4kringsvillkor kan inneh\u00e5lla undantag kopplade till krig, v\u00e4pnad konflikt, civil oro eller myndigheters reseavr\u00e5dan. Dessutom kan f\u00f6rs\u00e4kringsgivares riskaptit och tillg\u00e4nglig kapacitet f\u00f6r\u00e4ndras snabbt, och i vissa fall kan till\u00e4ggsskydd vara begr\u00e4nsat eller inte l\u00e4ngre m\u00f6jligt n\u00e4r h\u00e4ndelser redan har utvecklats.<\/p>\n<p>Nordic Broker hj\u00e4lper kunder att f\u00f6rst\u00e5 sin exponering, se \u00f6ver befintligt skydd och strukturera \u00e4ndam\u00e5lsenliga f\u00f6rs\u00e4kringsl\u00f6sningar n\u00e4r det \u00e4r m\u00f6jligt via internationella f\u00f6rs\u00e4kringsmarknader.[\/vc_column_text][\/vc_column][\/vc_row][vc_row css_animation=&#8221;&#8221; row_type=&#8221;row&#8221; use_row_as_full_screen_section=&#8221;no&#8221; type=&#8221;full_width&#8221; angled_section=&#8221;no&#8221; text_align=&#8221;left&#8221; background_image_as_pattern=&#8221;without_pattern&#8221; el_class=&#8221;ukraine-page-row&#8221; z_index=&#8221;&#8221;][vc_column][vc_column_text]<\/p>\n<h4>Vem detta \u00e4r f\u00f6r<\/h4>\n<p>Vi st\u00f6djer ett brett spektrum av behov hos f\u00f6retag och organisationer, till exempel:<\/p>\n<ul>\n<li>F\u00f6retag med personal som reser till eller arbetar i regioner med h\u00f6gre risk<\/li>\n<li>Organisationer med p\u00e5g\u00e5ende projekt, verksamhetsplatser eller avtals\u00e5taganden utomlands<\/li>\n<li>F\u00f6retag med tillg\u00e5ngar, transporter, leverant\u00f6rer eller partners kopplade till krisdrabbade omr\u00e5den<\/li>\n<li>Verksamheter som snabbt beh\u00f6ver klarhet i vad deras nuvarande f\u00f6rs\u00e4kring t\u00e4cker \u2014 och inte t\u00e4cker \u2014 vid instabilitet<\/li>\n<\/ul>\n<p>[\/vc_column_text][\/vc_column][\/vc_row][vc_row css_animation=&#8221;&#8221; row_type=&#8221;row&#8221; use_row_as_full_screen_section=&#8221;no&#8221; type=&#8221;full_width&#8221; angled_section=&#8221;no&#8221; text_align=&#8221;left&#8221; background_image_as_pattern=&#8221;without_pattern&#8221; el_class=&#8221;ukraine-page-row&#8221; z_index=&#8221;&#8221;][vc_column][vc_column_text]<\/p>\n<h4>Hur Nordic Broker kan hj\u00e4lpa<\/h4>\n<p>V\u00e5rt st\u00f6d \u00e4r situationsanpassat och praktiskt. Beroende p\u00e5 l\u00e4get kan vi bist\u00e5 med:<\/p>\n<ul>\n<li>Genomg\u00e5ng av befintligt f\u00f6rs\u00e4kringsskydd\n<ul>\n<li>Klarg\u00f6rande av relevanta villkor, undantag och vad som kan vara realistiskt under r\u00e5dande f\u00f6ruts\u00e4ttningar.<\/li>\n<\/ul>\n<\/li>\n<li>\u00d6verv\u00e4ganden kring rese- och personf\u00f6rs\u00e4kringar\n<ul>\n<li>Inklusive medicinsk v\u00e5rd, assistans, planering f\u00f6r evakuering och repatriering samt f\u00f6rs\u00e4kringsgivares krav som kan g\u00e4lla i destinationer med h\u00f6gre risk.<\/li>\n<\/ul>\n<\/li>\n<li>Exponering kopplad till aff\u00e4rsverksamhet och projekt\n<ul>\n<li>Bed\u00f6mning av hur volatilitet kan p\u00e5verka p\u00e5g\u00e5ende verksamhet, projekt, avtalsf\u00f6rpliktelser och riskf\u00f6rdelning.<\/li>\n<\/ul>\n<\/li>\n<li>Risker kopplade till tillg\u00e5ngar, utrustning och egendom\n<ul>\n<li>N\u00e4r relevant, genomg\u00e5ng av hur tillg\u00e5ngar \u00e4r f\u00f6rs\u00e4krade vid verksamhet eller utplacering i omr\u00e5den med h\u00f6gre risk och vilka begr\u00e4nsningar som kan g\u00e4lla.<\/li>\n<\/ul>\n<\/li>\n<li>Krigsrisk och relaterade speciall\u00f6sningar\n<ul>\n<li>N\u00e4r skydd kan struktureras via l\u00e4mpliga marknader, inklusive relevanta till\u00e4gg eller skr\u00e4ddarsydda l\u00f6sningar beroende p\u00e5 riskprofil och tidpunkt.<\/li>\n<\/ul>\n<\/li>\n<li>Akuta situationer n\u00e4r ni redan \u00e4r p\u00e5verkade\n<ul>\n<li>Om er personal, verksamhet eller era resplaner redan p\u00e5verkas av en p\u00e5g\u00e5ende kris kan vi hj\u00e4lpa er att snabbt bed\u00f6ma f\u00f6rs\u00e4kringsl\u00e4get, identifiera begr\u00e4nsningar och unders\u00f6ka vilka alternativ som eventuellt \u00e5terst\u00e5r.<\/li>\n<\/ul>\n<\/li>\n<\/ul>\n<p>[\/vc_column_text][\/vc_column][\/vc_row][vc_row css_animation=&#8221;&#8221; row_type=&#8221;row&#8221; use_row_as_full_screen_section=&#8221;no&#8221; type=&#8221;full_width&#8221; angled_section=&#8221;no&#8221; text_align=&#8221;left&#8221; background_image_as_pattern=&#8221;without_pattern&#8221; el_class=&#8221;ukraine-page-row&#8221; z_index=&#8221;&#8221;][vc_column][vc_column_text]I akuta situationer \u00e4r det viktigt att vara realistisk: att ordna nytt skydd som en reaktion p\u00e5 h\u00e4ndelser \u00e4r ofta sv\u00e5rare, och i vissa fall kan skydd inte l\u00e4ngre vara tillg\u00e4ngligt f\u00f6r den omedelbara h\u00e4ndelsen. \u00c4ven d\u00e5 kan en genomg\u00e5ng av befintliga f\u00f6rs\u00e4kringar och f\u00f6rtydligande av handlingsalternativ vara avg\u00f6rande f\u00f6r beslutsfattande.[\/vc_column_text][\/vc_column][\/vc_row][vc_row css_animation=&#8221;&#8221; row_type=&#8221;row&#8221; use_row_as_full_screen_section=&#8221;no&#8221; type=&#8221;full_width&#8221; angled_section=&#8221;no&#8221; text_align=&#8221;left&#8221; background_image_as_pattern=&#8221;without_pattern&#8221; el_class=&#8221;ukraine-page-row&#8221; z_index=&#8221;&#8221;][vc_column][vc_column_text]<\/p>\n<h4>Varf\u00f6r specialistst\u00f6d spelar roll<\/h4>\n<p>F\u00f6rs\u00e4kringsfr\u00e5gor i krisomr\u00e5den inneb\u00e4r ofta:<\/p>\n<ul>\n<li>Snabbt f\u00f6r\u00e4nderliga f\u00f6ruts\u00e4ttningar och minskad riskaptit p\u00e5 marknaden<\/li>\n<li>Undantag som skiljer sig v\u00e4sentligt mellan f\u00f6rs\u00e4kringsgivare och produkter<\/li>\n<li>Krav kopplade till reseavr\u00e5dan eller rekommendationer fr\u00e5n offentliga myndigheter<\/li>\n<li>Praktiska planeringsbehov, s\u00e4rskilt kring medicinsk v\u00e5rd, evakueringslogistik och repatrieringsscenarier<\/li>\n<\/ul>\n<p>[\/vc_column_text][\/vc_column][\/vc_row][vc_row css_animation=&#8221;&#8221; row_type=&#8221;row&#8221; use_row_as_full_screen_section=&#8221;no&#8221; type=&#8221;full_width&#8221; angled_section=&#8221;no&#8221; text_align=&#8221;left&#8221; background_image_as_pattern=&#8221;without_pattern&#8221; el_class=&#8221;ukraine-page-row&#8221; z_index=&#8221;&#8221;][vc_column][vc_column_text]Nordic Brokers roll \u00e4r att hj\u00e4lpa kunder att navigera dessa begr\u00e4nsningar, presentera riskerna tydligt f\u00f6r f\u00f6rs\u00e4kringsgivare och identifiera praktiska, trov\u00e4rdiga alternativ \u2014 utan att lova f\u00f6r mycket n\u00e4r skyddet \u00e4r begr\u00e4nsat.[\/vc_column_text][\/vc_column][\/vc_row][vc_row css_animation=&#8221;&#8221; row_type=&#8221;row&#8221; use_row_as_full_screen_section=&#8221;no&#8221; type=&#8221;full_width&#8221; angled_section=&#8221;no&#8221; text_align=&#8221;left&#8221; background_image_as_pattern=&#8221;without_pattern&#8221; el_class=&#8221;ukraine-page-row&#8221; z_index=&#8221;&#8221;][vc_column][vc_column_text]<\/p>\n<h4>Ett konsultativt arbetss\u00e4tt<\/h4>\n<p>Vi b\u00f6rjar med er faktiska exponering: var ni verkar, vilka som reser, vilka tillg\u00e5ngar eller \u00e5taganden som ber\u00f6rs och vilka tidsramar ni arbetar med. Utifr\u00e5n detta bed\u00f6mer vi vad som realistiskt kan ordnas och vilka steg som \u00e4r mest rimliga.<\/p>\n<p>Om ni beh\u00f6ver st\u00f6d kopplat till situationen i Mellan\u00f6stern \u2014 eller n\u00e5gon annan region d\u00e4r f\u00f6ruts\u00e4ttningarna kan f\u00f6r\u00e4ndras pl\u00f6tsligt \u2014 kontakta Nordic Broker f\u00f6r att diskutera ert \u00e4rende.[\/vc_column_text][\/vc_column][\/vc_row][vc_row css_animation=&#8221;&#8221; row_type=&#8221;row&#8221; use_row_as_full_screen_section=&#8221;no&#8221; type=&#8221;full_width&#8221; angled_section=&#8221;no&#8221; text_align=&#8221;left&#8221; background_image_as_pattern=&#8221;without_pattern&#8221; el_class=&#8221;ukraine-page-row&#8221; z_index=&#8221;&#8221;][vc_column][vc_column_text]<\/p>\n<h4>Kontakta oss<\/h4>\n<p>[\/vc_column_text][vc_column_text]<\/p>\n<h4>Nordic Broker \u2013 teamet f\u00f6r f\u00f6rs\u00e4kringar i krisomr\u00e5den<\/h4>\n<p>[\/vc_column_text][vc_column_text]<a style=\"font-weight: 400; color: inherit; text-decoration: none;\" href=\"tel:+358406751968\">+358 40 675 1968<\/a>[\/vc_column_text][vc_empty_space height=&#8221;40px&#8221;][\/vc_column][\/vc_row]<\/p>\n<\/section>","protected":false},"excerpt":{"rendered":"<p>[vc_row css_animation=&#8221;&#8221; row_type=&#8221;row&#8221; use_row_as_full_screen_section=&#8221;no&#8221; type=&#8221;full_width&#8221; angled_section=&#8221;no&#8221; text_align=&#8221;left&#8221; background_image_as_pattern=&#8221;without_pattern&#8221;][vc_column][vc_gallery interval=&#8221;3&#8243; images=&#8221;1057,1061,1065&#8243; img_size=&#8221;600&#215;240&#8243;][\/vc_column][\/vc_row][vc_row css_animation=&#8221;&#8221; row_type=&#8221;row&#8221; use_row_as_full_screen_section=&#8221;no&#8221; type=&#8221;full_width&#8221; angled_section=&#8221;no&#8221; text_align=&#8221;left&#8221; background_image_as_pattern=&#8221;without_pattern&#8221; el_class=&#8221;ukraine-page-row&#8221; z_index=&#8221;&#8221;][vc_column][vc_column_text] Kris i Mellan\u00f6stern F\u00f6rs\u00e4kringsl\u00f6sningar vid pl\u00f6tsliga geopolitiska st\u00f6rningar Nordic Broker \u2013 specialistst\u00f6d n\u00e4r riskerna f\u00f6r\u00e4ndras snabbt Den senaste akuta krisen i Mellan\u00f6stern har visat hur&#8230;<\/p>\n","protected":false},"author":4,"featured_media":0,"parent":903,"menu_order":0,"comment_status":"closed","ping_status":"closed","template":"","meta":{"footnotes":""},"yoast_head":"<!-- This site is optimized with the Yoast SEO plugin v24.5 - https:\/\/yoast.com\/wordpress\/plugins\/seo\/ -->\n<title>Kris i Mellan\u00f6stern \u2013 f\u00f6rs\u00e4kringsl\u00f6sningar vid pl\u00f6tsliga geopolitiska st\u00f6rningar - Nordic Broker<\/title>\n<meta name=\"robots\" content=\"index, follow, max-snippet:-1, max-image-preview:large, max-video-preview:-1\" \/>\n<link rel=\"canonical\" href=\"https:\/\/nordicbroker.fi\/sv\/vara-tjanster\/kris-i-mellanostern-forsakringslosningar\/\" \/>\n<meta property=\"og:locale\" content=\"sv_SE\" \/>\n<meta property=\"og:type\" content=\"article\" \/>\n<meta property=\"og:title\" content=\"Kris i Mellan\u00f6stern \u2013 f\u00f6rs\u00e4kringsl\u00f6sningar vid pl\u00f6tsliga geopolitiska st\u00f6rningar - Nordic Broker\" \/>\n<meta property=\"og:description\" content=\"[vc_row css_animation=&#8221;&#8221; row_type=&#8221;row&#8221; use_row_as_full_screen_section=&#8221;no&#8221; type=&#8221;full_width&#8221; angled_section=&#8221;no&#8221; text_align=&#8221;left&#8221; background_image_as_pattern=&#8221;without_pattern&#8221;][vc_column][vc_gallery interval=&#8221;3&#8243; images=&#8221;1057,1061,1065&#8243; img_size=&#8221;600&#215;240&#8243;][\/vc_column][\/vc_row][vc_row css_animation=&#8221;&#8221; row_type=&#8221;row&#8221; use_row_as_full_screen_section=&#8221;no&#8221; type=&#8221;full_width&#8221; angled_section=&#8221;no&#8221; text_align=&#8221;left&#8221; background_image_as_pattern=&#8221;without_pattern&#8221; el_class=&#8221;ukraine-page-row&#8221; z_index=&#8221;&#8221;][vc_column][vc_column_text] Kris i Mellan\u00f6stern F\u00f6rs\u00e4kringsl\u00f6sningar vid pl\u00f6tsliga geopolitiska st\u00f6rningar Nordic Broker \u2013 specialistst\u00f6d n\u00e4r riskerna f\u00f6r\u00e4ndras snabbt Den senaste akuta krisen i Mellan\u00f6stern har visat hur...\" \/>\n<meta property=\"og:url\" content=\"https:\/\/nordicbroker.fi\/sv\/vara-tjanster\/kris-i-mellanostern-forsakringslosningar\/\" \/>\n<meta property=\"og:site_name\" content=\"Nordic Broker\" \/>\n<meta property=\"article:modified_time\" content=\"2026-03-05T20:32:22+00:00\" \/>\n<meta name=\"twitter:card\" content=\"summary_large_image\" \/>\n<meta name=\"twitter:label1\" content=\"Ber\u00e4knad l\u00e4stid\" \/>\n\t<meta name=\"twitter:data1\" content=\"4 minuter\" \/>\n<script type=\"application\/ld+json\" class=\"yoast-schema-graph\">{\"@context\":\"https:\/\/schema.org\",\"@graph\":[{\"@type\":\"WebPage\",\"@id\":\"https:\/\/nordicbroker.fi\/sv\/vara-tjanster\/kris-i-mellanostern-forsakringslosningar\/\",\"url\":\"https:\/\/nordicbroker.fi\/sv\/vara-tjanster\/kris-i-mellanostern-forsakringslosningar\/\",\"name\":\"Kris i Mellan\u00f6stern \u2013 f\u00f6rs\u00e4kringsl\u00f6sningar vid pl\u00f6tsliga geopolitiska st\u00f6rningar - Nordic Broker\",\"isPartOf\":{\"@id\":\"https:\/\/nordicbroker.fi\/sv\/#website\"},\"datePublished\":\"2026-03-05T14:18:53+00:00\",\"dateModified\":\"2026-03-05T20:32:22+00:00\",\"breadcrumb\":{\"@id\":\"https:\/\/nordicbroker.fi\/sv\/vara-tjanster\/kris-i-mellanostern-forsakringslosningar\/#breadcrumb\"},\"inLanguage\":\"sv-SE\",\"potentialAction\":[{\"@type\":\"ReadAction\",\"target\":[\"https:\/\/nordicbroker.fi\/sv\/vara-tjanster\/kris-i-mellanostern-forsakringslosningar\/\"]}]},{\"@type\":\"BreadcrumbList\",\"@id\":\"https:\/\/nordicbroker.fi\/sv\/vara-tjanster\/kris-i-mellanostern-forsakringslosningar\/#breadcrumb\",\"itemListElement\":[{\"@type\":\"ListItem\",\"position\":1,\"name\":\"Home\",\"item\":\"https:\/\/nordicbroker.fi\/sv\/\"},{\"@type\":\"ListItem\",\"position\":2,\"name\":\"V\u00e5ra tj\u00e4nster\",\"item\":\"https:\/\/nordicbroker.fi\/sv\/vara-tjanster\/\"},{\"@type\":\"ListItem\",\"position\":3,\"name\":\"Kris i Mellan\u00f6stern \u2013 f\u00f6rs\u00e4kringsl\u00f6sningar vid pl\u00f6tsliga geopolitiska st\u00f6rningar\"}]},{\"@type\":\"WebSite\",\"@id\":\"https:\/\/nordicbroker.fi\/sv\/#website\",\"url\":\"https:\/\/nordicbroker.fi\/sv\/\",\"name\":\"Nordic Broker\",\"description\":\"Insuring the important\",\"potentialAction\":[{\"@type\":\"SearchAction\",\"target\":{\"@type\":\"EntryPoint\",\"urlTemplate\":\"https:\/\/nordicbroker.fi\/sv\/?s={search_term_string}\"},\"query-input\":{\"@type\":\"PropertyValueSpecification\",\"valueRequired\":true,\"valueName\":\"search_term_string\"}}],\"inLanguage\":\"sv-SE\"}]}<\/script>\n<!-- \/ Yoast SEO plugin. -->","yoast_head_json":{"title":"Kris i Mellan\u00f6stern \u2013 f\u00f6rs\u00e4kringsl\u00f6sningar vid pl\u00f6tsliga geopolitiska st\u00f6rningar - Nordic Broker","robots":{"index":"index","follow":"follow","max-snippet":"max-snippet:-1","max-image-preview":"max-image-preview:large","max-video-preview":"max-video-preview:-1"},"canonical":"https:\/\/nordicbroker.fi\/sv\/vara-tjanster\/kris-i-mellanostern-forsakringslosningar\/","og_locale":"sv_SE","og_type":"article","og_title":"Kris i Mellan\u00f6stern \u2013 f\u00f6rs\u00e4kringsl\u00f6sningar vid pl\u00f6tsliga geopolitiska st\u00f6rningar - Nordic Broker","og_description":"[vc_row css_animation=&#8221;&#8221; row_type=&#8221;row&#8221; use_row_as_full_screen_section=&#8221;no&#8221; type=&#8221;full_width&#8221; angled_section=&#8221;no&#8221; text_align=&#8221;left&#8221; background_image_as_pattern=&#8221;without_pattern&#8221;][vc_column][vc_gallery interval=&#8221;3&#8243; images=&#8221;1057,1061,1065&#8243; img_size=&#8221;600&#215;240&#8243;][\/vc_column][\/vc_row][vc_row css_animation=&#8221;&#8221; row_type=&#8221;row&#8221; use_row_as_full_screen_section=&#8221;no&#8221; type=&#8221;full_width&#8221; angled_section=&#8221;no&#8221; text_align=&#8221;left&#8221; background_image_as_pattern=&#8221;without_pattern&#8221; el_class=&#8221;ukraine-page-row&#8221; z_index=&#8221;&#8221;][vc_column][vc_column_text] Kris i Mellan\u00f6stern F\u00f6rs\u00e4kringsl\u00f6sningar vid pl\u00f6tsliga geopolitiska st\u00f6rningar Nordic Broker \u2013 specialistst\u00f6d n\u00e4r riskerna f\u00f6r\u00e4ndras snabbt Den senaste akuta krisen i Mellan\u00f6stern har visat hur...","og_url":"https:\/\/nordicbroker.fi\/sv\/vara-tjanster\/kris-i-mellanostern-forsakringslosningar\/","og_site_name":"Nordic Broker","article_modified_time":"2026-03-05T20:32:22+00:00","twitter_card":"summary_large_image","twitter_misc":{"Ber\u00e4knad l\u00e4stid":"4 minuter"},"schema":{"@context":"https:\/\/schema.org","@graph":[{"@type":"WebPage","@id":"https:\/\/nordicbroker.fi\/sv\/vara-tjanster\/kris-i-mellanostern-forsakringslosningar\/","url":"https:\/\/nordicbroker.fi\/sv\/vara-tjanster\/kris-i-mellanostern-forsakringslosningar\/","name":"Kris i Mellan\u00f6stern \u2013 f\u00f6rs\u00e4kringsl\u00f6sningar vid pl\u00f6tsliga geopolitiska st\u00f6rningar - Nordic Broker","isPartOf":{"@id":"https:\/\/nordicbroker.fi\/sv\/#website"},"datePublished":"2026-03-05T14:18:53+00:00","dateModified":"2026-03-05T20:32:22+00:00","breadcrumb":{"@id":"https:\/\/nordicbroker.fi\/sv\/vara-tjanster\/kris-i-mellanostern-forsakringslosningar\/#breadcrumb"},"inLanguage":"sv-SE","potentialAction":[{"@type":"ReadAction","target":["https:\/\/nordicbroker.fi\/sv\/vara-tjanster\/kris-i-mellanostern-forsakringslosningar\/"]}]},{"@type":"BreadcrumbList","@id":"https:\/\/nordicbroker.fi\/sv\/vara-tjanster\/kris-i-mellanostern-forsakringslosningar\/#breadcrumb","itemListElement":[{"@type":"ListItem","position":1,"name":"Home","item":"https:\/\/nordicbroker.fi\/sv\/"},{"@type":"ListItem","position":2,"name":"V\u00e5ra tj\u00e4nster","item":"https:\/\/nordicbroker.fi\/sv\/vara-tjanster\/"},{"@type":"ListItem","position":3,"name":"Kris i Mellan\u00f6stern \u2013 f\u00f6rs\u00e4kringsl\u00f6sningar vid pl\u00f6tsliga geopolitiska st\u00f6rningar"}]},{"@type":"WebSite","@id":"https:\/\/nordicbroker.fi\/sv\/#website","url":"https:\/\/nordicbroker.fi\/sv\/","name":"Nordic Broker","description":"Insuring the important","potentialAction":[{"@type":"SearchAction","target":{"@type":"EntryPoint","urlTemplate":"https:\/\/nordicbroker.fi\/sv\/?s={search_term_string}"},"query-input":{"@type":"PropertyValueSpecification","valueRequired":true,"valueName":"search_term_string"}}],"inLanguage":"sv-SE"}]}},"jetpack_sharing_enabled":true,"_links":{"self":[{"href":"https:\/\/nordicbroker.fi\/sv\/wp-json\/wp\/v2\/pages\/1091"}],"collection":[{"href":"https:\/\/nordicbroker.fi\/sv\/wp-json\/wp\/v2\/pages"}],"about":[{"href":"https:\/\/nordicbroker.fi\/sv\/wp-json\/wp\/v2\/types\/page"}],"author":[{"embeddable":true,"href":"https:\/\/nordicbroker.fi\/sv\/wp-json\/wp\/v2\/users\/4"}],"replies":[{"embeddable":true,"href":"https:\/\/nordicbroker.fi\/sv\/wp-json\/wp\/v2\/comments?post=1091"}],"version-history":[{"count":2,"href":"https:\/\/nordicbroker.fi\/sv\/wp-json\/wp\/v2\/pages\/1091\/revisions"}],"predecessor-version":[{"id":1093,"href":"https:\/\/nordicbroker.fi\/sv\/wp-json\/wp\/v2\/pages\/1091\/revisions\/1093"}],"up":[{"embeddable":true,"href":"https:\/\/nordicbroker.fi\/sv\/wp-json\/wp\/v2\/pages\/903"}],"wp:attachment":[{"href":"https:\/\/nordicbroker.fi\/sv\/wp-json\/wp\/v2\/media?parent=1091"}],"curies":[{"name":"wp","href":"https:\/\/api.w.org\/{rel}","templated":true}]}}