{"id":903,"date":"2016-07-21T13:21:46","date_gmt":"2016-07-21T10:21:46","guid":{"rendered":"https:\/\/nordicbroker.fi\/?page_id=903"},"modified":"2026-01-24T23:10:39","modified_gmt":"2026-01-24T21:10:39","slug":"vara-tjanster","status":"publish","type":"page","link":"https:\/\/nordicbroker.fi\/sv\/vara-tjanster\/","title":{"rendered":"V\u00e5ra tj\u00e4nster"},"content":{"rendered":"<section class=\"wpb-content-wrapper\"><p>[vc_row css_animation=&#8221;&#8221; row_type=&#8221;row&#8221; use_row_as_full_screen_section=&#8221;no&#8221; type=&#8221;grid&#8221; angled_section=&#8221;no&#8221; text_align=&#8221;left&#8221; background_image_as_pattern=&#8221;without_pattern&#8221;][vc_column][vc_gallery type=&#8221;flexslider_slide&#8221; interval=&#8221;3&#8243; images=&#8221;238,200,199&#8243; img_size=&#8221;600&#215;240&#8243; direction_nav=&#8221;yes&#8221; control_nav=&#8221;no&#8221; frame=&#8221;no&#8221;][\/vc_column][\/vc_row][vc_row css_animation=&#8221;&#8221; row_type=&#8221;row&#8221; use_row_as_full_screen_section=&#8221;no&#8221; type=&#8221;full_width&#8221; angled_section=&#8221;no&#8221; text_align=&#8221;left&#8221; background_image_as_pattern=&#8221;without_pattern&#8221; css=&#8221;.vc_custom_1681202809445{padding-top: 70px !important;padding-right: 70px !important;padding-bottom: 70px !important;padding-left: 70px !important;}&#8221; z_index=&#8221;&#8221;][vc_column][vc_column_text]Som f\u00f6rs\u00e4kringsm\u00e4klare hj\u00e4lper vi dig med den \u00f6vergripande hanteringen av din f\u00f6rs\u00e4kringsportf\u00f6lj, utv\u00e4rderar dina befintliga f\u00f6rs\u00e4kringsavtal och priser, hittar mer konkurrenskraftiga f\u00f6rs\u00e4kringspaket genom v\u00e5rt f\u00f6rs\u00e4kringsn\u00e4tverk, riskhantering och juridisk f\u00f6rs\u00e4kringssupport.[\/vc_column_text][vc_empty_space height=&#8221;20px&#8221;][vc_column_text]<\/p>\n<h4>Utv\u00e4rdera din f\u00f6rs\u00e4kringsportf\u00f6lj<\/h4>\n<p>[\/vc_column_text][vc_empty_space height=&#8221;20px&#8221;][vc_column_text]Har du utv\u00e4rderat din f\u00f6rs\u00e4kringsportf\u00f6lj p\u00e5 sistone? P\u00e5 grund av inflation och \u00f6vergripande kostnads\u00f6kningar inom alla aff\u00e4rssegment ber\u00e4knas f\u00f6rs\u00e4kringskostnaderna \u00f6ka med 10\u201335 % under 2023. Boka ett m\u00f6te idag s\u00e5 utv\u00e4rderar vi din portf\u00f6lj inom 2\u20133 veckor. Det finns inga dolda kostnader f\u00f6r dig i utv\u00e4rderingsprocessen, eftersom Nordic Broker endast tar ut en avgift fr\u00e5n de besparingar som uppn\u00e5s genom de minskade totalkostnaderna.[\/vc_column_text][vc_empty_space height=&#8221;20px&#8221;][vc_column_text]<\/p>\n<h4>Fastighetsgaranti +<\/h4>\n<p>[\/vc_column_text][vc_empty_space height=&#8221;20px&#8221;][vc_column_text]Genom att kombinera teknisk due diligence (TDD) med en specialutformad fastighetsgaranti + transaktionsansvarsf\u00f6rs\u00e4kring kan vi erbjuda det mest omfattande skyddet f\u00f6r fastighetstransaktioner. L\u00e4s mer.[\/vc_column_text][\/vc_column][\/vc_row][vc_row css_animation=&#8221;&#8221; row_type=&#8221;row&#8221; use_row_as_full_screen_section=&#8221;no&#8221; type=&#8221;grid&#8221; angled_section=&#8221;no&#8221; text_align=&#8221;left&#8221; background_image_as_pattern=&#8221;without_pattern&#8221; css=&#8221;.vc_custom_1600081994393{padding-top: 59px !important;padding-bottom: 34px !important;}&#8221; z_index=&#8221;&#8221;][vc_column offset=&#8221;vc_col-lg-3 vc_col-md-3&#8243;]<span data-type=\"square\" data-hover-bg-color=\"#ca885d\" data-hover-icon-color=\"#ffffff\" class=\"qode_icon_shortcode fa-stack q_font_awsome_icon_square fa-lg  \" style=\"background-color: #2a2a2a;border: 0px solid #2a2a2a;font-size: 18px;font-size: 25px;border-radius: 4px; \"><span aria-hidden=\"true\" class=\"qode_icon_font_elegant icon_building qode_icon_element\" style=\"font-size: 18px;color: #ffffff;\" ><\/span><\/span>[vc_empty_space height=&#8221;21px&#8221;][vc_column_text]<\/p>\n<h3>Fastighet<\/h3>\n<p>[\/vc_column_text][vc_empty_space height=&#8221;13px&#8221;][vc_column_text]<\/p>\n<ul>\n<li><span style=\"font-weight: 400;\">Skador p\u00e5 fastighet (PD)<\/span><\/li>\n<li><span style=\"font-weight: 400;\">Verksamhetsavbrott (BI)<\/span><\/li>\n<li><span style=\"font-weight: 400;\">Maskinhaveri<\/span><\/li>\n<li><span style=\"font-weight: 400;\">Bygg-\/monteringsf\u00f6rs\u00e4kring (CAR\/EAR)<\/span><\/li>\n<li><span style=\"font-weight: 400;\">Transport och gods<\/span><\/li>\n<li><span style=\"font-weight: 400;\">Sj\u00f6f\u00f6rs\u00e4kringar<\/span><\/li>\n<\/ul>\n<p>[\/vc_column_text][vc_empty_space height=&#8221;40px&#8221;][\/vc_column][vc_column offset=&#8221;vc_col-lg-3 vc_col-md-3&#8243;]<span data-type=\"square\" data-hover-bg-color=\"#ca885d\" data-hover-icon-color=\"#ffffff\" class=\"qode_icon_shortcode fa-stack q_font_awsome_icon_square fa-lg  \" style=\"background-color: #2a2a2a;border: 0px solid #2a2a2a;font-size: 18px;font-size: 25px;border-radius: 4px; \"><span aria-hidden=\"true\" class=\"qode_icon_font_elegant icon_briefcase qode_icon_element\" style=\"font-size: 18px;color: #ffffff;\" ><\/span><\/span>[vc_empty_space height=&#8221;21px&#8221;][vc_column_text]<\/p>\n<h3>Specialf\u00f6rs\u00e4kringar<\/h3>\n<p>[\/vc_column_text][vc_empty_space height=&#8221;13px&#8221;][vc_column_text]<\/p>\n<ul>\n<li><span style=\"font-weight: 400;\">Fastighetsgaranti +<\/span><\/li>\n<li><span style=\"font-weight: 400;\">Garanti och ers\u00e4ttning (W&amp;I)<\/span><\/li>\n<li><span style=\"font-weight: 400;\">Arbetsgivaransvarsf\u00f6rs\u00e4kring (EPL)<\/span><\/li>\n<li><span style=\"font-weight: 400;\">F\u00f6rs\u00e4krings due diligence<\/span><\/li>\n<li><span style=\"font-weight: 400;\">M&amp;A<\/span><\/li>\n<li><span style=\"font-weight: 400;\">K&amp;R<\/span><\/li>\n<li><span style=\"font-weight: 400;\">Captive management<\/span><\/li>\n<li><span style=\"font-weight: 400;\">Betalningsskyddsf\u00f6rs\u00e4kring (PPI)<\/span><\/li>\n<li><span style=\"font-weight: 400;\">Dolda fel <\/span><\/li>\n<li><span style=\"font-weight: 400;\">Kreditf\u00f6rs\u00e4kringar<\/span><\/li>\n<\/ul>\n<p>[\/vc_column_text][vc_empty_space height=&#8221;40px&#8221;][\/vc_column][vc_column offset=&#8221;vc_col-lg-3 vc_col-md-3&#8243;]<span data-type=\"square\" data-hover-bg-color=\"#ca885d\" data-hover-icon-color=\"#ffffff\" class=\"qode_icon_shortcode fa-stack q_font_awsome_icon_square fa-lg  \" style=\"background-color: #2a2a2a;border: 0px solid #2a2a2a;font-size: 18px;font-size: 25px;border-radius: 4px; \"><span aria-hidden=\"true\" class=\"qode_icon_font_elegant icon_currency qode_icon_element\" style=\"font-size: 18px;color: #ffffff;\" ><\/span><\/span>[vc_empty_space height=&#8221;21px&#8221;][vc_column_text]<\/p>\n<h3>Finansiella linjer<\/h3>\n<p>[\/vc_column_text][vc_empty_space height=&#8221;13px&#8221;][vc_column_text]<\/p>\n<ul>\n<li>Professionsansvarsf\u00f6rs\u00e4kring (PI)<\/li>\n<li>Styrelseansvarsf\u00f6rs\u00e4kring (D&amp;O)<\/li>\n<li>F\u00f6rskingring<\/li>\n<li>Cyber<\/li>\n<li>Immateriella r\u00e4ttigheter<\/li>\n<li>Kliniska pr\u00f6vningar<\/li>\n<\/ul>\n<p>[\/vc_column_text][vc_empty_space height=&#8221;40px&#8221;][\/vc_column][vc_column offset=&#8221;vc_col-lg-3 vc_col-md-3&#8243;]<span data-type=\"square\" data-hover-bg-color=\"#ca885d\" data-hover-icon-color=\"#ffffff\" class=\"qode_icon_shortcode fa-stack q_font_awsome_icon_square fa-lg  \" style=\"background-color: #2a2a2a;border: 0px solid #2a2a2a;font-size: 18px;font-size: 25px;border-radius: 4px; \"><span aria-hidden=\"true\" class=\"qode_icon_font_elegant icon_shield qode_icon_element\" style=\"font-size: 18px;color: #ffffff;\" ><\/span><\/span>[vc_empty_space height=&#8221;21px&#8221;][vc_column_text]<\/p>\n<h3>Produktansvar<\/h3>\n<p>[\/vc_column_text][vc_empty_space height=&#8221;13px&#8221;][vc_column_text]<\/p>\n<ul>\n<li>Allm\u00e4nt ansvar<\/li>\n<li>Produktansvar<\/li>\n<li>Milj\u00f6ansvar<\/li>\n<li>Ren ekonomisk f\u00f6rlust<\/li>\n<li>\u00c5terkallande\/produktf\u00f6rorening<\/li>\n<li>Motoransvar<\/li>\n<\/ul>\n<p>[\/vc_column_text][vc_empty_space height=&#8221;40px&#8221;][\/vc_column][\/vc_row][vc_row css_animation=&#8221;&#8221; row_type=&#8221;row&#8221; use_row_as_full_screen_section=&#8221;no&#8221; type=&#8221;grid&#8221; angled_section=&#8221;no&#8221; text_align=&#8221;left&#8221; background_image_as_pattern=&#8221;without_pattern&#8221; css=&#8221;.vc_custom_1600081978097{padding-bottom: 80px !important;}&#8221; z_index=&#8221;&#8221;][vc_column offset=&#8221;vc_col-lg-3 vc_col-md-3&#8243;][\/vc_column][vc_column offset=&#8221;vc_col-lg-3 vc_col-md-3&#8243;]<span data-type=\"square\" data-hover-bg-color=\"#ca885d\" data-hover-icon-color=\"#ffffff\" class=\"qode_icon_shortcode fa-stack q_font_awsome_icon_square fa-lg  \" style=\"background-color: #2a2a2a;border: 0px solid #2a2a2a;font-size: 18px;font-size: 25px;border-radius: 4px; \"><span aria-hidden=\"true\" class=\"qode_icon_font_elegant icon_heart_alt qode_icon_element\" style=\"font-size: 18px;color: #ffffff;\" ><\/span><\/span>[vc_empty_space height=&#8221;21px&#8221;][vc_column_text]<\/p>\n<h3>Pensioner<\/h3>\n<p>[\/vc_column_text][vc_empty_space height=&#8221;13px&#8221;][vc_column_text]<\/p>\n<ul>\n<li>Avgiftsbest\u00e4mda pensioner (DC)<\/li>\n<li>Invaliditets-\/efterlevandepensioner<\/li>\n<li>F\u00f6rm\u00e5nsbest\u00e4mda pensioner (DB)<\/li>\n<li>Pensionsfonder<\/li>\n<li>Aktuariella ber\u00e4kningar<\/li>\n<li>EB Benchmarking<\/li>\n<\/ul>\n<p>[\/vc_column_text][vc_empty_space height=&#8221;40px&#8221;][\/vc_column][vc_column offset=&#8221;vc_col-lg-3 vc_col-md-3&#8243;]<span data-type=\"square\" data-hover-bg-color=\"#ca885d\" data-hover-icon-color=\"#ffffff\" class=\"qode_icon_shortcode fa-stack q_font_awsome_icon_square fa-lg  \" style=\"background-color: #2a2a2a;border: 0px solid #2a2a2a;font-size: 18px;font-size: 25px;border-radius: 4px; \"><span aria-hidden=\"true\" class=\"qode_icon_font_elegant icon_contacts_alt qode_icon_element\" style=\"font-size: 18px;color: #ffffff;\" ><\/span><\/span>[vc_empty_space height=&#8221;21px&#8221;][vc_column_text]<\/p>\n<h3>Anst\u00e4llningsf\u00f6rm\u00e5ner<\/h3>\n<p>[\/vc_column_text][vc_empty_space height=&#8221;13px&#8221;][vc_column_text]<\/p>\n<ul>\n<li>Arbetsskadef\u00f6rs\u00e4kringar<\/li>\n<li>Expatf\u00f6rs\u00e4kringar<\/li>\n<li>Olycksfallsf\u00f6rs\u00e4kringar<\/li>\n<li>Invaliditetsf\u00f6rs\u00e4kringar<\/li>\n<li>Grupplivf\u00f6rs\u00e4kringar<\/li>\n<li>Sjukf\u00f6rs\u00e4kringar<\/li>\n<li>Resef\u00f6rs\u00e4kringar<\/li>\n<\/ul>\n<p>[\/vc_column_text][vc_empty_space height=&#8221;40px&#8221;][\/vc_column][vc_column offset=&#8221;vc_col-lg-3 vc_col-md-3&#8243;][\/vc_column][\/vc_row][vc_row css_animation=&#8221;&#8221; row_type=&#8221;row&#8221; use_row_as_full_screen_section=&#8221;no&#8221; type=&#8221;full_width&#8221; angled_section=&#8221;no&#8221; text_align=&#8221;left&#8221; background_image_as_pattern=&#8221;without_pattern&#8221; css=&#8221;.vc_custom_1679554354894{margin-top: 0px !important;margin-right: 0px !important;margin-bottom: 0px !important;margin-left: 0px !important;padding-top: 100px !important;padding-right: 20px !important;padding-bottom: 10px !important;padding-left: 20px !important;background-color: #f4f4f4 !important;}&#8221; z_index=&#8221;&#8221;][vc_column width=&#8221;1\/4&#8243; css=&#8221;.vc_custom_1679554483100{padding-right: 0px !important;}&#8221;][vc_single_image image=&#8221;183&#8243; img_size=&#8221;medium&#8221; qode_css_animation=&#8221;&#8221;][vc_empty_space height=&#8221;20px&#8221;][vc_column_text css=&#8221;.vc_custom_1769287435382{padding-right: 30px !important;}&#8221;]V\u00e5r expertis \u00e4r att s\u00e4kra ert bolag mot risker i Finland och Globalt. S\u00e5 att ni kan fokusera p\u00e5 er core business.[\/vc_column_text][\/vc_column][vc_column width=&#8221;1\/4&#8243;][vc_column_text]<\/p>\n<h3>V\u00e5rt f\u00f6retag<\/h3>\n<p>[\/vc_column_text][vc_empty_space height=&#8221;20px&#8221;][vc_column_text]<a href=\"https:\/\/nordicbroker.fi\/sv\/\" aria-current=\"page\">Nordic Broker<\/a><\/p>\n<p><a href=\"https:\/\/nordicbroker.fi\/sv\/vara-tjanster\/\">V\u00e5ra tj\u00e4nster<\/a><\/p>\n<p><a href=\"https:\/\/nordicbroker.fi\/sv\/vart-team\/\">V\u00e5rt team<\/a><\/p>\n<p><a href=\"https:\/\/nordicbroker.fi\/sv\/vara-sfdr-principer\/\" target=\"_blank\" rel=\"noopener\">SFDR<\/a>[\/vc_column_text][\/vc_column][vc_column width=&#8221;1\/4&#8243;][vc_column_text]<\/p>\n<h3>Kontakta oss<\/h3>\n<p>[\/vc_column_text][vc_empty_space height=&#8221;20px&#8221;][vc_column_text]<a href=\"tel:+358406847388\">+358 40 684 73 88<\/a><br \/>\n<a href=\"mailto:info@nordicbroker.fi\">info@nordicbroker.fi<\/a><br \/>\nL\u00f6nnrotinkatu 22 B 27<br \/>\n00120 Helsinki[\/vc_column_text][\/vc_column][vc_column width=&#8221;1\/4&#8243;][vc_column_text]<\/p>\n<h3>V\u00e5rt kontor<\/h3>\n<p>[\/vc_column_text][vc_empty_space height=&#8221;20px&#8221;][vc_column_text]L\u00f6nnrotinkatu 22 B 27<br \/>\n00120 Helsinki[\/vc_column_text][vc_empty_space height=&#8221;14px&#8221;][vc_gmaps link=&#8221;#E-8_JTNDaWZyYW1lJTIwc3JjJTNEJTIyaHR0cHMlM0ElMkYlMkZ3d3cuZ29vZ2xlLmNvbSUyRm1hcHMlMkZlbWJlZCUzRnBiJTNEJTIxMW0xOCUyMTFtMTIlMjExbTMlMjExZDE5ODQuOTcxNjUwMDk3NTIzMyUyMTJkMjQuOTMxNzc0NzUxOTM1OTclMjEzZDYwLjE2NDY0ODE4MTg3MDM1NSUyMTJtMyUyMTFmMCUyMTJmMCUyMTNmMCUyMTNtMiUyMTFpMTAyNCUyMTJpNzY4JTIxNGYxMy4xJTIxM20zJTIxMW0yJTIxMXMweDQ2OTIwYmNhZjJlOTI3OWIlMjUzQTB4NGYxZGU1ZGYyZjQ2N2UwMiUyMTJzTCUyNUMzJTI1QjZubnJvdGlua2F0dSUyNTIwMjIlMjUyQyUyNTIwMDAxMjAlMjUyMEhlbHNpbmtpJTIxNWUwJTIxM20yJTIxMXNlbiUyMTJzZmklMjE0djE1OTk3NDgxMTYwMDklMjE1bTIlMjExc2VuJTIxMnNmaSUyMiUyMHdpZHRoJTNEJTIyMzAwJTIyJTIwaGVpZ2h0JTNEJTIyMjAwJTIyJTIwZnJhbWVib3JkZXIlM0QlMjIwJTIyJTIwc3R5bGUlM0QlMjJib3JkZXIlM0EwJTNCJTIyJTIwYWxsb3dmdWxsc2NyZWVuJTNEJTIyJTIyJTIwYXJpYS1oaWRkZW4lM0QlMjJmYWxzZSUyMiUyMHRhYmluZGV4JTNEJTIyMCUyMiUzRSUzQyUyRmlmcmFtZSUzRQ==&#8221;][\/vc_column][\/vc_row][vc_row css_animation=&#8221;&#8221; row_type=&#8221;row&#8221; use_row_as_full_screen_section=&#8221;no&#8221; type=&#8221;full_width&#8221; angled_section=&#8221;no&#8221; text_align=&#8221;left&#8221; background_image_as_pattern=&#8221;without_pattern&#8221;][vc_column][\/vc_column][\/vc_row]<\/p>\n<\/section>","protected":false},"excerpt":{"rendered":"<p>[vc_row css_animation=&#8221;&#8221; row_type=&#8221;row&#8221; use_row_as_full_screen_section=&#8221;no&#8221; type=&#8221;grid&#8221; angled_section=&#8221;no&#8221; text_align=&#8221;left&#8221; background_image_as_pattern=&#8221;without_pattern&#8221;][vc_column][vc_gallery type=&#8221;flexslider_slide&#8221; interval=&#8221;3&#8243; images=&#8221;238,200,199&#8243; img_size=&#8221;600&#215;240&#8243; direction_nav=&#8221;yes&#8221; control_nav=&#8221;no&#8221; frame=&#8221;no&#8221;][\/vc_column][\/vc_row][vc_row css_animation=&#8221;&#8221; row_type=&#8221;row&#8221; use_row_as_full_screen_section=&#8221;no&#8221; type=&#8221;full_width&#8221; angled_section=&#8221;no&#8221; text_align=&#8221;left&#8221; background_image_as_pattern=&#8221;without_pattern&#8221; css=&#8221;.vc_custom_1681202809445{padding-top: 70px !important;padding-right: 70px !important;padding-bottom: 70px !important;padding-left: 70px !important;}&#8221; z_index=&#8221;&#8221;][vc_column][vc_column_text]Som f\u00f6rs\u00e4kringsm\u00e4klare hj\u00e4lper vi dig med den \u00f6vergripande hanteringen av din f\u00f6rs\u00e4kringsportf\u00f6lj, utv\u00e4rderar dina&#8230;<\/p>\n","protected":false},"author":4,"featured_media":0,"parent":0,"menu_order":0,"comment_status":"closed","ping_status":"closed","template":"full_width.php","meta":{"footnotes":""},"yoast_head":"<!-- This site is optimized with the Yoast SEO plugin v24.5 - https:\/\/yoast.com\/wordpress\/plugins\/seo\/ -->\n<title>V\u00e5ra tj\u00e4nster - Nordic Broker<\/title>\n<meta name=\"robots\" content=\"index, follow, max-snippet:-1, max-image-preview:large, max-video-preview:-1\" \/>\n<link rel=\"canonical\" href=\"https:\/\/nordicbroker.fi\/sv\/vara-tjanster\/\" \/>\n<meta property=\"og:locale\" content=\"sv_SE\" \/>\n<meta property=\"og:type\" content=\"article\" \/>\n<meta property=\"og:title\" content=\"V\u00e5ra tj\u00e4nster - Nordic Broker\" \/>\n<meta property=\"og:description\" content=\"[vc_row css_animation=&#8221;&#8221; row_type=&#8221;row&#8221; use_row_as_full_screen_section=&#8221;no&#8221; type=&#8221;grid&#8221; angled_section=&#8221;no&#8221; text_align=&#8221;left&#8221; background_image_as_pattern=&#8221;without_pattern&#8221;][vc_column][vc_gallery type=&#8221;flexslider_slide&#8221; interval=&#8221;3&#8243; images=&#8221;238,200,199&#8243; img_size=&#8221;600&#215;240&#8243; direction_nav=&#8221;yes&#8221; control_nav=&#8221;no&#8221; frame=&#8221;no&#8221;][\/vc_column][\/vc_row][vc_row css_animation=&#8221;&#8221; row_type=&#8221;row&#8221; use_row_as_full_screen_section=&#8221;no&#8221; type=&#8221;full_width&#8221; angled_section=&#8221;no&#8221; text_align=&#8221;left&#8221; background_image_as_pattern=&#8221;without_pattern&#8221; css=&#8221;.vc_custom_1681202809445{padding-top: 70px !important;padding-right: 70px !important;padding-bottom: 70px !important;padding-left: 70px !important;}&#8221; z_index=&#8221;&#8221;][vc_column][vc_column_text]Som f\u00f6rs\u00e4kringsm\u00e4klare hj\u00e4lper vi dig med den \u00f6vergripande hanteringen av din f\u00f6rs\u00e4kringsportf\u00f6lj, utv\u00e4rderar dina...\" \/>\n<meta property=\"og:url\" content=\"https:\/\/nordicbroker.fi\/sv\/vara-tjanster\/\" \/>\n<meta property=\"og:site_name\" content=\"Nordic Broker\" \/>\n<meta property=\"article:modified_time\" content=\"2026-01-24T21:10:39+00:00\" \/>\n<meta name=\"twitter:card\" content=\"summary_large_image\" \/>\n<meta name=\"twitter:label1\" content=\"Ber\u00e4knad l\u00e4stid\" \/>\n\t<meta name=\"twitter:data1\" content=\"3 minuter\" \/>\n<script type=\"application\/ld+json\" class=\"yoast-schema-graph\">{\"@context\":\"https:\/\/schema.org\",\"@graph\":[{\"@type\":\"WebPage\",\"@id\":\"https:\/\/nordicbroker.fi\/sv\/vara-tjanster\/\",\"url\":\"https:\/\/nordicbroker.fi\/sv\/vara-tjanster\/\",\"name\":\"V\u00e5ra tj\u00e4nster - Nordic Broker\",\"isPartOf\":{\"@id\":\"https:\/\/nordicbroker.fi\/sv\/#website\"},\"datePublished\":\"2016-07-21T10:21:46+00:00\",\"dateModified\":\"2026-01-24T21:10:39+00:00\",\"breadcrumb\":{\"@id\":\"https:\/\/nordicbroker.fi\/sv\/vara-tjanster\/#breadcrumb\"},\"inLanguage\":\"sv-SE\",\"potentialAction\":[{\"@type\":\"ReadAction\",\"target\":[\"https:\/\/nordicbroker.fi\/sv\/vara-tjanster\/\"]}]},{\"@type\":\"BreadcrumbList\",\"@id\":\"https:\/\/nordicbroker.fi\/sv\/vara-tjanster\/#breadcrumb\",\"itemListElement\":[{\"@type\":\"ListItem\",\"position\":1,\"name\":\"Home\",\"item\":\"https:\/\/nordicbroker.fi\/sv\/\"},{\"@type\":\"ListItem\",\"position\":2,\"name\":\"V\u00e5ra tj\u00e4nster\"}]},{\"@type\":\"WebSite\",\"@id\":\"https:\/\/nordicbroker.fi\/sv\/#website\",\"url\":\"https:\/\/nordicbroker.fi\/sv\/\",\"name\":\"Nordic Broker\",\"description\":\"Insuring the important\",\"potentialAction\":[{\"@type\":\"SearchAction\",\"target\":{\"@type\":\"EntryPoint\",\"urlTemplate\":\"https:\/\/nordicbroker.fi\/sv\/?s={search_term_string}\"},\"query-input\":{\"@type\":\"PropertyValueSpecification\",\"valueRequired\":true,\"valueName\":\"search_term_string\"}}],\"inLanguage\":\"sv-SE\"}]}<\/script>\n<!-- \/ Yoast SEO plugin. -->","yoast_head_json":{"title":"V\u00e5ra tj\u00e4nster - Nordic Broker","robots":{"index":"index","follow":"follow","max-snippet":"max-snippet:-1","max-image-preview":"max-image-preview:large","max-video-preview":"max-video-preview:-1"},"canonical":"https:\/\/nordicbroker.fi\/sv\/vara-tjanster\/","og_locale":"sv_SE","og_type":"article","og_title":"V\u00e5ra tj\u00e4nster - Nordic Broker","og_description":"[vc_row css_animation=&#8221;&#8221; row_type=&#8221;row&#8221; use_row_as_full_screen_section=&#8221;no&#8221; type=&#8221;grid&#8221; angled_section=&#8221;no&#8221; text_align=&#8221;left&#8221; background_image_as_pattern=&#8221;without_pattern&#8221;][vc_column][vc_gallery type=&#8221;flexslider_slide&#8221; interval=&#8221;3&#8243; images=&#8221;238,200,199&#8243; img_size=&#8221;600&#215;240&#8243; direction_nav=&#8221;yes&#8221; control_nav=&#8221;no&#8221; frame=&#8221;no&#8221;][\/vc_column][\/vc_row][vc_row css_animation=&#8221;&#8221; row_type=&#8221;row&#8221; use_row_as_full_screen_section=&#8221;no&#8221; type=&#8221;full_width&#8221; angled_section=&#8221;no&#8221; text_align=&#8221;left&#8221; background_image_as_pattern=&#8221;without_pattern&#8221; css=&#8221;.vc_custom_1681202809445{padding-top: 70px !important;padding-right: 70px !important;padding-bottom: 70px !important;padding-left: 70px !important;}&#8221; z_index=&#8221;&#8221;][vc_column][vc_column_text]Som f\u00f6rs\u00e4kringsm\u00e4klare hj\u00e4lper vi dig med den \u00f6vergripande hanteringen av din f\u00f6rs\u00e4kringsportf\u00f6lj, utv\u00e4rderar dina...","og_url":"https:\/\/nordicbroker.fi\/sv\/vara-tjanster\/","og_site_name":"Nordic Broker","article_modified_time":"2026-01-24T21:10:39+00:00","twitter_card":"summary_large_image","twitter_misc":{"Ber\u00e4knad l\u00e4stid":"3 minuter"},"schema":{"@context":"https:\/\/schema.org","@graph":[{"@type":"WebPage","@id":"https:\/\/nordicbroker.fi\/sv\/vara-tjanster\/","url":"https:\/\/nordicbroker.fi\/sv\/vara-tjanster\/","name":"V\u00e5ra tj\u00e4nster - Nordic Broker","isPartOf":{"@id":"https:\/\/nordicbroker.fi\/sv\/#website"},"datePublished":"2016-07-21T10:21:46+00:00","dateModified":"2026-01-24T21:10:39+00:00","breadcrumb":{"@id":"https:\/\/nordicbroker.fi\/sv\/vara-tjanster\/#breadcrumb"},"inLanguage":"sv-SE","potentialAction":[{"@type":"ReadAction","target":["https:\/\/nordicbroker.fi\/sv\/vara-tjanster\/"]}]},{"@type":"BreadcrumbList","@id":"https:\/\/nordicbroker.fi\/sv\/vara-tjanster\/#breadcrumb","itemListElement":[{"@type":"ListItem","position":1,"name":"Home","item":"https:\/\/nordicbroker.fi\/sv\/"},{"@type":"ListItem","position":2,"name":"V\u00e5ra tj\u00e4nster"}]},{"@type":"WebSite","@id":"https:\/\/nordicbroker.fi\/sv\/#website","url":"https:\/\/nordicbroker.fi\/sv\/","name":"Nordic Broker","description":"Insuring the important","potentialAction":[{"@type":"SearchAction","target":{"@type":"EntryPoint","urlTemplate":"https:\/\/nordicbroker.fi\/sv\/?s={search_term_string}"},"query-input":{"@type":"PropertyValueSpecification","valueRequired":true,"valueName":"search_term_string"}}],"inLanguage":"sv-SE"}]}},"jetpack_sharing_enabled":true,"_links":{"self":[{"href":"https:\/\/nordicbroker.fi\/sv\/wp-json\/wp\/v2\/pages\/903"}],"collection":[{"href":"https:\/\/nordicbroker.fi\/sv\/wp-json\/wp\/v2\/pages"}],"about":[{"href":"https:\/\/nordicbroker.fi\/sv\/wp-json\/wp\/v2\/types\/page"}],"author":[{"embeddable":true,"href":"https:\/\/nordicbroker.fi\/sv\/wp-json\/wp\/v2\/users\/4"}],"replies":[{"embeddable":true,"href":"https:\/\/nordicbroker.fi\/sv\/wp-json\/wp\/v2\/comments?post=903"}],"version-history":[{"count":7,"href":"https:\/\/nordicbroker.fi\/sv\/wp-json\/wp\/v2\/pages\/903\/revisions"}],"predecessor-version":[{"id":945,"href":"https:\/\/nordicbroker.fi\/sv\/wp-json\/wp\/v2\/pages\/903\/revisions\/945"}],"wp:attachment":[{"href":"https:\/\/nordicbroker.fi\/sv\/wp-json\/wp\/v2\/media?parent=903"}],"curies":[{"name":"wp","href":"https:\/\/api.w.org\/{rel}","templated":true}]}}