{"id":916,"date":"2025-12-15T16:57:26","date_gmt":"2025-12-15T14:57:26","guid":{"rendered":"https:\/\/nordicbroker.fi\/?page_id=916"},"modified":"2026-01-24T22:40:04","modified_gmt":"2026-01-24T20:40:04","slug":"krigsrisk","status":"publish","type":"page","link":"https:\/\/nordicbroker.fi\/sv\/vara-tjanster\/krigsrisk\/","title":{"rendered":"Kriget i Ukraina \u2013 F\u00f6rs\u00e4kringsl\u00f6sningar under konflikt"},"content":{"rendered":"<section class=\"wpb-content-wrapper\"><p>[vc_row css_animation=&#8221;&#8221; row_type=&#8221;row&#8221; use_row_as_full_screen_section=&#8221;no&#8221; type=&#8221;grid&#8221; angled_section=&#8221;no&#8221; text_align=&#8221;left&#8221; background_image_as_pattern=&#8221;without_pattern&#8221; z_index=&#8221;&#8221;][vc_column][vc_gallery interval=&#8221;3&#8243; images=&#8221;837,834,831&#8243; img_size=&#8221;600&#215;240&#8243;][\/vc_column][\/vc_row][vc_row css_animation=&#8221;&#8221; row_type=&#8221;row&#8221; use_row_as_full_screen_section=&#8221;no&#8221; type=&#8221;grid&#8221; angled_section=&#8221;no&#8221; text_align=&#8221;left&#8221; background_image_as_pattern=&#8221;without_pattern&#8221; z_index=&#8221;&#8221; el_class=&#8221;ukraine-page-row&#8221;][vc_column][vc_column_text]<\/p>\n<h6>Kriget i Ukraina \u2013 F\u00f6rs\u00e4kringsl\u00f6sningar under konflikt<\/h6>\n<h3>Nordic Broker \u2013 En specialiserad f\u00f6rs\u00e4kringspartner f\u00f6r Ukraina<\/h3>\n<p>Att teckna f\u00f6rs\u00e4kring i Ukraina \u00e4r idag inte enkelt, eftersom f\u00f6rs\u00e4kringsmarknaden \u00e4r lokal och riskaptiten mycket l\u00e5g p\u00e5 grund av de p\u00e5g\u00e5ende stridigheterna.<\/p>\n<p>Kapaciteten \u00e4r begr\u00e4nsad, villkoren f\u00f6r\u00e4ndras ofta och varje risk kr\u00e4ver noggrann strukturering.[\/vc_column_text][\/vc_column][\/vc_row][vc_row css_animation=&#8221;&#8221; row_type=&#8221;row&#8221; use_row_as_full_screen_section=&#8221;no&#8221; type=&#8221;grid&#8221; angled_section=&#8221;no&#8221; text_align=&#8221;left&#8221; background_image_as_pattern=&#8221;without_pattern&#8221; z_index=&#8221;&#8221; el_class=&#8221;ukraine-page-row&#8221;][vc_column][vc_column_text]<\/p>\n<h4>Nordic Broker st\u00f6djer kunder med:<\/h4>\n<ul>\n<li>Krigsriskf\u00f6rs\u00e4kring f\u00f6r egendom, tillg\u00e5ngar och verksamhet<\/li>\n<li>F\u00f6retagsf\u00f6rs\u00e4kring anpassad till begr\u00e4nsningar i konfliktzoner<\/li>\n<li>Resa- och personalf\u00f6rs\u00e4kring med medicinsk hj\u00e4lp, evakuering och s\u00e4kerhetsst\u00f6d<\/li>\n<\/ul>\n<p>[\/vc_column_text][\/vc_column][\/vc_row][vc_row css_animation=&#8221;&#8221; row_type=&#8221;row&#8221; use_row_as_full_screen_section=&#8221;no&#8221; type=&#8221;grid&#8221; angled_section=&#8221;no&#8221; text_align=&#8221;left&#8221; background_image_as_pattern=&#8221;without_pattern&#8221; z_index=&#8221;&#8221; el_class=&#8221;ukraine-page-row&#8221;][vc_column][vc_column_text]Med operativ n\u00e4rvaro i Ukraina och tillg\u00e5ng till internationella f\u00f6rs\u00e4kringsmarknader kan vi bed\u00f6ma riskerna p\u00e5 ett realistiskt s\u00e4tt och presentera dem p\u00e5 ett trov\u00e4rdigt s\u00e4tt f\u00f6r f\u00f6rs\u00e4kringsbolagen.<\/p>\n<p>V\u00e5r approach \u00e4r r\u00e5dgivande: f\u00f6rst f\u00f6rst\u00e5r vi din verksamhet, sedan skapar vi den mest l\u00e4mpliga f\u00f6rs\u00e4kringsl\u00f6sningen som marknaden kan erbjuda.[\/vc_column_text][\/vc_column][\/vc_row][vc_row css_animation=&#8221;&#8221; row_type=&#8221;row&#8221; use_row_as_full_screen_section=&#8221;no&#8221; type=&#8221;grid&#8221; angled_section=&#8221;no&#8221; text_align=&#8221;left&#8221; background_image_as_pattern=&#8221;without_pattern&#8221; el_class=&#8221;ukraine-page-row&#8221; z_index=&#8221;&#8221;][vc_column][vc_column_text]<\/p>\n<h4>Kontakta oss f\u00f6r mer information:<\/h4>\n<p>[\/vc_column_text][vc_column_text]<\/p>\n<h4>Nordic Brokers f\u00f6rs\u00e4kringsteam i Ukraina<\/h4>\n<p>[\/vc_column_text][vc_column_text]<a style=\"font-weight: 400; color: inherit; text-decoration: none;\" href=\"tel:+358406751968\">+358 40 675 1968<\/a>[\/vc_column_text][vc_empty_space height=&#8221;40px&#8221;][\/vc_column][\/vc_row][vc_row css_animation=&#8221;&#8221; row_type=&#8221;row&#8221; use_row_as_full_screen_section=&#8221;no&#8221; type=&#8221;grid&#8221; angled_section=&#8221;no&#8221; text_align=&#8221;left&#8221; background_image_as_pattern=&#8221;without_pattern&#8221; z_index=&#8221;&#8221;][vc_column width=&#8221;1\/4&#8243; css=&#8221;.vc_custom_1765809838717{padding-bottom: 32px !important;}&#8221;][\/vc_column][vc_column width=&#8221;1\/4&#8243;][\/vc_column][\/vc_row]<\/p>\n<\/section>","protected":false},"excerpt":{"rendered":"<p>[vc_row css_animation=&#8221;&#8221; row_type=&#8221;row&#8221; use_row_as_full_screen_section=&#8221;no&#8221; type=&#8221;grid&#8221; angled_section=&#8221;no&#8221; text_align=&#8221;left&#8221; background_image_as_pattern=&#8221;without_pattern&#8221; z_index=&#8221;&#8221;][vc_column][vc_gallery interval=&#8221;3&#8243; images=&#8221;837,834,831&#8243; img_size=&#8221;600&#215;240&#8243;][\/vc_column][\/vc_row][vc_row css_animation=&#8221;&#8221; row_type=&#8221;row&#8221; use_row_as_full_screen_section=&#8221;no&#8221; type=&#8221;grid&#8221; angled_section=&#8221;no&#8221; text_align=&#8221;left&#8221; background_image_as_pattern=&#8221;without_pattern&#8221; z_index=&#8221;&#8221; el_class=&#8221;ukraine-page-row&#8221;][vc_column][vc_column_text] Kriget i Ukraina \u2013 F\u00f6rs\u00e4kringsl\u00f6sningar under konflikt Nordic Broker \u2013 En specialiserad f\u00f6rs\u00e4kringspartner f\u00f6r Ukraina Att teckna f\u00f6rs\u00e4kring i Ukraina \u00e4r idag inte enkelt,&#8230;<\/p>\n","protected":false},"author":4,"featured_media":0,"parent":903,"menu_order":0,"comment_status":"closed","ping_status":"closed","template":"","meta":{"footnotes":""},"yoast_head":"<!-- This site is optimized with the Yoast SEO plugin v24.5 - https:\/\/yoast.com\/wordpress\/plugins\/seo\/ -->\n<title>Kriget i Ukraina \u2013 F\u00f6rs\u00e4kringsl\u00f6sningar under konflikt - Nordic Broker<\/title>\n<meta name=\"robots\" content=\"index, follow, max-snippet:-1, max-image-preview:large, max-video-preview:-1\" \/>\n<link rel=\"canonical\" href=\"https:\/\/nordicbroker.fi\/sv\/vara-tjanster\/krigsrisk\/\" \/>\n<meta property=\"og:locale\" content=\"sv_SE\" \/>\n<meta property=\"og:type\" content=\"article\" \/>\n<meta property=\"og:title\" content=\"Kriget i Ukraina \u2013 F\u00f6rs\u00e4kringsl\u00f6sningar under konflikt - Nordic Broker\" \/>\n<meta property=\"og:description\" content=\"[vc_row css_animation=&#8221;&#8221; row_type=&#8221;row&#8221; use_row_as_full_screen_section=&#8221;no&#8221; type=&#8221;grid&#8221; angled_section=&#8221;no&#8221; text_align=&#8221;left&#8221; background_image_as_pattern=&#8221;without_pattern&#8221; z_index=&#8221;&#8221;][vc_column][vc_gallery interval=&#8221;3&#8243; images=&#8221;837,834,831&#8243; img_size=&#8221;600&#215;240&#8243;][\/vc_column][\/vc_row][vc_row css_animation=&#8221;&#8221; row_type=&#8221;row&#8221; use_row_as_full_screen_section=&#8221;no&#8221; type=&#8221;grid&#8221; angled_section=&#8221;no&#8221; text_align=&#8221;left&#8221; background_image_as_pattern=&#8221;without_pattern&#8221; z_index=&#8221;&#8221; el_class=&#8221;ukraine-page-row&#8221;][vc_column][vc_column_text] Kriget i Ukraina \u2013 F\u00f6rs\u00e4kringsl\u00f6sningar under konflikt Nordic Broker \u2013 En specialiserad f\u00f6rs\u00e4kringspartner f\u00f6r Ukraina Att teckna f\u00f6rs\u00e4kring i Ukraina \u00e4r idag inte enkelt,...\" \/>\n<meta property=\"og:url\" content=\"https:\/\/nordicbroker.fi\/sv\/vara-tjanster\/krigsrisk\/\" \/>\n<meta property=\"og:site_name\" content=\"Nordic Broker\" \/>\n<meta property=\"article:modified_time\" content=\"2026-01-24T20:40:04+00:00\" \/>\n<meta name=\"twitter:card\" content=\"summary_large_image\" \/>\n<meta name=\"twitter:label1\" content=\"Ber\u00e4knad l\u00e4stid\" \/>\n\t<meta name=\"twitter:data1\" content=\"2 minuter\" \/>\n<script type=\"application\/ld+json\" class=\"yoast-schema-graph\">{\"@context\":\"https:\/\/schema.org\",\"@graph\":[{\"@type\":\"WebPage\",\"@id\":\"https:\/\/nordicbroker.fi\/sv\/vara-tjanster\/krigsrisk\/\",\"url\":\"https:\/\/nordicbroker.fi\/sv\/vara-tjanster\/krigsrisk\/\",\"name\":\"Kriget i Ukraina \u2013 F\u00f6rs\u00e4kringsl\u00f6sningar under konflikt - Nordic Broker\",\"isPartOf\":{\"@id\":\"https:\/\/nordicbroker.fi\/sv\/#website\"},\"datePublished\":\"2025-12-15T14:57:26+00:00\",\"dateModified\":\"2026-01-24T20:40:04+00:00\",\"breadcrumb\":{\"@id\":\"https:\/\/nordicbroker.fi\/sv\/vara-tjanster\/krigsrisk\/#breadcrumb\"},\"inLanguage\":\"sv-SE\",\"potentialAction\":[{\"@type\":\"ReadAction\",\"target\":[\"https:\/\/nordicbroker.fi\/sv\/vara-tjanster\/krigsrisk\/\"]}]},{\"@type\":\"BreadcrumbList\",\"@id\":\"https:\/\/nordicbroker.fi\/sv\/vara-tjanster\/krigsrisk\/#breadcrumb\",\"itemListElement\":[{\"@type\":\"ListItem\",\"position\":1,\"name\":\"Home\",\"item\":\"https:\/\/nordicbroker.fi\/sv\/\"},{\"@type\":\"ListItem\",\"position\":2,\"name\":\"V\u00e5ra tj\u00e4nster\",\"item\":\"https:\/\/nordicbroker.fi\/sv\/vara-tjanster\/\"},{\"@type\":\"ListItem\",\"position\":3,\"name\":\"Kriget i Ukraina \u2013 F\u00f6rs\u00e4kringsl\u00f6sningar under konflikt\"}]},{\"@type\":\"WebSite\",\"@id\":\"https:\/\/nordicbroker.fi\/sv\/#website\",\"url\":\"https:\/\/nordicbroker.fi\/sv\/\",\"name\":\"Nordic Broker\",\"description\":\"Insuring the important\",\"potentialAction\":[{\"@type\":\"SearchAction\",\"target\":{\"@type\":\"EntryPoint\",\"urlTemplate\":\"https:\/\/nordicbroker.fi\/sv\/?s={search_term_string}\"},\"query-input\":{\"@type\":\"PropertyValueSpecification\",\"valueRequired\":true,\"valueName\":\"search_term_string\"}}],\"inLanguage\":\"sv-SE\"}]}<\/script>\n<!-- \/ Yoast SEO plugin. -->","yoast_head_json":{"title":"Kriget i Ukraina \u2013 F\u00f6rs\u00e4kringsl\u00f6sningar under konflikt - Nordic Broker","robots":{"index":"index","follow":"follow","max-snippet":"max-snippet:-1","max-image-preview":"max-image-preview:large","max-video-preview":"max-video-preview:-1"},"canonical":"https:\/\/nordicbroker.fi\/sv\/vara-tjanster\/krigsrisk\/","og_locale":"sv_SE","og_type":"article","og_title":"Kriget i Ukraina \u2013 F\u00f6rs\u00e4kringsl\u00f6sningar under konflikt - Nordic Broker","og_description":"[vc_row css_animation=&#8221;&#8221; row_type=&#8221;row&#8221; use_row_as_full_screen_section=&#8221;no&#8221; type=&#8221;grid&#8221; angled_section=&#8221;no&#8221; text_align=&#8221;left&#8221; background_image_as_pattern=&#8221;without_pattern&#8221; z_index=&#8221;&#8221;][vc_column][vc_gallery interval=&#8221;3&#8243; images=&#8221;837,834,831&#8243; img_size=&#8221;600&#215;240&#8243;][\/vc_column][\/vc_row][vc_row css_animation=&#8221;&#8221; row_type=&#8221;row&#8221; use_row_as_full_screen_section=&#8221;no&#8221; type=&#8221;grid&#8221; angled_section=&#8221;no&#8221; text_align=&#8221;left&#8221; background_image_as_pattern=&#8221;without_pattern&#8221; z_index=&#8221;&#8221; el_class=&#8221;ukraine-page-row&#8221;][vc_column][vc_column_text] Kriget i Ukraina \u2013 F\u00f6rs\u00e4kringsl\u00f6sningar under konflikt Nordic Broker \u2013 En specialiserad f\u00f6rs\u00e4kringspartner f\u00f6r Ukraina Att teckna f\u00f6rs\u00e4kring i Ukraina \u00e4r idag inte enkelt,...","og_url":"https:\/\/nordicbroker.fi\/sv\/vara-tjanster\/krigsrisk\/","og_site_name":"Nordic Broker","article_modified_time":"2026-01-24T20:40:04+00:00","twitter_card":"summary_large_image","twitter_misc":{"Ber\u00e4knad l\u00e4stid":"2 minuter"},"schema":{"@context":"https:\/\/schema.org","@graph":[{"@type":"WebPage","@id":"https:\/\/nordicbroker.fi\/sv\/vara-tjanster\/krigsrisk\/","url":"https:\/\/nordicbroker.fi\/sv\/vara-tjanster\/krigsrisk\/","name":"Kriget i Ukraina \u2013 F\u00f6rs\u00e4kringsl\u00f6sningar under konflikt - Nordic Broker","isPartOf":{"@id":"https:\/\/nordicbroker.fi\/sv\/#website"},"datePublished":"2025-12-15T14:57:26+00:00","dateModified":"2026-01-24T20:40:04+00:00","breadcrumb":{"@id":"https:\/\/nordicbroker.fi\/sv\/vara-tjanster\/krigsrisk\/#breadcrumb"},"inLanguage":"sv-SE","potentialAction":[{"@type":"ReadAction","target":["https:\/\/nordicbroker.fi\/sv\/vara-tjanster\/krigsrisk\/"]}]},{"@type":"BreadcrumbList","@id":"https:\/\/nordicbroker.fi\/sv\/vara-tjanster\/krigsrisk\/#breadcrumb","itemListElement":[{"@type":"ListItem","position":1,"name":"Home","item":"https:\/\/nordicbroker.fi\/sv\/"},{"@type":"ListItem","position":2,"name":"V\u00e5ra tj\u00e4nster","item":"https:\/\/nordicbroker.fi\/sv\/vara-tjanster\/"},{"@type":"ListItem","position":3,"name":"Kriget i Ukraina \u2013 F\u00f6rs\u00e4kringsl\u00f6sningar under konflikt"}]},{"@type":"WebSite","@id":"https:\/\/nordicbroker.fi\/sv\/#website","url":"https:\/\/nordicbroker.fi\/sv\/","name":"Nordic Broker","description":"Insuring the important","potentialAction":[{"@type":"SearchAction","target":{"@type":"EntryPoint","urlTemplate":"https:\/\/nordicbroker.fi\/sv\/?s={search_term_string}"},"query-input":{"@type":"PropertyValueSpecification","valueRequired":true,"valueName":"search_term_string"}}],"inLanguage":"sv-SE"}]}},"jetpack_sharing_enabled":true,"_links":{"self":[{"href":"https:\/\/nordicbroker.fi\/sv\/wp-json\/wp\/v2\/pages\/916"}],"collection":[{"href":"https:\/\/nordicbroker.fi\/sv\/wp-json\/wp\/v2\/pages"}],"about":[{"href":"https:\/\/nordicbroker.fi\/sv\/wp-json\/wp\/v2\/types\/page"}],"author":[{"embeddable":true,"href":"https:\/\/nordicbroker.fi\/sv\/wp-json\/wp\/v2\/users\/4"}],"replies":[{"embeddable":true,"href":"https:\/\/nordicbroker.fi\/sv\/wp-json\/wp\/v2\/comments?post=916"}],"version-history":[{"count":3,"href":"https:\/\/nordicbroker.fi\/sv\/wp-json\/wp\/v2\/pages\/916\/revisions"}],"predecessor-version":[{"id":927,"href":"https:\/\/nordicbroker.fi\/sv\/wp-json\/wp\/v2\/pages\/916\/revisions\/927"}],"up":[{"embeddable":true,"href":"https:\/\/nordicbroker.fi\/sv\/wp-json\/wp\/v2\/pages\/903"}],"wp:attachment":[{"href":"https:\/\/nordicbroker.fi\/sv\/wp-json\/wp\/v2\/media?parent=916"}],"curies":[{"name":"wp","href":"https:\/\/api.w.org\/{rel}","templated":true}]}}