{"id":919,"date":"2024-11-22T15:18:47","date_gmt":"2024-11-22T13:18:47","guid":{"rendered":"https:\/\/nordicbroker.fi\/?page_id=919"},"modified":"2026-01-24T23:08:25","modified_gmt":"2026-01-24T21:08:25","slug":"vara-sfdr-principer","status":"publish","type":"page","link":"https:\/\/nordicbroker.fi\/sv\/vara-sfdr-principer\/","title":{"rendered":"V\u00e5ra SFDR-principer"},"content":{"rendered":"<section class=\"wpb-content-wrapper\"><p>[vc_row css_animation=&#8221;&#8221; row_type=&#8221;row&#8221; use_row_as_full_screen_section=&#8221;no&#8221; type=&#8221;grid&#8221; angled_section=&#8221;no&#8221; text_align=&#8221;center&#8221; background_image_as_pattern=&#8221;without_pattern&#8221;][vc_column][vc_row_inner row_type=&#8221;row&#8221; type=&#8221;full_width&#8221; text_align=&#8221;left&#8221; css_animation=&#8221;&#8221; css=&#8221;.vc_custom_1469104207746{padding-bottom: 87px !important;}&#8221;][vc_column_inner][vc_single_image image=&#8221;756&#8243; img_size=&#8221;1280&#215;400&#8243; alignment=&#8221;center&#8221; qode_css_animation=&#8221;&#8221;][vc_empty_space height=&#8221;30px&#8221;][vc_column_text]<\/p>\n<h1>V\u00e5ra SFDR-principer<\/h1>\n<p>[\/vc_column_text][vc_empty_space height=&#8221;30px&#8221;][vc_column_text]Skadliga h\u00e5llbarhetseffekter avser negativa effekter p\u00e5 milj\u00f6n, samh\u00e4llet eller sociala faktorer som kan uppst\u00e5 direkt eller indirekt fr\u00e5n investeringsplatser.[\/vc_column_text][vc_empty_space height=&#8221;10px&#8221;][vc_column_text]P\u00e5 ett allm\u00e4nt plan betonar Nordic Broker NB Oy vikten av att beakta h\u00e5llbarhetseffekter i f\u00f6rs\u00e4kringsr\u00e5dgivningen till sina kunder redan innan ett f\u00f6rs\u00e4kringsavtal ing\u00e5s. Vi tar ocks\u00e5 reda p\u00e5 kundens synpunkter och vilja n\u00e4r det g\u00e4ller h\u00e5llbarhetseffekter, s\u00e5 att vi kan erbjuda dem produkter som matchar deras v\u00e4rderingar.[\/vc_column_text][vc_empty_space height=&#8221;10px&#8221;][vc_column_text]Nordic Broker NB Oy ger inte sina kunder investeringsr\u00e5dgivning, utan h\u00e4nvisar kunderna att v\u00e4nda sig direkt till f\u00f6rs\u00e4kringsbolagets expert om kunden beh\u00f6ver investeringsr\u00e5dgivning. Kunderna best\u00e4mmer sj\u00e4lva eller med hj\u00e4lp av ett f\u00f6rs\u00e4kringsbolag investeringsm\u00e5len f\u00f6r sina investeringskopplade f\u00f6rs\u00e4kringar. Av denna anledning bed\u00f6mer Nordic Broker NB Oy inte sj\u00e4lv de negativa h\u00e5llbarhetseffekterna i samband med investeringsobjekt.[\/vc_column_text][vc_empty_space height=&#8221;10px&#8221;][vc_column_text]F\u00f6rs\u00e4kringsbolagen ansvarar sj\u00e4lva f\u00f6r sina f\u00f6rs\u00e4kringsprodukter, deras f\u00f6rvaltning och h\u00e5llbarhetseffekter. Nordic Broker NB Oy:s roll \u00e4r att f\u00f6rmedla den information som f\u00f6rs\u00e4kringsbolaget tillhandah\u00e5ller sina kunder om b\u00e5de befintliga och eventuella beg\u00e4rda erbjudanden. Vi kr\u00e4ver dock att f\u00f6rs\u00e4kringsbolaget har uppr\u00e4ttat verksamhetsprinciper i enlighet med kraven i SFDR avseende beaktande av negativa h\u00e5llbarhetseffekter och att de rapporterar \u00f6ppet om h\u00e5llbarhetsfr\u00e5gor och tillhandah\u00e5ller information till sina kunder antingen direkt eller via Nordic Broker NB Oy.[\/vc_column_text][vc_empty_space height=&#8221;10px&#8221;][vc_column_text]Nordic Broker NB Oy:s arvode betalas av kunden. Nordic Broker NB Oy och dess personal erh\u00e5ller inga provisioner f\u00f6r f\u00f6rs\u00e4kringsf\u00f6rmedling fr\u00e5n n\u00e5got f\u00f6rs\u00e4kringsbolag, vilket s\u00e4kerst\u00e4ller att f\u00f6retaget och dess personal alltid agerar i kundens b\u00e4sta intresse utan egna intressen. Nordic Broker NB Oy:s egen ers\u00e4ttningspolicy bekr\u00e4ftas \u00e5rligen, med h\u00e4nsyn till h\u00e5llbarhetsrisker.[\/vc_column_text][vc_empty_space height=&#8221;10px&#8221;][\/vc_column_inner][\/vc_row_inner][\/vc_column][\/vc_row][vc_row css_animation=&#8221;&#8221; row_type=&#8221;row&#8221; use_row_as_full_screen_section=&#8221;no&#8221; type=&#8221;full_width&#8221; angled_section=&#8221;no&#8221; text_align=&#8221;left&#8221; background_image_as_pattern=&#8221;without_pattern&#8221; css=&#8221;.vc_custom_1679554354894{margin-top: 0px !important;margin-right: 0px !important;margin-bottom: 0px !important;margin-left: 0px !important;padding-top: 100px !important;padding-right: 20px !important;padding-bottom: 10px !important;padding-left: 20px !important;background-color: #f4f4f4 !important;}&#8221; z_index=&#8221;&#8221;][vc_column width=&#8221;1\/4&#8243; css=&#8221;.vc_custom_1679554483100{padding-right: 0px !important;}&#8221;][vc_single_image image=&#8221;183&#8243; img_size=&#8221;medium&#8221; qode_css_animation=&#8221;&#8221;][vc_empty_space height=&#8221;20px&#8221;][vc_column_text css=&#8221;.vc_custom_1769288808291{padding-right: 30px !important;}&#8221;]V\u00e5r expertis \u00e4r att s\u00e4kra ert bolag mot risker i Finland och Globalt. S\u00e5 att ni kan fokusera p\u00e5 er core business.[\/vc_column_text][\/vc_column][vc_column width=&#8221;1\/4&#8243;][vc_column_text]<\/p>\n<h3>V\u00e5rt f\u00f6retag\/h3&gt;[\/vc_column_text][vc_empty_space height=&#8221;20px&#8221;][vc_column_text]<a href=\"https:\/\/nordicbroker.fi\/sv\/\" aria-current=\"page\">Nordic Broker<\/a><\/h3>\n<p><a href=\"https:\/\/nordicbroker.fi\/sv\/vara-tjanster\/\">V\u00e5ra tj\u00e4nster<\/a><\/p>\n<p><a href=\"https:\/\/nordicbroker.fi\/sv\/vart-team\/\">V\u00e5rt team<\/a><\/p>\n<p><a href=\"https:\/\/nordicbroker.fi\/sv\/vara-sfdr-principer\/\" target=\"_blank\" rel=\"noopener\">SFDR<\/a>[\/vc_column_text][\/vc_column][vc_column width=&#8221;1\/4&#8243;][vc_column_text]<\/p>\n<h3>Kontakta oss<\/h3>\n<p>[\/vc_column_text][vc_empty_space height=&#8221;20px&#8221;][vc_column_text]<a href=\"tel:+358406847388\">+358 40 684 73 88<\/a><br \/>\n<a href=\"mailto:info@nordicbroker.fi\">info@nordicbroker.fi<\/a><br \/>\nL\u00f6nnrotinkatu 22 B 27<br \/>\n00120 Helsinki[\/vc_column_text][\/vc_column][vc_column width=&#8221;1\/4&#8243;][vc_column_text]<\/p>\n<h3>V\u00e5rt kontor<\/h3>\n<p>[\/vc_column_text][vc_empty_space height=&#8221;20px&#8221;][vc_column_text]L\u00f6nnrotinkatu 22 B 27<br \/>\n00120 Helsinki[\/vc_column_text][vc_empty_space height=&#8221;14px&#8221;][vc_gmaps link=&#8221;#E-8_JTNDaWZyYW1lJTIwc3JjJTNEJTIyaHR0cHMlM0ElMkYlMkZ3d3cuZ29vZ2xlLmNvbSUyRm1hcHMlMkZlbWJlZCUzRnBiJTNEJTIxMW0xOCUyMTFtMTIlMjExbTMlMjExZDE5ODQuOTcxNjUwMDk3NTIzMyUyMTJkMjQuOTMxNzc0NzUxOTM1OTclMjEzZDYwLjE2NDY0ODE4MTg3MDM1NSUyMTJtMyUyMTFmMCUyMTJmMCUyMTNmMCUyMTNtMiUyMTFpMTAyNCUyMTJpNzY4JTIxNGYxMy4xJTIxM20zJTIxMW0yJTIxMXMweDQ2OTIwYmNhZjJlOTI3OWIlMjUzQTB4NGYxZGU1ZGYyZjQ2N2UwMiUyMTJzTCUyNUMzJTI1QjZubnJvdGlua2F0dSUyNTIwMjIlMjUyQyUyNTIwMDAxMjAlMjUyMEhlbHNpbmtpJTIxNWUwJTIxM20yJTIxMXNlbiUyMTJzZmklMjE0djE1OTk3NDgxMTYwMDklMjE1bTIlMjExc2VuJTIxMnNmaSUyMiUyMHdpZHRoJTNEJTIyMzAwJTIyJTIwaGVpZ2h0JTNEJTIyMjAwJTIyJTIwZnJhbWVib3JkZXIlM0QlMjIwJTIyJTIwc3R5bGUlM0QlMjJib3JkZXIlM0EwJTNCJTIyJTIwYWxsb3dmdWxsc2NyZWVuJTNEJTIyJTIyJTIwYXJpYS1oaWRkZW4lM0QlMjJmYWxzZSUyMiUyMHRhYmluZGV4JTNEJTIyMCUyMiUzRSUzQyUyRmlmcmFtZSUzRQ==&#8221;][\/vc_column][\/vc_row]<\/p>\n<\/section>","protected":false},"excerpt":{"rendered":"<p>[vc_row css_animation=&#8221;&#8221; row_type=&#8221;row&#8221; use_row_as_full_screen_section=&#8221;no&#8221; type=&#8221;grid&#8221; angled_section=&#8221;no&#8221; text_align=&#8221;center&#8221; background_image_as_pattern=&#8221;without_pattern&#8221;][vc_column][vc_row_inner row_type=&#8221;row&#8221; type=&#8221;full_width&#8221; text_align=&#8221;left&#8221; css_animation=&#8221;&#8221; css=&#8221;.vc_custom_1469104207746{padding-bottom: 87px !important;}&#8221;][vc_column_inner][vc_single_image image=&#8221;756&#8243; img_size=&#8221;1280&#215;400&#8243; alignment=&#8221;center&#8221; qode_css_animation=&#8221;&#8221;][vc_empty_space height=&#8221;30px&#8221;][vc_column_text] V\u00e5ra SFDR-principer [\/vc_column_text][vc_empty_space height=&#8221;30px&#8221;][vc_column_text]Skadliga h\u00e5llbarhetseffekter avser negativa effekter p\u00e5 milj\u00f6n, samh\u00e4llet eller sociala faktorer som kan uppst\u00e5 direkt eller indirekt fr\u00e5n investeringsplatser.[\/vc_column_text][vc_empty_space height=&#8221;10px&#8221;][vc_column_text]P\u00e5 ett allm\u00e4nt&#8230;<\/p>\n","protected":false},"author":4,"featured_media":0,"parent":0,"menu_order":0,"comment_status":"closed","ping_status":"closed","template":"full_width.php","meta":{"footnotes":""},"yoast_head":"<!-- This site is optimized with the Yoast SEO plugin v24.5 - https:\/\/yoast.com\/wordpress\/plugins\/seo\/ -->\n<title>V\u00e5ra SFDR-principer - Nordic Broker<\/title>\n<meta name=\"robots\" content=\"index, follow, max-snippet:-1, max-image-preview:large, max-video-preview:-1\" \/>\n<link rel=\"canonical\" href=\"https:\/\/nordicbroker.fi\/sv\/vara-sfdr-principer\/\" \/>\n<meta property=\"og:locale\" content=\"sv_SE\" \/>\n<meta property=\"og:type\" content=\"article\" \/>\n<meta property=\"og:title\" content=\"V\u00e5ra SFDR-principer - Nordic Broker\" \/>\n<meta property=\"og:description\" content=\"[vc_row css_animation=&#8221;&#8221; row_type=&#8221;row&#8221; use_row_as_full_screen_section=&#8221;no&#8221; type=&#8221;grid&#8221; angled_section=&#8221;no&#8221; text_align=&#8221;center&#8221; background_image_as_pattern=&#8221;without_pattern&#8221;][vc_column][vc_row_inner row_type=&#8221;row&#8221; type=&#8221;full_width&#8221; text_align=&#8221;left&#8221; css_animation=&#8221;&#8221; css=&#8221;.vc_custom_1469104207746{padding-bottom: 87px !important;}&#8221;][vc_column_inner][vc_single_image image=&#8221;756&#8243; img_size=&#8221;1280&#215;400&#8243; alignment=&#8221;center&#8221; qode_css_animation=&#8221;&#8221;][vc_empty_space height=&#8221;30px&#8221;][vc_column_text] V\u00e5ra SFDR-principer [\/vc_column_text][vc_empty_space height=&#8221;30px&#8221;][vc_column_text]Skadliga h\u00e5llbarhetseffekter avser negativa effekter p\u00e5 milj\u00f6n, samh\u00e4llet eller sociala faktorer som kan uppst\u00e5 direkt eller indirekt fr\u00e5n investeringsplatser.[\/vc_column_text][vc_empty_space height=&#8221;10px&#8221;][vc_column_text]P\u00e5 ett allm\u00e4nt...\" \/>\n<meta property=\"og:url\" content=\"https:\/\/nordicbroker.fi\/sv\/vara-sfdr-principer\/\" \/>\n<meta property=\"og:site_name\" content=\"Nordic Broker\" \/>\n<meta property=\"article:modified_time\" content=\"2026-01-24T21:08:25+00:00\" \/>\n<meta name=\"twitter:card\" content=\"summary_large_image\" \/>\n<meta name=\"twitter:label1\" content=\"Ber\u00e4knad l\u00e4stid\" \/>\n\t<meta name=\"twitter:data1\" content=\"3 minuter\" \/>\n<script type=\"application\/ld+json\" class=\"yoast-schema-graph\">{\"@context\":\"https:\/\/schema.org\",\"@graph\":[{\"@type\":\"WebPage\",\"@id\":\"https:\/\/nordicbroker.fi\/sv\/vara-sfdr-principer\/\",\"url\":\"https:\/\/nordicbroker.fi\/sv\/vara-sfdr-principer\/\",\"name\":\"V\u00e5ra SFDR-principer - Nordic Broker\",\"isPartOf\":{\"@id\":\"https:\/\/nordicbroker.fi\/sv\/#website\"},\"datePublished\":\"2024-11-22T13:18:47+00:00\",\"dateModified\":\"2026-01-24T21:08:25+00:00\",\"breadcrumb\":{\"@id\":\"https:\/\/nordicbroker.fi\/sv\/vara-sfdr-principer\/#breadcrumb\"},\"inLanguage\":\"sv-SE\",\"potentialAction\":[{\"@type\":\"ReadAction\",\"target\":[\"https:\/\/nordicbroker.fi\/sv\/vara-sfdr-principer\/\"]}]},{\"@type\":\"BreadcrumbList\",\"@id\":\"https:\/\/nordicbroker.fi\/sv\/vara-sfdr-principer\/#breadcrumb\",\"itemListElement\":[{\"@type\":\"ListItem\",\"position\":1,\"name\":\"Home\",\"item\":\"https:\/\/nordicbroker.fi\/sv\/\"},{\"@type\":\"ListItem\",\"position\":2,\"name\":\"V\u00e5ra SFDR-principer\"}]},{\"@type\":\"WebSite\",\"@id\":\"https:\/\/nordicbroker.fi\/sv\/#website\",\"url\":\"https:\/\/nordicbroker.fi\/sv\/\",\"name\":\"Nordic Broker\",\"description\":\"Insuring the important\",\"potentialAction\":[{\"@type\":\"SearchAction\",\"target\":{\"@type\":\"EntryPoint\",\"urlTemplate\":\"https:\/\/nordicbroker.fi\/sv\/?s={search_term_string}\"},\"query-input\":{\"@type\":\"PropertyValueSpecification\",\"valueRequired\":true,\"valueName\":\"search_term_string\"}}],\"inLanguage\":\"sv-SE\"}]}<\/script>\n<!-- \/ Yoast SEO plugin. -->","yoast_head_json":{"title":"V\u00e5ra SFDR-principer - Nordic Broker","robots":{"index":"index","follow":"follow","max-snippet":"max-snippet:-1","max-image-preview":"max-image-preview:large","max-video-preview":"max-video-preview:-1"},"canonical":"https:\/\/nordicbroker.fi\/sv\/vara-sfdr-principer\/","og_locale":"sv_SE","og_type":"article","og_title":"V\u00e5ra SFDR-principer - Nordic Broker","og_description":"[vc_row css_animation=&#8221;&#8221; row_type=&#8221;row&#8221; use_row_as_full_screen_section=&#8221;no&#8221; type=&#8221;grid&#8221; angled_section=&#8221;no&#8221; text_align=&#8221;center&#8221; background_image_as_pattern=&#8221;without_pattern&#8221;][vc_column][vc_row_inner row_type=&#8221;row&#8221; type=&#8221;full_width&#8221; text_align=&#8221;left&#8221; css_animation=&#8221;&#8221; css=&#8221;.vc_custom_1469104207746{padding-bottom: 87px !important;}&#8221;][vc_column_inner][vc_single_image image=&#8221;756&#8243; img_size=&#8221;1280&#215;400&#8243; alignment=&#8221;center&#8221; qode_css_animation=&#8221;&#8221;][vc_empty_space height=&#8221;30px&#8221;][vc_column_text] V\u00e5ra SFDR-principer [\/vc_column_text][vc_empty_space height=&#8221;30px&#8221;][vc_column_text]Skadliga h\u00e5llbarhetseffekter avser negativa effekter p\u00e5 milj\u00f6n, samh\u00e4llet eller sociala faktorer som kan uppst\u00e5 direkt eller indirekt fr\u00e5n investeringsplatser.[\/vc_column_text][vc_empty_space height=&#8221;10px&#8221;][vc_column_text]P\u00e5 ett allm\u00e4nt...","og_url":"https:\/\/nordicbroker.fi\/sv\/vara-sfdr-principer\/","og_site_name":"Nordic Broker","article_modified_time":"2026-01-24T21:08:25+00:00","twitter_card":"summary_large_image","twitter_misc":{"Ber\u00e4knad l\u00e4stid":"3 minuter"},"schema":{"@context":"https:\/\/schema.org","@graph":[{"@type":"WebPage","@id":"https:\/\/nordicbroker.fi\/sv\/vara-sfdr-principer\/","url":"https:\/\/nordicbroker.fi\/sv\/vara-sfdr-principer\/","name":"V\u00e5ra SFDR-principer - Nordic Broker","isPartOf":{"@id":"https:\/\/nordicbroker.fi\/sv\/#website"},"datePublished":"2024-11-22T13:18:47+00:00","dateModified":"2026-01-24T21:08:25+00:00","breadcrumb":{"@id":"https:\/\/nordicbroker.fi\/sv\/vara-sfdr-principer\/#breadcrumb"},"inLanguage":"sv-SE","potentialAction":[{"@type":"ReadAction","target":["https:\/\/nordicbroker.fi\/sv\/vara-sfdr-principer\/"]}]},{"@type":"BreadcrumbList","@id":"https:\/\/nordicbroker.fi\/sv\/vara-sfdr-principer\/#breadcrumb","itemListElement":[{"@type":"ListItem","position":1,"name":"Home","item":"https:\/\/nordicbroker.fi\/sv\/"},{"@type":"ListItem","position":2,"name":"V\u00e5ra SFDR-principer"}]},{"@type":"WebSite","@id":"https:\/\/nordicbroker.fi\/sv\/#website","url":"https:\/\/nordicbroker.fi\/sv\/","name":"Nordic Broker","description":"Insuring the important","potentialAction":[{"@type":"SearchAction","target":{"@type":"EntryPoint","urlTemplate":"https:\/\/nordicbroker.fi\/sv\/?s={search_term_string}"},"query-input":{"@type":"PropertyValueSpecification","valueRequired":true,"valueName":"search_term_string"}}],"inLanguage":"sv-SE"}]}},"jetpack_sharing_enabled":true,"_links":{"self":[{"href":"https:\/\/nordicbroker.fi\/sv\/wp-json\/wp\/v2\/pages\/919"}],"collection":[{"href":"https:\/\/nordicbroker.fi\/sv\/wp-json\/wp\/v2\/pages"}],"about":[{"href":"https:\/\/nordicbroker.fi\/sv\/wp-json\/wp\/v2\/types\/page"}],"author":[{"embeddable":true,"href":"https:\/\/nordicbroker.fi\/sv\/wp-json\/wp\/v2\/users\/4"}],"replies":[{"embeddable":true,"href":"https:\/\/nordicbroker.fi\/sv\/wp-json\/wp\/v2\/comments?post=919"}],"version-history":[{"count":4,"href":"https:\/\/nordicbroker.fi\/sv\/wp-json\/wp\/v2\/pages\/919\/revisions"}],"predecessor-version":[{"id":942,"href":"https:\/\/nordicbroker.fi\/sv\/wp-json\/wp\/v2\/pages\/919\/revisions\/942"}],"wp:attachment":[{"href":"https:\/\/nordicbroker.fi\/sv\/wp-json\/wp\/v2\/media?parent=919"}],"curies":[{"name":"wp","href":"https:\/\/api.w.org\/{rel}","templated":true}]}}